{"id":73388,"date":"2025-05-05T19:04:24","date_gmt":"2025-05-05T17:04:24","guid":{"rendered":"https:\/\/www.gibbs.no\/?page_id=73388"},"modified":"2026-03-10T12:25:22","modified_gmt":"2026-03-10T11:25:22","slug":"tilgjengelighetserklaering","status":"publish","type":"page","link":"https:\/\/www.gibbs.no\/sv\/tilgjengelighetserklaering\/","title":{"rendered":"Tillg\u00e4nglighetsf\u00f6rklaring"},"content":{"rendered":"<div class=\"wp-block-uagb-container uagb-block-1dc3bfdb alignfull uagb-is-root-container\"><div class=\"uagb-container-inner-blocks-wrap\">\n<div class=\"wp-block-group has-black-color has-white-background-color has-text-color has-background\"><div class=\"wp-block-group__inner-container is-layout-constrained wp-block-group-is-layout-constrained\">\n<h2 class=\"wp-block-heading has-text-align-left has-black-color has-text-color\"><strong><strong>Tilgjengelighetserkl\u00e6ring for gibbs.no<\/strong><\/strong><\/h2>\n\n\n\n<div style=\"height:30px\" aria-hidden=\"true\" class=\"wp-block-spacer\"><\/div>\n\n\n\n<p>Vi arbeider kontinuerlig med \u00e5 forbedre universell utforming av gibbs.no. M\u00e5let v\u00e5rt er at alle brukere, uavhengig av funksjonsevne, skal ha like muligheter til \u00e5 bruke systemet.<\/p>\n\n\n\n<p>Gibbs bookingsystem er&nbsp;<strong>delvis i samsvar med WCAG 2.1 niv\u00e5 AA<\/strong>, og vi arbeider kontinuerlig med forbedringer av tilgjengeligheten i l\u00f8sningen.<\/p>\n\n\n\n<p>Gibbs utvikles i henhold til kravene i&nbsp;<strong>WCAG 2.1 niv\u00e5 AA<\/strong>&nbsp;og forskrift om universell utforming av IKT.<\/p>\n\n\n\n<p><strong>V\u00e5rt m\u00e5l<\/strong><\/p>\n\n\n\n<p>Vi arbeider for \u00e5:<\/p>\n\n\n\n<ul class=\"wp-block-list\">\n<li>Underh\u00e5lla och vidareutveckla en tillg\u00e4nglig webbplats.<\/li>\n\n\n\n<li>Sikre at l\u00f8sningen oppfyller minst\u00a0<strong>WCAG 2.1 niv\u00e5 AA<\/strong>.<\/li>\n\n\n\n<li>Tilpasse innhold og funksjonalitet slik at det f\u00f8lger gjeldende krav til universell utforming.<\/li>\n\n\n\n<li>F\u00f6lj f\u00f6reskrifter om universell utformning av IKT.<\/li>\n<\/ul>\n\n\n\n<p><strong>Tilgjengelighetsprinsipper vi f\u00f8lger<\/strong><\/p>\n\n\n\n<p>Vi jobber kontinuerlig med forbedringer og gjennomf\u00f8rer jevnlige gjennomganger for \u00e5 identifisere og rette eventuelle WCAG-avvik.<\/p>\n\n\n\n<p>Blant tiltakene vi arbeider med er:<\/p>\n\n\n\n<ul class=\"wp-block-list\">\n<li>Tydelige lenketekster slik at form\u00e5l og funksjon fremg\u00e5r klart.<\/li>\n\n\n\n<li>Mulighet for navigasjon med tastatur, med synlig fokus p\u00e5 elementer.<\/li>\n\n\n\n<li>Mulighet for \u00e5 forst\u00f8rre tekst i nettleseren.<\/li>\n\n\n\n<li>Riktig bruk av overskrifter og struktur for bedre lesbarhet.<\/li>\n\n\n\n<li>Tilstrekkelig fargekontrast mellom tekst og bakgrunn.<\/li>\n\n\n\n<li>Ledetekster og instruksjoner i skjemaer der brukeren m\u00e5 fylle ut informasjon.<\/li>\n\n\n\n<li>Alternativ tekst p\u00e5 bilder der dette er relevant.<\/li>\n\n\n\n<li>Strukturert kode som gj\u00f8r det mulig \u00e5 bruke skjermlesere.<\/li>\n\n\n\n<li>Innhold som presenteres i en logisk og meningsfull rekkef\u00f8lge.<\/li>\n\n\n\n<li>Videoer med lyd vil s\u00e5 langt det er mulig ha teksting eller beskrivende tekst.<\/li>\n<\/ul>\n\n\n\n<p><strong>Tilbakemelding om tilgjengelighet<\/strong><\/p>\n\n\n\n<p>Opplever du problemer med tilgjengeligheten p\u00e5 nettstedet, eller finner du innhold som ikke fungerer som forventet, setter vi stor pris p\u00e5 tilbakemelding.<\/p>\n\n\n\n<p>Du kan kontakte oss p\u00e5:<\/p>\n\n\n\n<p><a href=\"mailto:kontakt@gibbs.no\">kontakt@gibbs.no<\/a><\/p>\n\n\n\n<p class=\"has-text-align-left\" style=\"font-size:20px\"><strong>Sist oppdatert:<\/strong>&nbsp;2026<\/p>\n\n\n\n<div style=\"height:10px\" aria-hidden=\"true\" class=\"wp-block-spacer\"><\/div>\n\n\n\n<div style=\"height:20px\" aria-hidden=\"true\" class=\"wp-block-spacer\"><\/div>\n\n\n\n<div style=\"height:30px\" aria-hidden=\"true\" class=\"wp-block-spacer\"><\/div>\n<\/div><\/div>\n<\/div><\/div>","protected":false},"excerpt":{"rendered":"<p>Tilgjengelighetserkl\u00e6ring for gibbs.no Vi arbeider kontinuerlig med \u00e5 forbedre universell utforming av gibbs.no. M\u00e5let v\u00e5rt er at alle brukere, uavhengig av funksjonsevne, skal ha like muligheter til \u00e5 bruke systemet. Gibbs bookingsystem er&nbsp;delvis i samsvar med WCAG 2.1 niv\u00e5 AA, og vi arbeider kontinuerlig med forbedringer av tilgjengeligheten i l\u00f8sningen. Gibbs utvikles i henhold til [&hellip;]<\/p>","protected":false},"author":2,"featured_media":0,"parent":0,"menu_order":0,"comment_status":"closed","ping_status":"closed","template":"","meta":{"inline_featured_image":false,"_uag_custom_page_level_css":"","footnotes":""},"class_list":["post-73388","page","type-page","status-publish","hentry"],"yoast_head":"<!-- This site is optimized with the Yoast SEO plugin v20.8 - https:\/\/yoast.com\/wordpress\/plugins\/seo\/ -->\n<title>Tilgjengelighetserkl\u00e6ring - Gibbs.no - Bookingsystem<\/title>\n<meta name=\"robots\" content=\"index, nofollow, max-snippet:-1, max-image-preview:large, max-video-preview:-1\" \/>\n<link rel=\"canonical\" href=\"https:\/\/www.gibbs.no\/sv\/tilgjengelighetserklaering\/\" \/>\n<meta property=\"og:locale\" content=\"sv_SE\" \/>\n<meta property=\"og:type\" content=\"article\" \/>\n<meta property=\"og:title\" content=\"Tilgjengelighetserkl\u00e6ring - Gibbs.no - Bookingsystem\" \/>\n<meta property=\"og:description\" content=\"Tilgjengelighetserkl\u00e6ring for gibbs.no Vi arbeider kontinuerlig med \u00e5 forbedre universell utforming av gibbs.no. M\u00e5let v\u00e5rt er at alle brukere, uavhengig av funksjonsevne, skal ha like muligheter til \u00e5 bruke systemet. Gibbs bookingsystem er&nbsp;delvis i samsvar med WCAG 2.1 niv\u00e5 AA, og vi arbeider kontinuerlig med forbedringer av tilgjengeligheten i l\u00f8sningen. Gibbs utvikles i henhold til [&hellip;]\" \/>\n<meta property=\"og:url\" content=\"https:\/\/www.gibbs.no\/sv\/tilgjengelighetserklaering\/\" \/>\n<meta property=\"og:site_name\" content=\"Gibbs.no - Bookingsystem\" \/>\n<meta property=\"article:publisher\" content=\"https:\/\/www.facebook.com\/GibbsNorge\" \/>\n<meta property=\"article:modified_time\" content=\"2026-03-10T11:25:22+00:00\" \/>\n<meta property=\"og:image\" content=\"https:\/\/www.gibbs.no\/wp-content\/uploads\/2023\/10\/Gibbs-Bookingsystem.png\" \/>\n\t<meta property=\"og:image:width\" content=\"1200\" \/>\n\t<meta property=\"og:image:height\" content=\"630\" \/>\n\t<meta property=\"og:image:type\" content=\"image\/png\" \/>\n<meta name=\"twitter:card\" content=\"summary_large_image\" \/>\n<meta name=\"twitter:label1\" content=\"Est. reading time\" \/>\n\t<meta name=\"twitter:data1\" content=\"2 minutes\" \/>\n<script type=\"application\/ld+json\" class=\"yoast-schema-graph\">{\"@context\":\"https:\/\/schema.org\",\"@graph\":[{\"@type\":\"WebPage\",\"@id\":\"https:\/\/www.gibbs.no\/tilgjengelighetserklaering\/\",\"url\":\"https:\/\/www.gibbs.no\/tilgjengelighetserklaering\/\",\"name\":\"Tilgjengelighetserkl\u00e6ring - Gibbs.no - Bookingsystem\",\"isPartOf\":{\"@id\":\"https:\/\/www.gibbs.no\/#website\"},\"datePublished\":\"2025-05-05T17:04:24+00:00\",\"dateModified\":\"2026-03-10T11:25:22+00:00\",\"breadcrumb\":{\"@id\":\"https:\/\/www.gibbs.no\/tilgjengelighetserklaering\/#breadcrumb\"},\"inLanguage\":\"sv-SE\",\"potentialAction\":[{\"@type\":\"ReadAction\",\"target\":[\"https:\/\/www.gibbs.no\/tilgjengelighetserklaering\/\"]}]},{\"@type\":\"BreadcrumbList\",\"@id\":\"https:\/\/www.gibbs.no\/tilgjengelighetserklaering\/#breadcrumb\",\"itemListElement\":[{\"@type\":\"ListItem\",\"position\":1,\"name\":\"Home\",\"item\":\"https:\/\/www.gibbs.no\/\"},{\"@type\":\"ListItem\",\"position\":2,\"name\":\"Tilgjengelighetserkl\u00e6ring\"}]},{\"@type\":\"WebSite\",\"@id\":\"https:\/\/www.gibbs.no\/#website\",\"url\":\"https:\/\/www.gibbs.no\/\",\"name\":\"Gibbs.no\",\"description\":\"Bookingsystem - 1.Book 2.Betal 3.\u00c5pne\",\"publisher\":{\"@id\":\"https:\/\/www.gibbs.no\/#organization\"},\"potentialAction\":[{\"@type\":\"SearchAction\",\"target\":{\"@type\":\"EntryPoint\",\"urlTemplate\":\"https:\/\/www.gibbs.no\/?s={search_term_string}\"},\"query-input\":\"required name=search_term_string\"}],\"inLanguage\":\"sv-SE\"},{\"@type\":\"Organization\",\"@id\":\"https:\/\/www.gibbs.no\/#organization\",\"name\":\"Gibbs AS\",\"url\":\"https:\/\/www.gibbs.no\/\",\"logo\":{\"@type\":\"ImageObject\",\"inLanguage\":\"sv-SE\",\"@id\":\"https:\/\/www.gibbs.no\/#\/schema\/logo\/image\/\",\"url\":\"https:\/\/www.gibbs.no\/wp-content\/uploads\/2023\/11\/Gibbs-bookingsystem-logo.png\",\"contentUrl\":\"https:\/\/www.gibbs.no\/wp-content\/uploads\/2023\/11\/Gibbs-bookingsystem-logo.png\",\"width\":696,\"height\":696,\"caption\":\"Gibbs AS\"},\"image\":{\"@id\":\"https:\/\/www.gibbs.no\/#\/schema\/logo\/image\/\"},\"sameAs\":[\"https:\/\/www.facebook.com\/GibbsNorge\",\"https:\/\/www.linkedin.com\/company\/gibbsnorge\"]}]}<\/script>\n<!-- \/ Yoast SEO plugin. -->","yoast_head_json":{"title":"Tilgjengelighetserkl\u00e6ring - Gibbs.no - Bookingsystem","robots":{"index":"index","follow":"nofollow","max-snippet":"max-snippet:-1","max-image-preview":"max-image-preview:large","max-video-preview":"max-video-preview:-1"},"canonical":"https:\/\/www.gibbs.no\/sv\/tilgjengelighetserklaering\/","og_locale":"sv_SE","og_type":"article","og_title":"Tilgjengelighetserkl\u00e6ring - Gibbs.no - Bookingsystem","og_description":"Tilgjengelighetserkl\u00e6ring for gibbs.no Vi arbeider kontinuerlig med \u00e5 forbedre universell utforming av gibbs.no. M\u00e5let v\u00e5rt er at alle brukere, uavhengig av funksjonsevne, skal ha like muligheter til \u00e5 bruke systemet. Gibbs bookingsystem er&nbsp;delvis i samsvar med WCAG 2.1 niv\u00e5 AA, og vi arbeider kontinuerlig med forbedringer av tilgjengeligheten i l\u00f8sningen. Gibbs utvikles i henhold til [&hellip;]","og_url":"https:\/\/www.gibbs.no\/sv\/tilgjengelighetserklaering\/","og_site_name":"Gibbs.no - Bookingsystem","article_publisher":"https:\/\/www.facebook.com\/GibbsNorge","article_modified_time":"2026-03-10T11:25:22+00:00","og_image":[{"width":1200,"height":630,"url":"https:\/\/www.gibbs.no\/wp-content\/uploads\/2023\/10\/Gibbs-Bookingsystem.png","type":"image\/png"}],"twitter_card":"summary_large_image","twitter_misc":{"Est. reading time":"2 minutes"},"schema":{"@context":"https:\/\/schema.org","@graph":[{"@type":"WebPage","@id":"https:\/\/www.gibbs.no\/tilgjengelighetserklaering\/","url":"https:\/\/www.gibbs.no\/tilgjengelighetserklaering\/","name":"Tilgjengelighetserkl\u00e6ring - Gibbs.no - Bookingsystem","isPartOf":{"@id":"https:\/\/www.gibbs.no\/#website"},"datePublished":"2025-05-05T17:04:24+00:00","dateModified":"2026-03-10T11:25:22+00:00","breadcrumb":{"@id":"https:\/\/www.gibbs.no\/tilgjengelighetserklaering\/#breadcrumb"},"inLanguage":"sv-SE","potentialAction":[{"@type":"ReadAction","target":["https:\/\/www.gibbs.no\/tilgjengelighetserklaering\/"]}]},{"@type":"BreadcrumbList","@id":"https:\/\/www.gibbs.no\/tilgjengelighetserklaering\/#breadcrumb","itemListElement":[{"@type":"ListItem","position":1,"name":"Home","item":"https:\/\/www.gibbs.no\/"},{"@type":"ListItem","position":2,"name":"Tilgjengelighetserkl\u00e6ring"}]},{"@type":"WebSite","@id":"https:\/\/www.gibbs.no\/#website","url":"https:\/\/www.gibbs.no\/","name":"Gibbs.no","description":"Bookingsystem - 1.Book 2.Betal 3.\u00c5pne","publisher":{"@id":"https:\/\/www.gibbs.no\/#organization"},"potentialAction":[{"@type":"SearchAction","target":{"@type":"EntryPoint","urlTemplate":"https:\/\/www.gibbs.no\/?s={search_term_string}"},"query-input":"required name=search_term_string"}],"inLanguage":"sv-SE"},{"@type":"Organization","@id":"https:\/\/www.gibbs.no\/#organization","name":"Gibbs AS","url":"https:\/\/www.gibbs.no\/","logo":{"@type":"ImageObject","inLanguage":"sv-SE","@id":"https:\/\/www.gibbs.no\/#\/schema\/logo\/image\/","url":"https:\/\/www.gibbs.no\/wp-content\/uploads\/2023\/11\/Gibbs-bookingsystem-logo.png","contentUrl":"https:\/\/www.gibbs.no\/wp-content\/uploads\/2023\/11\/Gibbs-bookingsystem-logo.png","width":696,"height":696,"caption":"Gibbs AS"},"image":{"@id":"https:\/\/www.gibbs.no\/#\/schema\/logo\/image\/"},"sameAs":["https:\/\/www.facebook.com\/GibbsNorge","https:\/\/www.linkedin.com\/company\/gibbsnorge"]}]}},"uagb_featured_image_src":{"full":false,"thumbnail":false,"medium":false,"medium_large":false,"large":false,"1536x1536":false,"2048x2048":false,"trp-custom-language-flag":false,"post-thumbnail":false,"listeo-avatar":false,"listeo-blog-post":false,"listeo-blog-related-post":false,"listeo-post-thumb":false,"listeo-gallery":false,"listeo-listing-grid":false,"listeo_core-avatar":false,"listeo_core-preview":false,"woocommerce_thumbnail":false,"woocommerce_single":false,"woocommerce_gallery_thumbnail":false},"uagb_author_info":{"display_name":"Gibbs Priv","author_link":"https:\/\/www.gibbs.no\/sv\/author\/abdi-yusuf\/"},"uagb_comment_info":0,"uagb_excerpt":"Tilgjengelighetserkl\u00e6ring for gibbs.no Vi arbeider kontinuerlig med \u00e5 forbedre universell utforming av gibbs.no. M\u00e5let v\u00e5rt er at alle brukere, uavhengig av funksjonsevne, skal ha like muligheter til \u00e5 bruke systemet. Gibbs bookingsystem er&nbsp;delvis i samsvar med WCAG 2.1 niv\u00e5 AA, og vi arbeider kontinuerlig med forbedringer av tilgjengeligheten i l\u00f8sningen. Gibbs utvikles i henhold til&hellip;","_links":{"self":[{"href":"https:\/\/www.gibbs.no\/sv\/wp-json\/wp\/v2\/pages\/73388","targetHints":{"allow":["GET"]}}],"collection":[{"href":"https:\/\/www.gibbs.no\/sv\/wp-json\/wp\/v2\/pages"}],"about":[{"href":"https:\/\/www.gibbs.no\/sv\/wp-json\/wp\/v2\/types\/page"}],"author":[{"embeddable":true,"href":"https:\/\/www.gibbs.no\/sv\/wp-json\/wp\/v2\/users\/2"}],"replies":[{"embeddable":true,"href":"https:\/\/www.gibbs.no\/sv\/wp-json\/wp\/v2\/comments?post=73388"}],"version-history":[{"count":3,"href":"https:\/\/www.gibbs.no\/sv\/wp-json\/wp\/v2\/pages\/73388\/revisions"}],"predecessor-version":[{"id":127005,"href":"https:\/\/www.gibbs.no\/sv\/wp-json\/wp\/v2\/pages\/73388\/revisions\/127005"}],"wp:attachment":[{"href":"https:\/\/www.gibbs.no\/sv\/wp-json\/wp\/v2\/media?parent=73388"}],"curies":[{"name":"wp","href":"https:\/\/api.w.org\/{rel}","templated":true}]}}