{"id":15749,"date":"2023-10-02T13:13:37","date_gmt":"2023-10-02T11:13:37","guid":{"rendered":"https:\/\/www.gibbs.no\/?page_id=15749"},"modified":"2023-10-06T21:43:28","modified_gmt":"2023-10-06T19:43:28","slug":"rabattkoder-kuponger","status":"publish","type":"page","link":"https:\/\/www.gibbs.no\/sv\/funksjoner\/rabattkoder-kuponger\/","title":{"rendered":"Rabattkoder\/Kuponger"},"content":{"rendered":"<p>Med kuponger kan hyresv\u00e4rdar ge procentuell rabatt p\u00e5 hyrespriset eller ett fast beloppsrabatt p\u00e5 totalpriset. Hyresv\u00e4rdar kan ocks\u00e5 st\u00e4lla in en begr\u00e4nsad tidsperiod f\u00f6r vouchern och begr\u00e4nsa antalet g\u00e5nger den kan anv\u00e4ndas. Kuponger kan skickas till hyresg\u00e4ster via e-post. P\u00e5 s\u00e5 s\u00e4tt kan hyresv\u00e4rdar attrahera fler hyresg\u00e4ster och \u00f6ka deras inkomstfl\u00f6de genom kampanjer.<\/p>\n\n\n\n<figure class=\"wp-block-image\"><img decoding=\"async\" src=\"https:\/\/gibbs-produkter.no\/wp-content\/uploads\/2023\/05\/kuponger-1024x519.png\" alt=\"\" class=\"wp-image-8917\"\/><\/figure>","protected":false},"excerpt":{"rendered":"<p>Med kuponger kan hyresv\u00e4rdar ge procentuell rabatt p\u00e5 hyrespriset eller ett fast beloppsrabatt p\u00e5 totalpriset. Hyresv\u00e4rdar kan ocks\u00e5 st\u00e4lla in en begr\u00e4nsad tidsperiod f\u00f6r vouchern och begr\u00e4nsa antalet g\u00e5nger den kan anv\u00e4ndas. Kuponger kan skickas till hyresg\u00e4ster via e-post. P\u00e5 s\u00e5 s\u00e4tt kan hyresv\u00e4rdar attrahera fler hyresg\u00e4ster och \u00f6ka deras inkomstfl\u00f6de genom kampanjer.<\/p>","protected":false},"author":1,"featured_media":0,"parent":15567,"menu_order":0,"comment_status":"closed","ping_status":"closed","template":"page-template-popup.php","meta":{"inline_featured_image":false,"_uag_custom_page_level_css":"","footnotes":""},"class_list":["post-15749","page","type-page","status-publish","hentry"],"yoast_head":"<!-- This site is optimized with the Yoast SEO plugin v20.8 - https:\/\/yoast.com\/wordpress\/plugins\/seo\/ -->\n<title>Rabattkoder\/Kuponger - Gibbs.no - Bookingsystem<\/title>\n<meta name=\"robots\" content=\"index, follow, max-snippet:-1, max-image-preview:large, max-video-preview:-1\" \/>\n<link rel=\"canonical\" href=\"https:\/\/www.gibbs.no\/sv\/funksjoner\/rabattkoder-kuponger\/\" \/>\n<meta property=\"og:locale\" content=\"sv_SE\" \/>\n<meta property=\"og:type\" content=\"article\" \/>\n<meta property=\"og:title\" content=\"Rabattkoder\/Kuponger - Gibbs.no - Bookingsystem\" \/>\n<meta property=\"og:description\" content=\"Med kuponger kan utleiere gi en prosentandel rabatt p\u00e5 leieprisen eller fast bel\u00f8p avslag p\u00e5 totalprisen. Utleiere kan ogs\u00e5 angi en begrenset tidsperiode for kupongen og begrense antall ganger den kan brukes. Kuponger kan sendes til leietakere via e-post. P\u00e5 denne m\u00e5ten kan utleiere tiltrekke seg flere leietakere og \u00f8ke inntektsstr\u00f8mmen gjennom kampanjer.\" \/>\n<meta property=\"og:url\" content=\"https:\/\/www.gibbs.no\/sv\/funksjoner\/rabattkoder-kuponger\/\" \/>\n<meta property=\"og:site_name\" content=\"Gibbs.no - Bookingsystem\" \/>\n<meta property=\"article:publisher\" content=\"https:\/\/www.facebook.com\/GibbsNorge\" \/>\n<meta property=\"article:modified_time\" content=\"2023-10-06T19:43:28+00:00\" \/>\n<meta property=\"og:image\" content=\"https:\/\/gibbs-produkter.no\/wp-content\/uploads\/2023\/05\/kuponger-1024x519.png\" \/>\n<meta name=\"twitter:card\" content=\"summary_large_image\" \/>\n<script type=\"application\/ld+json\" class=\"yoast-schema-graph\">{\"@context\":\"https:\/\/schema.org\",\"@graph\":[{\"@type\":\"WebPage\",\"@id\":\"https:\/\/www.gibbs.no\/funksjoner\/rabattkoder-kuponger\/\",\"url\":\"https:\/\/www.gibbs.no\/funksjoner\/rabattkoder-kuponger\/\",\"name\":\"Rabattkoder\/Kuponger - Gibbs.no - Bookingsystem\",\"isPartOf\":{\"@id\":\"https:\/\/www.gibbs.no\/#website\"},\"datePublished\":\"2023-10-02T11:13:37+00:00\",\"dateModified\":\"2023-10-06T19:43:28+00:00\",\"breadcrumb\":{\"@id\":\"https:\/\/www.gibbs.no\/funksjoner\/rabattkoder-kuponger\/#breadcrumb\"},\"inLanguage\":\"sv-SE\",\"potentialAction\":[{\"@type\":\"ReadAction\",\"target\":[\"https:\/\/www.gibbs.no\/funksjoner\/rabattkoder-kuponger\/\"]}]},{\"@type\":\"BreadcrumbList\",\"@id\":\"https:\/\/www.gibbs.no\/funksjoner\/rabattkoder-kuponger\/#breadcrumb\",\"itemListElement\":[{\"@type\":\"ListItem\",\"position\":1,\"name\":\"Home\",\"item\":\"https:\/\/www.gibbs.no\/\"},{\"@type\":\"ListItem\",\"position\":2,\"name\":\"Funksjoner\",\"item\":\"https:\/\/www.gibbs.no\/funksjoner\/\"},{\"@type\":\"ListItem\",\"position\":3,\"name\":\"Rabattkoder\/Kuponger\"}]},{\"@type\":\"WebSite\",\"@id\":\"https:\/\/www.gibbs.no\/#website\",\"url\":\"https:\/\/www.gibbs.no\/\",\"name\":\"Gibbs.no\",\"description\":\"Bookingsystem - 1.Book 2.Betal 3.\u00c5pne\",\"publisher\":{\"@id\":\"https:\/\/www.gibbs.no\/#organization\"},\"potentialAction\":[{\"@type\":\"SearchAction\",\"target\":{\"@type\":\"EntryPoint\",\"urlTemplate\":\"https:\/\/www.gibbs.no\/?s={search_term_string}\"},\"query-input\":\"required name=search_term_string\"}],\"inLanguage\":\"sv-SE\"},{\"@type\":\"Organization\",\"@id\":\"https:\/\/www.gibbs.no\/#organization\",\"name\":\"Gibbs AS\",\"url\":\"https:\/\/www.gibbs.no\/\",\"logo\":{\"@type\":\"ImageObject\",\"inLanguage\":\"sv-SE\",\"@id\":\"https:\/\/www.gibbs.no\/#\/schema\/logo\/image\/\",\"url\":\"https:\/\/www.gibbs.no\/wp-content\/uploads\/2023\/11\/Gibbs-bookingsystem-logo.png\",\"contentUrl\":\"https:\/\/www.gibbs.no\/wp-content\/uploads\/2023\/11\/Gibbs-bookingsystem-logo.png\",\"width\":696,\"height\":696,\"caption\":\"Gibbs AS\"},\"image\":{\"@id\":\"https:\/\/www.gibbs.no\/#\/schema\/logo\/image\/\"},\"sameAs\":[\"https:\/\/www.facebook.com\/GibbsNorge\",\"https:\/\/www.linkedin.com\/company\/gibbsnorge\"]}]}<\/script>\n<!-- \/ Yoast SEO plugin. -->","yoast_head_json":{"title":"Rabattkoder\/Kuponger - Gibbs.no - Bookingsystem","robots":{"index":"index","follow":"follow","max-snippet":"max-snippet:-1","max-image-preview":"max-image-preview:large","max-video-preview":"max-video-preview:-1"},"canonical":"https:\/\/www.gibbs.no\/sv\/funksjoner\/rabattkoder-kuponger\/","og_locale":"sv_SE","og_type":"article","og_title":"Rabattkoder\/Kuponger - Gibbs.no - Bookingsystem","og_description":"Med kuponger kan utleiere gi en prosentandel rabatt p\u00e5 leieprisen eller fast bel\u00f8p avslag p\u00e5 totalprisen. Utleiere kan ogs\u00e5 angi en begrenset tidsperiode for kupongen og begrense antall ganger den kan brukes. Kuponger kan sendes til leietakere via e-post. P\u00e5 denne m\u00e5ten kan utleiere tiltrekke seg flere leietakere og \u00f8ke inntektsstr\u00f8mmen gjennom kampanjer.","og_url":"https:\/\/www.gibbs.no\/sv\/funksjoner\/rabattkoder-kuponger\/","og_site_name":"Gibbs.no - Bookingsystem","article_publisher":"https:\/\/www.facebook.com\/GibbsNorge","article_modified_time":"2023-10-06T19:43:28+00:00","og_image":[{"url":"https:\/\/gibbs-produkter.no\/wp-content\/uploads\/2023\/05\/kuponger-1024x519.png"}],"twitter_card":"summary_large_image","schema":{"@context":"https:\/\/schema.org","@graph":[{"@type":"WebPage","@id":"https:\/\/www.gibbs.no\/funksjoner\/rabattkoder-kuponger\/","url":"https:\/\/www.gibbs.no\/funksjoner\/rabattkoder-kuponger\/","name":"Rabattkoder\/Kuponger - Gibbs.no - Bookingsystem","isPartOf":{"@id":"https:\/\/www.gibbs.no\/#website"},"datePublished":"2023-10-02T11:13:37+00:00","dateModified":"2023-10-06T19:43:28+00:00","breadcrumb":{"@id":"https:\/\/www.gibbs.no\/funksjoner\/rabattkoder-kuponger\/#breadcrumb"},"inLanguage":"sv-SE","potentialAction":[{"@type":"ReadAction","target":["https:\/\/www.gibbs.no\/funksjoner\/rabattkoder-kuponger\/"]}]},{"@type":"BreadcrumbList","@id":"https:\/\/www.gibbs.no\/funksjoner\/rabattkoder-kuponger\/#breadcrumb","itemListElement":[{"@type":"ListItem","position":1,"name":"Home","item":"https:\/\/www.gibbs.no\/"},{"@type":"ListItem","position":2,"name":"Funksjoner","item":"https:\/\/www.gibbs.no\/funksjoner\/"},{"@type":"ListItem","position":3,"name":"Rabattkoder\/Kuponger"}]},{"@type":"WebSite","@id":"https:\/\/www.gibbs.no\/#website","url":"https:\/\/www.gibbs.no\/","name":"Gibbs.no","description":"Bookingsystem - 1.Book 2.Betal 3.\u00c5pne","publisher":{"@id":"https:\/\/www.gibbs.no\/#organization"},"potentialAction":[{"@type":"SearchAction","target":{"@type":"EntryPoint","urlTemplate":"https:\/\/www.gibbs.no\/?s={search_term_string}"},"query-input":"required name=search_term_string"}],"inLanguage":"sv-SE"},{"@type":"Organization","@id":"https:\/\/www.gibbs.no\/#organization","name":"Gibbs AS","url":"https:\/\/www.gibbs.no\/","logo":{"@type":"ImageObject","inLanguage":"sv-SE","@id":"https:\/\/www.gibbs.no\/#\/schema\/logo\/image\/","url":"https:\/\/www.gibbs.no\/wp-content\/uploads\/2023\/11\/Gibbs-bookingsystem-logo.png","contentUrl":"https:\/\/www.gibbs.no\/wp-content\/uploads\/2023\/11\/Gibbs-bookingsystem-logo.png","width":696,"height":696,"caption":"Gibbs AS"},"image":{"@id":"https:\/\/www.gibbs.no\/#\/schema\/logo\/image\/"},"sameAs":["https:\/\/www.facebook.com\/GibbsNorge","https:\/\/www.linkedin.com\/company\/gibbsnorge"]}]}},"uagb_featured_image_src":{"full":false,"thumbnail":false,"medium":false,"medium_large":false,"large":false,"1536x1536":false,"2048x2048":false,"trp-custom-language-flag":false,"post-thumbnail":false,"listeo-avatar":false,"listeo-blog-post":false,"listeo-blog-related-post":false,"listeo-post-thumb":false,"listeo-gallery":false,"listeo-listing-grid":false,"listeo_core-avatar":false,"listeo_core-preview":false,"woocommerce_thumbnail":false,"woocommerce_single":false,"woocommerce_gallery_thumbnail":false},"uagb_author_info":{"display_name":"Gibbs k","author_link":"https:\/\/www.gibbs.no\/sv\/author\/kamil-gryga94gmail-com\/"},"uagb_comment_info":0,"uagb_excerpt":"Med kuponger kan utleiere gi en prosentandel rabatt p\u00e5 leieprisen eller fast bel\u00f8p avslag p\u00e5 totalprisen. Utleiere kan ogs\u00e5 angi en begrenset tidsperiode for kupongen og begrense antall ganger den kan brukes. Kuponger kan sendes til leietakere via e-post. P\u00e5 denne m\u00e5ten kan utleiere tiltrekke seg flere leietakere og \u00f8ke inntektsstr\u00f8mmen gjennom kampanjer.","_links":{"self":[{"href":"https:\/\/www.gibbs.no\/sv\/wp-json\/wp\/v2\/pages\/15749","targetHints":{"allow":["GET"]}}],"collection":[{"href":"https:\/\/www.gibbs.no\/sv\/wp-json\/wp\/v2\/pages"}],"about":[{"href":"https:\/\/www.gibbs.no\/sv\/wp-json\/wp\/v2\/types\/page"}],"author":[{"embeddable":true,"href":"https:\/\/www.gibbs.no\/sv\/wp-json\/wp\/v2\/users\/1"}],"replies":[{"embeddable":true,"href":"https:\/\/www.gibbs.no\/sv\/wp-json\/wp\/v2\/comments?post=15749"}],"version-history":[{"count":1,"href":"https:\/\/www.gibbs.no\/sv\/wp-json\/wp\/v2\/pages\/15749\/revisions"}],"predecessor-version":[{"id":15750,"href":"https:\/\/www.gibbs.no\/sv\/wp-json\/wp\/v2\/pages\/15749\/revisions\/15750"}],"up":[{"embeddable":true,"href":"https:\/\/www.gibbs.no\/sv\/wp-json\/wp\/v2\/pages\/15567"}],"wp:attachment":[{"href":"https:\/\/www.gibbs.no\/sv\/wp-json\/wp\/v2\/media?parent=15749"}],"curies":[{"name":"wp","href":"https:\/\/api.w.org\/{rel}","templated":true}]}}