{"id":15740,"date":"2023-10-02T13:07:26","date_gmt":"2023-10-02T11:07:26","guid":{"rendered":"https:\/\/www.gibbs.no\/?page_id=15740"},"modified":"2023-10-07T21:31:07","modified_gmt":"2023-10-07T19:31:07","slug":"omtalesystem","status":"publish","type":"page","link":"https:\/\/www.gibbs.no\/sv\/funksjoner\/omtalesystem\/","title":{"rendered":"Remisssystem"},"content":{"rendered":"<p>Recensioner kan ge v\u00e4rdefulla insikter f\u00f6r potentiella kunder om kvaliteten p\u00e5 tj\u00e4nsten, samtidigt som hyresv\u00e4rden f\u00e5r en m\u00f6jlighet att l\u00e4ra sig vad de g\u00f6r bra och vad som kan f\u00f6rb\u00e4ttras. I vissa fall kan recensioner inaktiveras f\u00f6r olika hyresfastigheter - kontakta Gibbs-teamet f\u00f6r mer information om detta.<\/p>\n\n\n\n<p>Vi arbetar nu \u00e4ven med att integrera redan given feedback fr\u00e5n andra l\u00f6sningar, s\u00e5 att du kan presentera dessa f\u00f6r potentiella kunder.<\/p>\n\n\n\n<figure class=\"wp-block-image size-full\"><img loading=\"lazy\" decoding=\"async\" width=\"794\" height=\"725\" src=\"https:\/\/www.gibbs.no\/wp-content\/uploads\/2023\/10\/omtaler.png\" alt=\"\" class=\"wp-image-17031\" srcset=\"https:\/\/www.gibbs.no\/wp-content\/uploads\/2023\/10\/omtaler.png 794w, https:\/\/www.gibbs.no\/wp-content\/uploads\/2023\/10\/omtaler-300x274.png 300w, https:\/\/www.gibbs.no\/wp-content\/uploads\/2023\/10\/omtaler-768x701.png 768w, https:\/\/www.gibbs.no\/wp-content\/uploads\/2023\/10\/omtaler-13x12.png 13w, https:\/\/www.gibbs.no\/wp-content\/uploads\/2023\/10\/omtaler-590x539.png 590w, https:\/\/www.gibbs.no\/wp-content\/uploads\/2023\/10\/omtaler-734x670.png 734w, https:\/\/www.gibbs.no\/wp-content\/uploads\/2023\/10\/omtaler-577x527.png 577w, https:\/\/www.gibbs.no\/wp-content\/uploads\/2023\/10\/omtaler-600x548.png 600w\" sizes=\"auto, (max-width: 794px) 100vw, 794px\" \/><\/figure>","protected":false},"excerpt":{"rendered":"<p>Omtaler kan gi verdifull innsikt for potensielle kunder om kvaliteten p\u00e5 tjenesten, samtidig som de gir utleieren en mulighet til \u00e5 f\u00e5 vite hva de gj\u00f8r bra og hva som kan forbedres. I noen tilfeller kan omtaler deaktiveres for ulike utleieobjekter &#8211; kontakt Gibbsteamet for \u00e5 f\u00e5 mer informasjon om dette. Vi jobber ogs\u00e5 n\u00e5 [&hellip;]<\/p>","protected":false},"author":1,"featured_media":0,"parent":15567,"menu_order":0,"comment_status":"closed","ping_status":"closed","template":"page-template-popup.php","meta":{"inline_featured_image":false,"_uag_custom_page_level_css":"","footnotes":""},"class_list":["post-15740","page","type-page","status-publish","hentry"],"yoast_head":"<!-- This site is optimized with the Yoast SEO plugin v20.8 - https:\/\/yoast.com\/wordpress\/plugins\/seo\/ -->\n<title>Omtalesystem - Gibbs.no - Bookingsystem<\/title>\n<meta name=\"robots\" content=\"index, follow, max-snippet:-1, max-image-preview:large, max-video-preview:-1\" \/>\n<link rel=\"canonical\" href=\"https:\/\/www.gibbs.no\/sv\/funksjoner\/omtalesystem\/\" \/>\n<meta property=\"og:locale\" content=\"sv_SE\" \/>\n<meta property=\"og:type\" content=\"article\" \/>\n<meta property=\"og:title\" content=\"Omtalesystem - Gibbs.no - Bookingsystem\" \/>\n<meta property=\"og:description\" content=\"Omtaler kan gi verdifull innsikt for potensielle kunder om kvaliteten p\u00e5 tjenesten, samtidig som de gir utleieren en mulighet til \u00e5 f\u00e5 vite hva de gj\u00f8r bra og hva som kan forbedres. I noen tilfeller kan omtaler deaktiveres for ulike utleieobjekter &#8211; kontakt Gibbsteamet for \u00e5 f\u00e5 mer informasjon om dette. Vi jobber ogs\u00e5 n\u00e5 [&hellip;]\" \/>\n<meta property=\"og:url\" content=\"https:\/\/www.gibbs.no\/sv\/funksjoner\/omtalesystem\/\" \/>\n<meta property=\"og:site_name\" content=\"Gibbs.no - Bookingsystem\" \/>\n<meta property=\"article:publisher\" content=\"https:\/\/www.facebook.com\/GibbsNorge\" \/>\n<meta property=\"article:modified_time\" content=\"2023-10-07T19:31:07+00:00\" \/>\n<meta property=\"og:image\" content=\"https:\/\/www.gibbs.no\/wp-content\/uploads\/2023\/10\/omtaler.png\" \/>\n<meta name=\"twitter:card\" content=\"summary_large_image\" \/>\n<script type=\"application\/ld+json\" class=\"yoast-schema-graph\">{\"@context\":\"https:\/\/schema.org\",\"@graph\":[{\"@type\":\"WebPage\",\"@id\":\"https:\/\/www.gibbs.no\/funksjoner\/omtalesystem\/\",\"url\":\"https:\/\/www.gibbs.no\/funksjoner\/omtalesystem\/\",\"name\":\"Omtalesystem - Gibbs.no - Bookingsystem\",\"isPartOf\":{\"@id\":\"https:\/\/www.gibbs.no\/#website\"},\"datePublished\":\"2023-10-02T11:07:26+00:00\",\"dateModified\":\"2023-10-07T19:31:07+00:00\",\"breadcrumb\":{\"@id\":\"https:\/\/www.gibbs.no\/funksjoner\/omtalesystem\/#breadcrumb\"},\"inLanguage\":\"sv-SE\",\"potentialAction\":[{\"@type\":\"ReadAction\",\"target\":[\"https:\/\/www.gibbs.no\/funksjoner\/omtalesystem\/\"]}]},{\"@type\":\"BreadcrumbList\",\"@id\":\"https:\/\/www.gibbs.no\/funksjoner\/omtalesystem\/#breadcrumb\",\"itemListElement\":[{\"@type\":\"ListItem\",\"position\":1,\"name\":\"Home\",\"item\":\"https:\/\/www.gibbs.no\/\"},{\"@type\":\"ListItem\",\"position\":2,\"name\":\"Funksjoner\",\"item\":\"https:\/\/www.gibbs.no\/funksjoner\/\"},{\"@type\":\"ListItem\",\"position\":3,\"name\":\"Omtalesystem\"}]},{\"@type\":\"WebSite\",\"@id\":\"https:\/\/www.gibbs.no\/#website\",\"url\":\"https:\/\/www.gibbs.no\/\",\"name\":\"Gibbs.no\",\"description\":\"Bookingsystem - 1.Book 2.Betal 3.\u00c5pne\",\"publisher\":{\"@id\":\"https:\/\/www.gibbs.no\/#organization\"},\"potentialAction\":[{\"@type\":\"SearchAction\",\"target\":{\"@type\":\"EntryPoint\",\"urlTemplate\":\"https:\/\/www.gibbs.no\/?s={search_term_string}\"},\"query-input\":\"required name=search_term_string\"}],\"inLanguage\":\"sv-SE\"},{\"@type\":\"Organization\",\"@id\":\"https:\/\/www.gibbs.no\/#organization\",\"name\":\"Gibbs AS\",\"url\":\"https:\/\/www.gibbs.no\/\",\"logo\":{\"@type\":\"ImageObject\",\"inLanguage\":\"sv-SE\",\"@id\":\"https:\/\/www.gibbs.no\/#\/schema\/logo\/image\/\",\"url\":\"https:\/\/www.gibbs.no\/wp-content\/uploads\/2023\/11\/Gibbs-bookingsystem-logo.png\",\"contentUrl\":\"https:\/\/www.gibbs.no\/wp-content\/uploads\/2023\/11\/Gibbs-bookingsystem-logo.png\",\"width\":696,\"height\":696,\"caption\":\"Gibbs AS\"},\"image\":{\"@id\":\"https:\/\/www.gibbs.no\/#\/schema\/logo\/image\/\"},\"sameAs\":[\"https:\/\/www.facebook.com\/GibbsNorge\",\"https:\/\/www.linkedin.com\/company\/gibbsnorge\"]}]}<\/script>\n<!-- \/ Yoast SEO plugin. -->","yoast_head_json":{"title":"Omtalesystem - Gibbs.no - Bookingsystem","robots":{"index":"index","follow":"follow","max-snippet":"max-snippet:-1","max-image-preview":"max-image-preview:large","max-video-preview":"max-video-preview:-1"},"canonical":"https:\/\/www.gibbs.no\/sv\/funksjoner\/omtalesystem\/","og_locale":"sv_SE","og_type":"article","og_title":"Omtalesystem - Gibbs.no - Bookingsystem","og_description":"Omtaler kan gi verdifull innsikt for potensielle kunder om kvaliteten p\u00e5 tjenesten, samtidig som de gir utleieren en mulighet til \u00e5 f\u00e5 vite hva de gj\u00f8r bra og hva som kan forbedres. I noen tilfeller kan omtaler deaktiveres for ulike utleieobjekter &#8211; kontakt Gibbsteamet for \u00e5 f\u00e5 mer informasjon om dette. Vi jobber ogs\u00e5 n\u00e5 [&hellip;]","og_url":"https:\/\/www.gibbs.no\/sv\/funksjoner\/omtalesystem\/","og_site_name":"Gibbs.no - Bookingsystem","article_publisher":"https:\/\/www.facebook.com\/GibbsNorge","article_modified_time":"2023-10-07T19:31:07+00:00","og_image":[{"url":"https:\/\/www.gibbs.no\/wp-content\/uploads\/2023\/10\/omtaler.png"}],"twitter_card":"summary_large_image","schema":{"@context":"https:\/\/schema.org","@graph":[{"@type":"WebPage","@id":"https:\/\/www.gibbs.no\/funksjoner\/omtalesystem\/","url":"https:\/\/www.gibbs.no\/funksjoner\/omtalesystem\/","name":"Omtalesystem - Gibbs.no - Bookingsystem","isPartOf":{"@id":"https:\/\/www.gibbs.no\/#website"},"datePublished":"2023-10-02T11:07:26+00:00","dateModified":"2023-10-07T19:31:07+00:00","breadcrumb":{"@id":"https:\/\/www.gibbs.no\/funksjoner\/omtalesystem\/#breadcrumb"},"inLanguage":"sv-SE","potentialAction":[{"@type":"ReadAction","target":["https:\/\/www.gibbs.no\/funksjoner\/omtalesystem\/"]}]},{"@type":"BreadcrumbList","@id":"https:\/\/www.gibbs.no\/funksjoner\/omtalesystem\/#breadcrumb","itemListElement":[{"@type":"ListItem","position":1,"name":"Home","item":"https:\/\/www.gibbs.no\/"},{"@type":"ListItem","position":2,"name":"Funksjoner","item":"https:\/\/www.gibbs.no\/funksjoner\/"},{"@type":"ListItem","position":3,"name":"Omtalesystem"}]},{"@type":"WebSite","@id":"https:\/\/www.gibbs.no\/#website","url":"https:\/\/www.gibbs.no\/","name":"Gibbs.no","description":"Bookingsystem - 1.Book 2.Betal 3.\u00c5pne","publisher":{"@id":"https:\/\/www.gibbs.no\/#organization"},"potentialAction":[{"@type":"SearchAction","target":{"@type":"EntryPoint","urlTemplate":"https:\/\/www.gibbs.no\/?s={search_term_string}"},"query-input":"required name=search_term_string"}],"inLanguage":"sv-SE"},{"@type":"Organization","@id":"https:\/\/www.gibbs.no\/#organization","name":"Gibbs AS","url":"https:\/\/www.gibbs.no\/","logo":{"@type":"ImageObject","inLanguage":"sv-SE","@id":"https:\/\/www.gibbs.no\/#\/schema\/logo\/image\/","url":"https:\/\/www.gibbs.no\/wp-content\/uploads\/2023\/11\/Gibbs-bookingsystem-logo.png","contentUrl":"https:\/\/www.gibbs.no\/wp-content\/uploads\/2023\/11\/Gibbs-bookingsystem-logo.png","width":696,"height":696,"caption":"Gibbs AS"},"image":{"@id":"https:\/\/www.gibbs.no\/#\/schema\/logo\/image\/"},"sameAs":["https:\/\/www.facebook.com\/GibbsNorge","https:\/\/www.linkedin.com\/company\/gibbsnorge"]}]}},"uagb_featured_image_src":{"full":false,"thumbnail":false,"medium":false,"medium_large":false,"large":false,"1536x1536":false,"2048x2048":false,"trp-custom-language-flag":false,"post-thumbnail":false,"listeo-avatar":false,"listeo-blog-post":false,"listeo-blog-related-post":false,"listeo-post-thumb":false,"listeo-gallery":false,"listeo-listing-grid":false,"listeo_core-avatar":false,"listeo_core-preview":false,"woocommerce_thumbnail":false,"woocommerce_single":false,"woocommerce_gallery_thumbnail":false},"uagb_author_info":{"display_name":"Gibbs k","author_link":"https:\/\/www.gibbs.no\/sv\/author\/kamil-gryga94gmail-com\/"},"uagb_comment_info":0,"uagb_excerpt":"Omtaler kan gi verdifull innsikt for potensielle kunder om kvaliteten p\u00e5 tjenesten, samtidig som de gir utleieren en mulighet til \u00e5 f\u00e5 vite hva de gj\u00f8r bra og hva som kan forbedres. I noen tilfeller kan omtaler deaktiveres for ulike utleieobjekter &#8211; kontakt Gibbsteamet for \u00e5 f\u00e5 mer informasjon om dette. Vi jobber ogs\u00e5 n\u00e5&hellip;","_links":{"self":[{"href":"https:\/\/www.gibbs.no\/sv\/wp-json\/wp\/v2\/pages\/15740","targetHints":{"allow":["GET"]}}],"collection":[{"href":"https:\/\/www.gibbs.no\/sv\/wp-json\/wp\/v2\/pages"}],"about":[{"href":"https:\/\/www.gibbs.no\/sv\/wp-json\/wp\/v2\/types\/page"}],"author":[{"embeddable":true,"href":"https:\/\/www.gibbs.no\/sv\/wp-json\/wp\/v2\/users\/1"}],"replies":[{"embeddable":true,"href":"https:\/\/www.gibbs.no\/sv\/wp-json\/wp\/v2\/comments?post=15740"}],"version-history":[{"count":2,"href":"https:\/\/www.gibbs.no\/sv\/wp-json\/wp\/v2\/pages\/15740\/revisions"}],"predecessor-version":[{"id":17040,"href":"https:\/\/www.gibbs.no\/sv\/wp-json\/wp\/v2\/pages\/15740\/revisions\/17040"}],"up":[{"embeddable":true,"href":"https:\/\/www.gibbs.no\/sv\/wp-json\/wp\/v2\/pages\/15567"}],"wp:attachment":[{"href":"https:\/\/www.gibbs.no\/sv\/wp-json\/wp\/v2\/media?parent=15740"}],"curies":[{"name":"wp","href":"https:\/\/api.w.org\/{rel}","templated":true}]}}