{"id":15704,"date":"2023-10-01T21:16:26","date_gmt":"2023-10-01T19:16:26","guid":{"rendered":"https:\/\/www.gibbs.no\/?page_id=15704"},"modified":"2023-10-07T21:19:30","modified_gmt":"2023-10-07T19:19:30","slug":"dognbasert-utleie","status":"publish","type":"page","link":"https:\/\/www.gibbs.no\/sv\/funksjoner\/dognbasert-utleie\/","title":{"rendered":"24-timmarsuthyrning"},"content":{"rendered":"<p>24-timmarsuthyrning l\u00e4mpar sig f\u00f6r olika typer av hyresfastigheter som stugor, lanthus, l\u00e4genheter, utrustning, bilar och b\u00e5tar. Det inneb\u00e4r att kunder kan hyra hyresfastigheter under en dag eller flera dagar i f\u00f6ljd. Ett minsta antal dagar som kan hyras och ett maximalt antal dagar kan ocks\u00e5 l\u00e4ggas till.<\/p>\n\n\n\n<p>Detta kan vara anv\u00e4ndbart f\u00f6r till exempel en kortare weekendresa, en tillf\u00e4llig boendel\u00f6sning eller en dagstur p\u00e5 sj\u00f6n. F\u00f6r hyresv\u00e4rdar ger dygnet-runt-uthyrning m\u00f6jlighet att \u00f6ka hyresint\u00e4kterna genom att erbjuda hyresobjektet till flera kunder inom en kort period. Detta kan vara s\u00e4rskilt f\u00f6rdelaktigt f\u00f6r hyresfastigheter som \u00e4r mycket efterfr\u00e5gade under en kortare period, till exempel b\u00e5tar p\u00e5 sommaren eller stugor p\u00e5 vintern.<\/p>\n\n\n\n<p>Med Gibbs \u00e4r bokningen enkel och s\u00e4ker, d\u00e4r kunder kan s\u00f6ka efter lediga hyresbost\u00e4der, v\u00e4lja datum och tider och betala f\u00f6r bokningen. Gibbs-teamet verifierar b\u00e5de hyresv\u00e4rdar och hyresg\u00e4ster och ger st\u00f6d och assistans under hela uthyrningsprocessen.<\/p>\n\n\n\n<p><strong>Testa dig sj\u00e4lv h\u00e4r: <a href=\"https:\/\/www.gibbs.no\/sv\/listing\/dognbasert-utleie-demo\/\" target=\"_blank\" rel=\"noreferrer noopener\">Demo 24\/7<\/a><\/strong><\/p>\n\n\n\n<p>Det \u00e4r ocks\u00e5 m\u00f6jligt att kr\u00e4va att hyresg\u00e4ster \u00e4r verifierade med BankID f\u00f6r att boka. <a href=\"https:\/\/gibbs-produkter.no\/funksjoner#bankid\">L\u00e4s mer om BankID h\u00e4r<\/a><\/p>\n\n\n\n<figure class=\"wp-block-image size-full\"><img loading=\"lazy\" decoding=\"async\" width=\"913\" height=\"667\" src=\"https:\/\/www.gibbs.no\/wp-content\/uploads\/2023\/10\/dognbasert.png\" alt=\"\" class=\"wp-image-17014\" srcset=\"https:\/\/www.gibbs.no\/wp-content\/uploads\/2023\/10\/dognbasert.png 913w, https:\/\/www.gibbs.no\/wp-content\/uploads\/2023\/10\/dognbasert-300x219.png 300w, https:\/\/www.gibbs.no\/wp-content\/uploads\/2023\/10\/dognbasert-768x561.png 768w, https:\/\/www.gibbs.no\/wp-content\/uploads\/2023\/10\/dognbasert-16x12.png 16w, https:\/\/www.gibbs.no\/wp-content\/uploads\/2023\/10\/dognbasert-590x431.png 590w, https:\/\/www.gibbs.no\/wp-content\/uploads\/2023\/10\/dognbasert-577x422.png 577w, https:\/\/www.gibbs.no\/wp-content\/uploads\/2023\/10\/dognbasert-600x438.png 600w\" sizes=\"auto, (max-width: 913px) 100vw, 913px\" \/><\/figure>\n\n\n\n<p><\/p>","protected":false},"excerpt":{"rendered":"<p>D\u00f8gnbasert utleie egner seg til ulike typer utleieobjekter som hytter, grendehus, leiligheter, utstyr, biler og b\u00e5ter. Dette betyr at kundene kan leie utleieobjekter for enkeltd\u00f8gn eller flere sammenhengende dager. Det kan ogs\u00e5 legges til et minimum antall dager som kan leies og et maksimalt antall dager. Dette kan v\u00e6re nyttig for eksempel for en kort [&hellip;]<\/p>","protected":false},"author":1,"featured_media":0,"parent":15567,"menu_order":0,"comment_status":"closed","ping_status":"closed","template":"page-template-popup.php","meta":{"inline_featured_image":false,"_uag_custom_page_level_css":"","footnotes":""},"class_list":["post-15704","page","type-page","status-publish","hentry"],"yoast_head":"<!-- This site is optimized with the Yoast SEO plugin v20.8 - https:\/\/yoast.com\/wordpress\/plugins\/seo\/ -->\n<title>D\u00f8gnbasert utleie - Gibbs.no - Bookingsystem<\/title>\n<meta name=\"robots\" content=\"index, follow, max-snippet:-1, max-image-preview:large, max-video-preview:-1\" \/>\n<link rel=\"canonical\" href=\"https:\/\/www.gibbs.no\/sv\/funksjoner\/dognbasert-utleie\/\" \/>\n<meta property=\"og:locale\" content=\"sv_SE\" \/>\n<meta property=\"og:type\" content=\"article\" \/>\n<meta property=\"og:title\" content=\"D\u00f8gnbasert utleie - Gibbs.no - Bookingsystem\" \/>\n<meta property=\"og:description\" content=\"D\u00f8gnbasert utleie egner seg til ulike typer utleieobjekter som hytter, grendehus, leiligheter, utstyr, biler og b\u00e5ter. Dette betyr at kundene kan leie utleieobjekter for enkeltd\u00f8gn eller flere sammenhengende dager. Det kan ogs\u00e5 legges til et minimum antall dager som kan leies og et maksimalt antall dager. Dette kan v\u00e6re nyttig for eksempel for en kort [&hellip;]\" \/>\n<meta property=\"og:url\" content=\"https:\/\/www.gibbs.no\/sv\/funksjoner\/dognbasert-utleie\/\" \/>\n<meta property=\"og:site_name\" content=\"Gibbs.no - Bookingsystem\" \/>\n<meta property=\"article:publisher\" content=\"https:\/\/www.facebook.com\/GibbsNorge\" \/>\n<meta property=\"article:modified_time\" content=\"2023-10-07T19:19:30+00:00\" \/>\n<meta property=\"og:image\" content=\"https:\/\/www.gibbs.no\/wp-content\/uploads\/2023\/10\/dognbasert.png\" \/>\n<meta name=\"twitter:card\" content=\"summary_large_image\" \/>\n<meta name=\"twitter:label1\" content=\"Est. reading time\" \/>\n\t<meta name=\"twitter:data1\" content=\"1 minute\" \/>\n<script type=\"application\/ld+json\" class=\"yoast-schema-graph\">{\"@context\":\"https:\/\/schema.org\",\"@graph\":[{\"@type\":\"WebPage\",\"@id\":\"https:\/\/www.gibbs.no\/funksjoner\/dognbasert-utleie\/\",\"url\":\"https:\/\/www.gibbs.no\/funksjoner\/dognbasert-utleie\/\",\"name\":\"D\u00f8gnbasert utleie - Gibbs.no - Bookingsystem\",\"isPartOf\":{\"@id\":\"https:\/\/www.gibbs.no\/#website\"},\"datePublished\":\"2023-10-01T19:16:26+00:00\",\"dateModified\":\"2023-10-07T19:19:30+00:00\",\"breadcrumb\":{\"@id\":\"https:\/\/www.gibbs.no\/funksjoner\/dognbasert-utleie\/#breadcrumb\"},\"inLanguage\":\"sv-SE\",\"potentialAction\":[{\"@type\":\"ReadAction\",\"target\":[\"https:\/\/www.gibbs.no\/funksjoner\/dognbasert-utleie\/\"]}]},{\"@type\":\"BreadcrumbList\",\"@id\":\"https:\/\/www.gibbs.no\/funksjoner\/dognbasert-utleie\/#breadcrumb\",\"itemListElement\":[{\"@type\":\"ListItem\",\"position\":1,\"name\":\"Home\",\"item\":\"https:\/\/www.gibbs.no\/\"},{\"@type\":\"ListItem\",\"position\":2,\"name\":\"Funksjoner\",\"item\":\"https:\/\/www.gibbs.no\/funksjoner\/\"},{\"@type\":\"ListItem\",\"position\":3,\"name\":\"D\u00f8gnbasert utleie\"}]},{\"@type\":\"WebSite\",\"@id\":\"https:\/\/www.gibbs.no\/#website\",\"url\":\"https:\/\/www.gibbs.no\/\",\"name\":\"Gibbs.no\",\"description\":\"Bookingsystem - 1.Book 2.Betal 3.\u00c5pne\",\"publisher\":{\"@id\":\"https:\/\/www.gibbs.no\/#organization\"},\"potentialAction\":[{\"@type\":\"SearchAction\",\"target\":{\"@type\":\"EntryPoint\",\"urlTemplate\":\"https:\/\/www.gibbs.no\/?s={search_term_string}\"},\"query-input\":\"required name=search_term_string\"}],\"inLanguage\":\"sv-SE\"},{\"@type\":\"Organization\",\"@id\":\"https:\/\/www.gibbs.no\/#organization\",\"name\":\"Gibbs AS\",\"url\":\"https:\/\/www.gibbs.no\/\",\"logo\":{\"@type\":\"ImageObject\",\"inLanguage\":\"sv-SE\",\"@id\":\"https:\/\/www.gibbs.no\/#\/schema\/logo\/image\/\",\"url\":\"https:\/\/www.gibbs.no\/wp-content\/uploads\/2023\/11\/Gibbs-bookingsystem-logo.png\",\"contentUrl\":\"https:\/\/www.gibbs.no\/wp-content\/uploads\/2023\/11\/Gibbs-bookingsystem-logo.png\",\"width\":696,\"height\":696,\"caption\":\"Gibbs AS\"},\"image\":{\"@id\":\"https:\/\/www.gibbs.no\/#\/schema\/logo\/image\/\"},\"sameAs\":[\"https:\/\/www.facebook.com\/GibbsNorge\",\"https:\/\/www.linkedin.com\/company\/gibbsnorge\"]}]}<\/script>\n<!-- \/ Yoast SEO plugin. -->","yoast_head_json":{"title":"D\u00f8gnbasert utleie - Gibbs.no - Bookingsystem","robots":{"index":"index","follow":"follow","max-snippet":"max-snippet:-1","max-image-preview":"max-image-preview:large","max-video-preview":"max-video-preview:-1"},"canonical":"https:\/\/www.gibbs.no\/sv\/funksjoner\/dognbasert-utleie\/","og_locale":"sv_SE","og_type":"article","og_title":"D\u00f8gnbasert utleie - Gibbs.no - Bookingsystem","og_description":"D\u00f8gnbasert utleie egner seg til ulike typer utleieobjekter som hytter, grendehus, leiligheter, utstyr, biler og b\u00e5ter. Dette betyr at kundene kan leie utleieobjekter for enkeltd\u00f8gn eller flere sammenhengende dager. Det kan ogs\u00e5 legges til et minimum antall dager som kan leies og et maksimalt antall dager. Dette kan v\u00e6re nyttig for eksempel for en kort [&hellip;]","og_url":"https:\/\/www.gibbs.no\/sv\/funksjoner\/dognbasert-utleie\/","og_site_name":"Gibbs.no - Bookingsystem","article_publisher":"https:\/\/www.facebook.com\/GibbsNorge","article_modified_time":"2023-10-07T19:19:30+00:00","og_image":[{"url":"https:\/\/www.gibbs.no\/wp-content\/uploads\/2023\/10\/dognbasert.png"}],"twitter_card":"summary_large_image","twitter_misc":{"Est. reading time":"1 minute"},"schema":{"@context":"https:\/\/schema.org","@graph":[{"@type":"WebPage","@id":"https:\/\/www.gibbs.no\/funksjoner\/dognbasert-utleie\/","url":"https:\/\/www.gibbs.no\/funksjoner\/dognbasert-utleie\/","name":"D\u00f8gnbasert utleie - Gibbs.no - Bookingsystem","isPartOf":{"@id":"https:\/\/www.gibbs.no\/#website"},"datePublished":"2023-10-01T19:16:26+00:00","dateModified":"2023-10-07T19:19:30+00:00","breadcrumb":{"@id":"https:\/\/www.gibbs.no\/funksjoner\/dognbasert-utleie\/#breadcrumb"},"inLanguage":"sv-SE","potentialAction":[{"@type":"ReadAction","target":["https:\/\/www.gibbs.no\/funksjoner\/dognbasert-utleie\/"]}]},{"@type":"BreadcrumbList","@id":"https:\/\/www.gibbs.no\/funksjoner\/dognbasert-utleie\/#breadcrumb","itemListElement":[{"@type":"ListItem","position":1,"name":"Home","item":"https:\/\/www.gibbs.no\/"},{"@type":"ListItem","position":2,"name":"Funksjoner","item":"https:\/\/www.gibbs.no\/funksjoner\/"},{"@type":"ListItem","position":3,"name":"D\u00f8gnbasert utleie"}]},{"@type":"WebSite","@id":"https:\/\/www.gibbs.no\/#website","url":"https:\/\/www.gibbs.no\/","name":"Gibbs.no","description":"Bookingsystem - 1.Book 2.Betal 3.\u00c5pne","publisher":{"@id":"https:\/\/www.gibbs.no\/#organization"},"potentialAction":[{"@type":"SearchAction","target":{"@type":"EntryPoint","urlTemplate":"https:\/\/www.gibbs.no\/?s={search_term_string}"},"query-input":"required name=search_term_string"}],"inLanguage":"sv-SE"},{"@type":"Organization","@id":"https:\/\/www.gibbs.no\/#organization","name":"Gibbs AS","url":"https:\/\/www.gibbs.no\/","logo":{"@type":"ImageObject","inLanguage":"sv-SE","@id":"https:\/\/www.gibbs.no\/#\/schema\/logo\/image\/","url":"https:\/\/www.gibbs.no\/wp-content\/uploads\/2023\/11\/Gibbs-bookingsystem-logo.png","contentUrl":"https:\/\/www.gibbs.no\/wp-content\/uploads\/2023\/11\/Gibbs-bookingsystem-logo.png","width":696,"height":696,"caption":"Gibbs AS"},"image":{"@id":"https:\/\/www.gibbs.no\/#\/schema\/logo\/image\/"},"sameAs":["https:\/\/www.facebook.com\/GibbsNorge","https:\/\/www.linkedin.com\/company\/gibbsnorge"]}]}},"uagb_featured_image_src":{"full":false,"thumbnail":false,"medium":false,"medium_large":false,"large":false,"1536x1536":false,"2048x2048":false,"trp-custom-language-flag":false,"post-thumbnail":false,"listeo-avatar":false,"listeo-blog-post":false,"listeo-blog-related-post":false,"listeo-post-thumb":false,"listeo-gallery":false,"listeo-listing-grid":false,"listeo_core-avatar":false,"listeo_core-preview":false,"woocommerce_thumbnail":false,"woocommerce_single":false,"woocommerce_gallery_thumbnail":false},"uagb_author_info":{"display_name":"Gibbs k","author_link":"https:\/\/www.gibbs.no\/sv\/author\/kamil-gryga94gmail-com\/"},"uagb_comment_info":0,"uagb_excerpt":"D\u00f8gnbasert utleie egner seg til ulike typer utleieobjekter som hytter, grendehus, leiligheter, utstyr, biler og b\u00e5ter. Dette betyr at kundene kan leie utleieobjekter for enkeltd\u00f8gn eller flere sammenhengende dager. Det kan ogs\u00e5 legges til et minimum antall dager som kan leies og et maksimalt antall dager. Dette kan v\u00e6re nyttig for eksempel for en kort&hellip;","_links":{"self":[{"href":"https:\/\/www.gibbs.no\/sv\/wp-json\/wp\/v2\/pages\/15704","targetHints":{"allow":["GET"]}}],"collection":[{"href":"https:\/\/www.gibbs.no\/sv\/wp-json\/wp\/v2\/pages"}],"about":[{"href":"https:\/\/www.gibbs.no\/sv\/wp-json\/wp\/v2\/types\/page"}],"author":[{"embeddable":true,"href":"https:\/\/www.gibbs.no\/sv\/wp-json\/wp\/v2\/users\/1"}],"replies":[{"embeddable":true,"href":"https:\/\/www.gibbs.no\/sv\/wp-json\/wp\/v2\/comments?post=15704"}],"version-history":[{"count":3,"href":"https:\/\/www.gibbs.no\/sv\/wp-json\/wp\/v2\/pages\/15704\/revisions"}],"predecessor-version":[{"id":17017,"href":"https:\/\/www.gibbs.no\/sv\/wp-json\/wp\/v2\/pages\/15704\/revisions\/17017"}],"up":[{"embeddable":true,"href":"https:\/\/www.gibbs.no\/sv\/wp-json\/wp\/v2\/pages\/15567"}],"wp:attachment":[{"href":"https:\/\/www.gibbs.no\/sv\/wp-json\/wp\/v2\/media?parent=15704"}],"curies":[{"name":"wp","href":"https:\/\/api.w.org\/{rel}","templated":true}]}}