{"id":15701,"date":"2023-10-01T21:15:29","date_gmt":"2023-10-01T19:15:29","guid":{"rendered":"https:\/\/www.gibbs.no\/?page_id=15701"},"modified":"2023-10-07T22:08:47","modified_gmt":"2023-10-07T20:08:47","slug":"dobbelbooking-checker","status":"publish","type":"page","link":"https:\/\/www.gibbs.no\/en\/funksjoner\/dobbelbooking-checker\/","title":{"rendered":"Double booking checker"},"content":{"rendered":"<p>The purpose of this module is to check whether a booking has already been made for a rental object at a given time, and thus avoid double bookings that can lead to misunderstandings and conflicts around the use of rental objects. If the system detects a double booking, it will issue an alert requiring action.<\/p>\n\n\n\n<p>Pss.. \ud83d\ude42<\/p>\n\n\n\n<p>There will never be any conflicts when the tenant himself books through the booking system, as it will not be possible to send a request at an already reserved time. However, it is important to be aware of the possibility of double booking when the landlord makes manual changes.<\/p>\n\n\n\n<figure class=\"wp-block-image size-full\"><img loading=\"lazy\" decoding=\"async\" width=\"815\" height=\"387\" src=\"https:\/\/www.gibbs.no\/wp-content\/uploads\/2023\/10\/checker.png\" alt=\"\" class=\"wp-image-17044\" srcset=\"https:\/\/www.gibbs.no\/wp-content\/uploads\/2023\/10\/checker.png 815w, https:\/\/www.gibbs.no\/wp-content\/uploads\/2023\/10\/checker-300x142.png 300w, https:\/\/www.gibbs.no\/wp-content\/uploads\/2023\/10\/checker-768x365.png 768w, https:\/\/www.gibbs.no\/wp-content\/uploads\/2023\/10\/checker-18x9.png 18w, https:\/\/www.gibbs.no\/wp-content\/uploads\/2023\/10\/checker-590x280.png 590w, https:\/\/www.gibbs.no\/wp-content\/uploads\/2023\/10\/checker-577x274.png 577w, https:\/\/www.gibbs.no\/wp-content\/uploads\/2023\/10\/checker-600x285.png 600w\" sizes=\"auto, (max-width: 815px) 100vw, 815px\" \/><\/figure>","protected":false},"excerpt":{"rendered":"<p>Denne modulen har som form\u00e5l \u00e5 sjekke om det allerede er gjort en booking p\u00e5 et utleieobjekt p\u00e5 et gitt tidspunkt, og dermed unng\u00e5 dobbelbookinger som kan f\u00f8re til misforst\u00e5elser og konflikter rundt bruk av utleieobjekter. Hvis systemet oppdager en dobbelbooking, vil det gi et varsel som krever handling. Pss.. \ud83d\ude42 Det aldri oppst\u00e5 konflikter [&hellip;]<\/p>","protected":false},"author":1,"featured_media":0,"parent":15567,"menu_order":0,"comment_status":"closed","ping_status":"closed","template":"page-template-popup.php","meta":{"inline_featured_image":false,"_uag_custom_page_level_css":"","footnotes":""},"class_list":["post-15701","page","type-page","status-publish","hentry"],"yoast_head":"<!-- This site is optimized with the Yoast SEO plugin v20.8 - https:\/\/yoast.com\/wordpress\/plugins\/seo\/ -->\n<title>Dobbelbooking checker - Gibbs.no - Bookingsystem<\/title>\n<meta name=\"robots\" content=\"index, follow, max-snippet:-1, max-image-preview:large, max-video-preview:-1\" \/>\n<link rel=\"canonical\" href=\"https:\/\/www.gibbs.no\/en\/funksjoner\/dobbelbooking-checker\/\" \/>\n<meta property=\"og:locale\" content=\"en_US\" \/>\n<meta property=\"og:type\" content=\"article\" \/>\n<meta property=\"og:title\" content=\"Dobbelbooking checker - Gibbs.no - Bookingsystem\" \/>\n<meta property=\"og:description\" content=\"Denne modulen har som form\u00e5l \u00e5 sjekke om det allerede er gjort en booking p\u00e5 et utleieobjekt p\u00e5 et gitt tidspunkt, og dermed unng\u00e5 dobbelbookinger som kan f\u00f8re til misforst\u00e5elser og konflikter rundt bruk av utleieobjekter. Hvis systemet oppdager en dobbelbooking, vil det gi et varsel som krever handling. Pss.. \ud83d\ude42 Det aldri oppst\u00e5 konflikter [&hellip;]\" \/>\n<meta property=\"og:url\" content=\"https:\/\/www.gibbs.no\/en\/funksjoner\/dobbelbooking-checker\/\" \/>\n<meta property=\"og:site_name\" content=\"Gibbs.no - Bookingsystem\" \/>\n<meta property=\"article:publisher\" content=\"https:\/\/www.facebook.com\/GibbsNorge\" \/>\n<meta property=\"article:modified_time\" content=\"2023-10-07T20:08:47+00:00\" \/>\n<meta property=\"og:image\" content=\"https:\/\/www.gibbs.no\/wp-content\/uploads\/2023\/10\/checker.png\" \/>\n<meta name=\"twitter:card\" content=\"summary_large_image\" \/>\n<script type=\"application\/ld+json\" class=\"yoast-schema-graph\">{\"@context\":\"https:\/\/schema.org\",\"@graph\":[{\"@type\":\"WebPage\",\"@id\":\"https:\/\/www.gibbs.no\/funksjoner\/dobbelbooking-checker\/\",\"url\":\"https:\/\/www.gibbs.no\/funksjoner\/dobbelbooking-checker\/\",\"name\":\"Dobbelbooking checker - Gibbs.no - Bookingsystem\",\"isPartOf\":{\"@id\":\"https:\/\/www.gibbs.no\/#website\"},\"datePublished\":\"2023-10-01T19:15:29+00:00\",\"dateModified\":\"2023-10-07T20:08:47+00:00\",\"breadcrumb\":{\"@id\":\"https:\/\/www.gibbs.no\/funksjoner\/dobbelbooking-checker\/#breadcrumb\"},\"inLanguage\":\"en-US\",\"potentialAction\":[{\"@type\":\"ReadAction\",\"target\":[\"https:\/\/www.gibbs.no\/funksjoner\/dobbelbooking-checker\/\"]}]},{\"@type\":\"BreadcrumbList\",\"@id\":\"https:\/\/www.gibbs.no\/funksjoner\/dobbelbooking-checker\/#breadcrumb\",\"itemListElement\":[{\"@type\":\"ListItem\",\"position\":1,\"name\":\"Home\",\"item\":\"https:\/\/www.gibbs.no\/\"},{\"@type\":\"ListItem\",\"position\":2,\"name\":\"Funksjoner\",\"item\":\"https:\/\/www.gibbs.no\/funksjoner\/\"},{\"@type\":\"ListItem\",\"position\":3,\"name\":\"Dobbelbooking checker\"}]},{\"@type\":\"WebSite\",\"@id\":\"https:\/\/www.gibbs.no\/#website\",\"url\":\"https:\/\/www.gibbs.no\/\",\"name\":\"Gibbs.no\",\"description\":\"Bookingsystem - 1.Book 2.Betal 3.\u00c5pne\",\"publisher\":{\"@id\":\"https:\/\/www.gibbs.no\/#organization\"},\"potentialAction\":[{\"@type\":\"SearchAction\",\"target\":{\"@type\":\"EntryPoint\",\"urlTemplate\":\"https:\/\/www.gibbs.no\/?s={search_term_string}\"},\"query-input\":\"required name=search_term_string\"}],\"inLanguage\":\"en-US\"},{\"@type\":\"Organization\",\"@id\":\"https:\/\/www.gibbs.no\/#organization\",\"name\":\"Gibbs AS\",\"url\":\"https:\/\/www.gibbs.no\/\",\"logo\":{\"@type\":\"ImageObject\",\"inLanguage\":\"en-US\",\"@id\":\"https:\/\/www.gibbs.no\/#\/schema\/logo\/image\/\",\"url\":\"https:\/\/www.gibbs.no\/wp-content\/uploads\/2023\/11\/Gibbs-bookingsystem-logo.png\",\"contentUrl\":\"https:\/\/www.gibbs.no\/wp-content\/uploads\/2023\/11\/Gibbs-bookingsystem-logo.png\",\"width\":696,\"height\":696,\"caption\":\"Gibbs AS\"},\"image\":{\"@id\":\"https:\/\/www.gibbs.no\/#\/schema\/logo\/image\/\"},\"sameAs\":[\"https:\/\/www.facebook.com\/GibbsNorge\",\"https:\/\/www.linkedin.com\/company\/gibbsnorge\"]}]}<\/script>\n<!-- \/ Yoast SEO plugin. -->","yoast_head_json":{"title":"Dobbelbooking checker - Gibbs.no - Bookingsystem","robots":{"index":"index","follow":"follow","max-snippet":"max-snippet:-1","max-image-preview":"max-image-preview:large","max-video-preview":"max-video-preview:-1"},"canonical":"https:\/\/www.gibbs.no\/en\/funksjoner\/dobbelbooking-checker\/","og_locale":"en_US","og_type":"article","og_title":"Dobbelbooking checker - Gibbs.no - Bookingsystem","og_description":"Denne modulen har som form\u00e5l \u00e5 sjekke om det allerede er gjort en booking p\u00e5 et utleieobjekt p\u00e5 et gitt tidspunkt, og dermed unng\u00e5 dobbelbookinger som kan f\u00f8re til misforst\u00e5elser og konflikter rundt bruk av utleieobjekter. Hvis systemet oppdager en dobbelbooking, vil det gi et varsel som krever handling. Pss.. \ud83d\ude42 Det aldri oppst\u00e5 konflikter [&hellip;]","og_url":"https:\/\/www.gibbs.no\/en\/funksjoner\/dobbelbooking-checker\/","og_site_name":"Gibbs.no - Bookingsystem","article_publisher":"https:\/\/www.facebook.com\/GibbsNorge","article_modified_time":"2023-10-07T20:08:47+00:00","og_image":[{"url":"https:\/\/www.gibbs.no\/wp-content\/uploads\/2023\/10\/checker.png"}],"twitter_card":"summary_large_image","schema":{"@context":"https:\/\/schema.org","@graph":[{"@type":"WebPage","@id":"https:\/\/www.gibbs.no\/funksjoner\/dobbelbooking-checker\/","url":"https:\/\/www.gibbs.no\/funksjoner\/dobbelbooking-checker\/","name":"Dobbelbooking checker - Gibbs.no - Bookingsystem","isPartOf":{"@id":"https:\/\/www.gibbs.no\/#website"},"datePublished":"2023-10-01T19:15:29+00:00","dateModified":"2023-10-07T20:08:47+00:00","breadcrumb":{"@id":"https:\/\/www.gibbs.no\/funksjoner\/dobbelbooking-checker\/#breadcrumb"},"inLanguage":"en-US","potentialAction":[{"@type":"ReadAction","target":["https:\/\/www.gibbs.no\/funksjoner\/dobbelbooking-checker\/"]}]},{"@type":"BreadcrumbList","@id":"https:\/\/www.gibbs.no\/funksjoner\/dobbelbooking-checker\/#breadcrumb","itemListElement":[{"@type":"ListItem","position":1,"name":"Home","item":"https:\/\/www.gibbs.no\/"},{"@type":"ListItem","position":2,"name":"Funksjoner","item":"https:\/\/www.gibbs.no\/funksjoner\/"},{"@type":"ListItem","position":3,"name":"Dobbelbooking checker"}]},{"@type":"WebSite","@id":"https:\/\/www.gibbs.no\/#website","url":"https:\/\/www.gibbs.no\/","name":"Gibbs.no","description":"Bookingsystem - 1.Book 2.Betal 3.\u00c5pne","publisher":{"@id":"https:\/\/www.gibbs.no\/#organization"},"potentialAction":[{"@type":"SearchAction","target":{"@type":"EntryPoint","urlTemplate":"https:\/\/www.gibbs.no\/?s={search_term_string}"},"query-input":"required name=search_term_string"}],"inLanguage":"en-US"},{"@type":"Organization","@id":"https:\/\/www.gibbs.no\/#organization","name":"Gibbs AS","url":"https:\/\/www.gibbs.no\/","logo":{"@type":"ImageObject","inLanguage":"en-US","@id":"https:\/\/www.gibbs.no\/#\/schema\/logo\/image\/","url":"https:\/\/www.gibbs.no\/wp-content\/uploads\/2023\/11\/Gibbs-bookingsystem-logo.png","contentUrl":"https:\/\/www.gibbs.no\/wp-content\/uploads\/2023\/11\/Gibbs-bookingsystem-logo.png","width":696,"height":696,"caption":"Gibbs AS"},"image":{"@id":"https:\/\/www.gibbs.no\/#\/schema\/logo\/image\/"},"sameAs":["https:\/\/www.facebook.com\/GibbsNorge","https:\/\/www.linkedin.com\/company\/gibbsnorge"]}]}},"uagb_featured_image_src":{"full":false,"thumbnail":false,"medium":false,"medium_large":false,"large":false,"1536x1536":false,"2048x2048":false,"trp-custom-language-flag":false,"post-thumbnail":false,"listeo-avatar":false,"listeo-blog-post":false,"listeo-blog-related-post":false,"listeo-post-thumb":false,"listeo-gallery":false,"listeo-listing-grid":false,"listeo_core-avatar":false,"listeo_core-preview":false,"woocommerce_thumbnail":false,"woocommerce_single":false,"woocommerce_gallery_thumbnail":false},"uagb_author_info":{"display_name":"Gibbs k","author_link":"https:\/\/www.gibbs.no\/en\/author\/kamil-gryga94gmail-com\/"},"uagb_comment_info":0,"uagb_excerpt":"Denne modulen har som form\u00e5l \u00e5 sjekke om det allerede er gjort en booking p\u00e5 et utleieobjekt p\u00e5 et gitt tidspunkt, og dermed unng\u00e5 dobbelbookinger som kan f\u00f8re til misforst\u00e5elser og konflikter rundt bruk av utleieobjekter. Hvis systemet oppdager en dobbelbooking, vil det gi et varsel som krever handling. Pss.. \ud83d\ude42 Det aldri oppst\u00e5 konflikter&hellip;","_links":{"self":[{"href":"https:\/\/www.gibbs.no\/en\/wp-json\/wp\/v2\/pages\/15701","targetHints":{"allow":["GET"]}}],"collection":[{"href":"https:\/\/www.gibbs.no\/en\/wp-json\/wp\/v2\/pages"}],"about":[{"href":"https:\/\/www.gibbs.no\/en\/wp-json\/wp\/v2\/types\/page"}],"author":[{"embeddable":true,"href":"https:\/\/www.gibbs.no\/en\/wp-json\/wp\/v2\/users\/1"}],"replies":[{"embeddable":true,"href":"https:\/\/www.gibbs.no\/en\/wp-json\/wp\/v2\/comments?post=15701"}],"version-history":[{"count":2,"href":"https:\/\/www.gibbs.no\/en\/wp-json\/wp\/v2\/pages\/15701\/revisions"}],"predecessor-version":[{"id":17070,"href":"https:\/\/www.gibbs.no\/en\/wp-json\/wp\/v2\/pages\/15701\/revisions\/17070"}],"up":[{"embeddable":true,"href":"https:\/\/www.gibbs.no\/en\/wp-json\/wp\/v2\/pages\/15567"}],"wp:attachment":[{"href":"https:\/\/www.gibbs.no\/en\/wp-json\/wp\/v2\/media?parent=15701"}],"curies":[{"name":"wp","href":"https:\/\/api.w.org\/{rel}","templated":true}]}}