{"id":15686,"date":"2023-10-01T21:07:12","date_gmt":"2023-10-01T19:07:12","guid":{"rendered":"https:\/\/www.gibbs.no\/?page_id=15686"},"modified":"2023-10-07T21:21:47","modified_gmt":"2023-10-07T19:21:47","slug":"automatisk-oversetting","status":"publish","type":"page","link":"https:\/\/www.gibbs.no\/en\/funksjoner\/automatisk-oversetting\/","title":{"rendered":"Automatic translation"},"content":{"rendered":"<p>Gibbs.no offers automatic translation of rental ads into several languages, including Norwegian, English, Swedish and Danish, using machine learning technology. This allows landlords to reach a wider audience and make it easier for tenants from different countries to read and understand the ads.<\/p>\n\n\n\n<p><strong>Demo: <a href=\"https:\/\/www.gibbs.no\/en\/listing\/dognbasert-utleie-demo\/\" target=\"_blank\" rel=\"noreferrer noopener\">Press here<\/a><\/strong><\/p>\n\n\n\n<figure class=\"wp-block-image size-full\"><img loading=\"lazy\" decoding=\"async\" width=\"352\" height=\"576\" src=\"https:\/\/www.gibbs.no\/wp-content\/uploads\/2023\/10\/oversetting.png\" alt=\"\" class=\"wp-image-17011\" srcset=\"https:\/\/www.gibbs.no\/wp-content\/uploads\/2023\/10\/oversetting.png 352w, https:\/\/www.gibbs.no\/wp-content\/uploads\/2023\/10\/oversetting-183x300.png 183w, https:\/\/www.gibbs.no\/wp-content\/uploads\/2023\/10\/oversetting-7x12.png 7w\" sizes=\"auto, (max-width: 352px) 100vw, 352px\" \/><\/figure>","protected":false},"excerpt":{"rendered":"<p>Gibbs.no tilbyr automatisk oversetting av utleieannonser til flere spr\u00e5k, inkludert norsk, engelsk, svensk og dansk, ved hjelp av maskinl\u00e6ringsteknologi. Dette gj\u00f8r at utleiere kan n\u00e5 et bredere publikum og gj\u00f8re det lettere for leietakere fra ulike land \u00e5 lese og forst\u00e5 annonsene. Demo: Trykk her<\/p>","protected":false},"author":1,"featured_media":0,"parent":15567,"menu_order":0,"comment_status":"closed","ping_status":"closed","template":"page-template-popup.php","meta":{"inline_featured_image":false,"_uag_custom_page_level_css":"","footnotes":""},"class_list":["post-15686","page","type-page","status-publish","hentry"],"yoast_head":"<!-- This site is optimized with the Yoast SEO plugin v20.8 - https:\/\/yoast.com\/wordpress\/plugins\/seo\/ -->\n<title>Automatisk oversetting - Gibbs.no - Bookingsystem<\/title>\n<meta name=\"robots\" content=\"index, follow, max-snippet:-1, max-image-preview:large, max-video-preview:-1\" \/>\n<link rel=\"canonical\" href=\"https:\/\/www.gibbs.no\/en\/funksjoner\/automatisk-oversetting\/\" \/>\n<meta property=\"og:locale\" content=\"en_US\" \/>\n<meta property=\"og:type\" content=\"article\" \/>\n<meta property=\"og:title\" content=\"Automatisk oversetting - Gibbs.no - Bookingsystem\" \/>\n<meta property=\"og:description\" content=\"Gibbs.no tilbyr automatisk oversetting av utleieannonser til flere spr\u00e5k, inkludert norsk, engelsk, svensk og dansk, ved hjelp av maskinl\u00e6ringsteknologi. Dette gj\u00f8r at utleiere kan n\u00e5 et bredere publikum og gj\u00f8re det lettere for leietakere fra ulike land \u00e5 lese og forst\u00e5 annonsene. Demo: Trykk her\" \/>\n<meta property=\"og:url\" content=\"https:\/\/www.gibbs.no\/en\/funksjoner\/automatisk-oversetting\/\" \/>\n<meta property=\"og:site_name\" content=\"Gibbs.no - Bookingsystem\" \/>\n<meta property=\"article:publisher\" content=\"https:\/\/www.facebook.com\/GibbsNorge\" \/>\n<meta property=\"article:modified_time\" content=\"2023-10-07T19:21:47+00:00\" \/>\n<meta property=\"og:image\" content=\"https:\/\/www.gibbs.no\/wp-content\/uploads\/2023\/10\/oversetting.png\" \/>\n<meta name=\"twitter:card\" content=\"summary_large_image\" \/>\n<script type=\"application\/ld+json\" class=\"yoast-schema-graph\">{\"@context\":\"https:\/\/schema.org\",\"@graph\":[{\"@type\":\"WebPage\",\"@id\":\"https:\/\/www.gibbs.no\/funksjoner\/automatisk-oversetting\/\",\"url\":\"https:\/\/www.gibbs.no\/funksjoner\/automatisk-oversetting\/\",\"name\":\"Automatisk oversetting - Gibbs.no - Bookingsystem\",\"isPartOf\":{\"@id\":\"https:\/\/www.gibbs.no\/#website\"},\"datePublished\":\"2023-10-01T19:07:12+00:00\",\"dateModified\":\"2023-10-07T19:21:47+00:00\",\"breadcrumb\":{\"@id\":\"https:\/\/www.gibbs.no\/funksjoner\/automatisk-oversetting\/#breadcrumb\"},\"inLanguage\":\"en-US\",\"potentialAction\":[{\"@type\":\"ReadAction\",\"target\":[\"https:\/\/www.gibbs.no\/funksjoner\/automatisk-oversetting\/\"]}]},{\"@type\":\"BreadcrumbList\",\"@id\":\"https:\/\/www.gibbs.no\/funksjoner\/automatisk-oversetting\/#breadcrumb\",\"itemListElement\":[{\"@type\":\"ListItem\",\"position\":1,\"name\":\"Home\",\"item\":\"https:\/\/www.gibbs.no\/\"},{\"@type\":\"ListItem\",\"position\":2,\"name\":\"Funksjoner\",\"item\":\"https:\/\/www.gibbs.no\/funksjoner\/\"},{\"@type\":\"ListItem\",\"position\":3,\"name\":\"Automatisk oversetting\"}]},{\"@type\":\"WebSite\",\"@id\":\"https:\/\/www.gibbs.no\/#website\",\"url\":\"https:\/\/www.gibbs.no\/\",\"name\":\"Gibbs.no\",\"description\":\"Bookingsystem - 1.Book 2.Betal 3.\u00c5pne\",\"publisher\":{\"@id\":\"https:\/\/www.gibbs.no\/#organization\"},\"potentialAction\":[{\"@type\":\"SearchAction\",\"target\":{\"@type\":\"EntryPoint\",\"urlTemplate\":\"https:\/\/www.gibbs.no\/?s={search_term_string}\"},\"query-input\":\"required name=search_term_string\"}],\"inLanguage\":\"en-US\"},{\"@type\":\"Organization\",\"@id\":\"https:\/\/www.gibbs.no\/#organization\",\"name\":\"Gibbs AS\",\"url\":\"https:\/\/www.gibbs.no\/\",\"logo\":{\"@type\":\"ImageObject\",\"inLanguage\":\"en-US\",\"@id\":\"https:\/\/www.gibbs.no\/#\/schema\/logo\/image\/\",\"url\":\"https:\/\/www.gibbs.no\/wp-content\/uploads\/2023\/11\/Gibbs-bookingsystem-logo.png\",\"contentUrl\":\"https:\/\/www.gibbs.no\/wp-content\/uploads\/2023\/11\/Gibbs-bookingsystem-logo.png\",\"width\":696,\"height\":696,\"caption\":\"Gibbs AS\"},\"image\":{\"@id\":\"https:\/\/www.gibbs.no\/#\/schema\/logo\/image\/\"},\"sameAs\":[\"https:\/\/www.facebook.com\/GibbsNorge\",\"https:\/\/www.linkedin.com\/company\/gibbsnorge\"]}]}<\/script>\n<!-- \/ Yoast SEO plugin. -->","yoast_head_json":{"title":"Automatisk oversetting - Gibbs.no - Bookingsystem","robots":{"index":"index","follow":"follow","max-snippet":"max-snippet:-1","max-image-preview":"max-image-preview:large","max-video-preview":"max-video-preview:-1"},"canonical":"https:\/\/www.gibbs.no\/en\/funksjoner\/automatisk-oversetting\/","og_locale":"en_US","og_type":"article","og_title":"Automatisk oversetting - Gibbs.no - Bookingsystem","og_description":"Gibbs.no tilbyr automatisk oversetting av utleieannonser til flere spr\u00e5k, inkludert norsk, engelsk, svensk og dansk, ved hjelp av maskinl\u00e6ringsteknologi. Dette gj\u00f8r at utleiere kan n\u00e5 et bredere publikum og gj\u00f8re det lettere for leietakere fra ulike land \u00e5 lese og forst\u00e5 annonsene. Demo: Trykk her","og_url":"https:\/\/www.gibbs.no\/en\/funksjoner\/automatisk-oversetting\/","og_site_name":"Gibbs.no - Bookingsystem","article_publisher":"https:\/\/www.facebook.com\/GibbsNorge","article_modified_time":"2023-10-07T19:21:47+00:00","og_image":[{"url":"https:\/\/www.gibbs.no\/wp-content\/uploads\/2023\/10\/oversetting.png"}],"twitter_card":"summary_large_image","schema":{"@context":"https:\/\/schema.org","@graph":[{"@type":"WebPage","@id":"https:\/\/www.gibbs.no\/funksjoner\/automatisk-oversetting\/","url":"https:\/\/www.gibbs.no\/funksjoner\/automatisk-oversetting\/","name":"Automatisk oversetting - Gibbs.no - Bookingsystem","isPartOf":{"@id":"https:\/\/www.gibbs.no\/#website"},"datePublished":"2023-10-01T19:07:12+00:00","dateModified":"2023-10-07T19:21:47+00:00","breadcrumb":{"@id":"https:\/\/www.gibbs.no\/funksjoner\/automatisk-oversetting\/#breadcrumb"},"inLanguage":"en-US","potentialAction":[{"@type":"ReadAction","target":["https:\/\/www.gibbs.no\/funksjoner\/automatisk-oversetting\/"]}]},{"@type":"BreadcrumbList","@id":"https:\/\/www.gibbs.no\/funksjoner\/automatisk-oversetting\/#breadcrumb","itemListElement":[{"@type":"ListItem","position":1,"name":"Home","item":"https:\/\/www.gibbs.no\/"},{"@type":"ListItem","position":2,"name":"Funksjoner","item":"https:\/\/www.gibbs.no\/funksjoner\/"},{"@type":"ListItem","position":3,"name":"Automatisk oversetting"}]},{"@type":"WebSite","@id":"https:\/\/www.gibbs.no\/#website","url":"https:\/\/www.gibbs.no\/","name":"Gibbs.no","description":"Bookingsystem - 1.Book 2.Betal 3.\u00c5pne","publisher":{"@id":"https:\/\/www.gibbs.no\/#organization"},"potentialAction":[{"@type":"SearchAction","target":{"@type":"EntryPoint","urlTemplate":"https:\/\/www.gibbs.no\/?s={search_term_string}"},"query-input":"required name=search_term_string"}],"inLanguage":"en-US"},{"@type":"Organization","@id":"https:\/\/www.gibbs.no\/#organization","name":"Gibbs AS","url":"https:\/\/www.gibbs.no\/","logo":{"@type":"ImageObject","inLanguage":"en-US","@id":"https:\/\/www.gibbs.no\/#\/schema\/logo\/image\/","url":"https:\/\/www.gibbs.no\/wp-content\/uploads\/2023\/11\/Gibbs-bookingsystem-logo.png","contentUrl":"https:\/\/www.gibbs.no\/wp-content\/uploads\/2023\/11\/Gibbs-bookingsystem-logo.png","width":696,"height":696,"caption":"Gibbs AS"},"image":{"@id":"https:\/\/www.gibbs.no\/#\/schema\/logo\/image\/"},"sameAs":["https:\/\/www.facebook.com\/GibbsNorge","https:\/\/www.linkedin.com\/company\/gibbsnorge"]}]}},"uagb_featured_image_src":{"full":false,"thumbnail":false,"medium":false,"medium_large":false,"large":false,"1536x1536":false,"2048x2048":false,"trp-custom-language-flag":false,"post-thumbnail":false,"listeo-avatar":false,"listeo-blog-post":false,"listeo-blog-related-post":false,"listeo-post-thumb":false,"listeo-gallery":false,"listeo-listing-grid":false,"listeo_core-avatar":false,"listeo_core-preview":false,"woocommerce_thumbnail":false,"woocommerce_single":false,"woocommerce_gallery_thumbnail":false},"uagb_author_info":{"display_name":"Gibbs k","author_link":"https:\/\/www.gibbs.no\/en\/author\/kamil-gryga94gmail-com\/"},"uagb_comment_info":0,"uagb_excerpt":"Gibbs.no tilbyr automatisk oversetting av utleieannonser til flere spr\u00e5k, inkludert norsk, engelsk, svensk og dansk, ved hjelp av maskinl\u00e6ringsteknologi. Dette gj\u00f8r at utleiere kan n\u00e5 et bredere publikum og gj\u00f8re det lettere for leietakere fra ulike land \u00e5 lese og forst\u00e5 annonsene. Demo: Trykk her","_links":{"self":[{"href":"https:\/\/www.gibbs.no\/en\/wp-json\/wp\/v2\/pages\/15686","targetHints":{"allow":["GET"]}}],"collection":[{"href":"https:\/\/www.gibbs.no\/en\/wp-json\/wp\/v2\/pages"}],"about":[{"href":"https:\/\/www.gibbs.no\/en\/wp-json\/wp\/v2\/types\/page"}],"author":[{"embeddable":true,"href":"https:\/\/www.gibbs.no\/en\/wp-json\/wp\/v2\/users\/1"}],"replies":[{"embeddable":true,"href":"https:\/\/www.gibbs.no\/en\/wp-json\/wp\/v2\/comments?post=15686"}],"version-history":[{"count":2,"href":"https:\/\/www.gibbs.no\/en\/wp-json\/wp\/v2\/pages\/15686\/revisions"}],"predecessor-version":[{"id":17020,"href":"https:\/\/www.gibbs.no\/en\/wp-json\/wp\/v2\/pages\/15686\/revisions\/17020"}],"up":[{"embeddable":true,"href":"https:\/\/www.gibbs.no\/en\/wp-json\/wp\/v2\/pages\/15567"}],"wp:attachment":[{"href":"https:\/\/www.gibbs.no\/en\/wp-json\/wp\/v2\/media?parent=15686"}],"curies":[{"name":"wp","href":"https:\/\/api.w.org\/{rel}","templated":true}]}}