{"id":364,"date":"2020-05-21T20:41:06","date_gmt":"2020-05-21T19:41:06","guid":{"rendered":"https:\/\/mygibb.com\/?page_id=364"},"modified":"2026-01-26T15:51:09","modified_gmt":"2026-01-26T14:51:09","slug":"vilkaar","status":"publish","type":"page","link":"https:\/\/www.gibbs.no\/da\/vilkaar\/","title":{"rendered":"Vilk\u00e5r og betingelser"},"content":{"rendered":"<div data-elementor-type=\"wp-page\" data-elementor-id=\"364\" class=\"elementor elementor-364\" data-elementor-settings=\"[]\">\n\t\t\t\t\t\t\t<div class=\"elementor-section-wrap\">\n\t\t\t\t\t\t\t<section class=\"elementor-section elementor-top-section elementor-element elementor-element-c2e02e9 elementor-section-boxed elementor-section-height-default elementor-section-height-default magic-button-disabled-no\" data-id=\"c2e02e9\" data-element_type=\"section\">\n\t\t\t\t\t\t<div class=\"elementor-container elementor-column-gap-default\">\n\t\t\t\t\t<div class=\"elementor-column elementor-col-100 elementor-top-column elementor-element elementor-element-665bb8c\" data-id=\"665bb8c\" data-element_type=\"column\">\n\t\t\t<div class=\"elementor-widget-wrap elementor-element-populated\">\n\t\t\t\t\t\t\t\t<div class=\"elementor-element elementor-element-3f7193f elementor-widget elementor-widget-text-editor\" data-id=\"3f7193f\" data-element_type=\"widget\" data-widget_type=\"text-editor.default\">\n\t\t\t\t<div class=\"elementor-widget-container\">\n\t\t\t<style>\/*! elementor - v3.5.3 - 28-12-2021 *\/\n.elementor-widget-text-editor.elementor-drop-cap-view-stacked .elementor-drop-cap{background-color:#818a91;color:#fff}.elementor-widget-text-editor.elementor-drop-cap-view-framed .elementor-drop-cap{color:#818a91;border:3px solid;background-color:transparent}.elementor-widget-text-editor:not(.elementor-drop-cap-view-default) .elementor-drop-cap{margin-top:8px}.elementor-widget-text-editor:not(.elementor-drop-cap-view-default) .elementor-drop-cap-letter{width:1em;height:1em}.elementor-widget-text-editor .elementor-drop-cap{float:left;text-align:center;line-height:1;font-size:50px}.elementor-widget-text-editor .elementor-drop-cap-letter{display:inline-block}<\/style>\t\t\t\t<p><i>Sidst opdateret 6. januar 2022\n<p>L\u00e6s venligst disse vilk\u00e5r for tjenesten &quot;gibbs&quot; (&quot;Betingelserne&quot;) omhyggeligt, f\u00f8r du bruger hjemmesiden under dom\u00e6nenavnet: https:\/\/www.gibbs.no.\n<p>gibbs drives af gibbs AS, org nr. 922 265 739 med registreret forretningsadresse i storgata 15, 1767 Halden, Norge. gibbs AS formidler alle transaktioner gennem Tjenesten og omtales som s\u00e6lger.<strong><strong><em>&nbsp;\n<ul>\n<li><strong>Herefter omtales gibbs som &quot;tjenesten&quot; og gibbs AS som &quot;gibbs&quot;, &quot;vi&quot; og\/eller &quot;os&quot;\n<li><strong><strong><em>Leieobjekt&nbsp;er en fellesbetegnelse for alt som kan leies og tjenester som kan bookes gjennom gibbs.\n<p>Din tilgang til og bruk av Tjenesten er betinget p\u00e5 at du aksepterer disse vilk\u00e5rene. Vilk\u00e5rene gjelder for alle brukere, bes\u00f8kende og andre som har tilgang til Tjenesten. gibbs&nbsp;forbeholder seg retten til \u00e5 oppdatere og revidere Vilk\u00e5rene. Oppdaterte Vilk\u00e5r vil v\u00e6re tilgjengelig gjennom Tjenesten 30 dager f\u00f8r de trer i kraft.&nbsp;\n<h3>1. Registrering af konto&nbsp;\n<p>\n<p>1.1 Ved at registrere en konto hos os forpligter du dig til at give os korrekte og fuldst\u00e6ndige oplysninger, samt at holde disse opdateret til enhver tid. Tilmelding er kun mulig for fysiske personer, der er over 18 \u00e5r.&nbsp;\n<p>1.2 gibbs forbeholder sig retten til, i tilf\u00e6lde af mistanke om misbrug af Tjenesten eller Brugerens manglende opfyldelse af Vilk\u00e5rene, at kontrollere Brugerens eventuelle korrespondance med andre Brugere via Tjenesten, samt at afslutte Brugerens konto med \u00f8jeblikkelig virkning.\n<h3>2. Annoncering\n<p>\n<p>2.1 Alle annoncer gennem Tjenesten m\u00e5 kun udf\u00f8res af fysiske og juridiske personer, der er bemyndiget til at indg\u00e5 aftaler som angivet i disse Vilk\u00e5r og Betingelser.\n<p>2.2 Det er kun tillatt \u00e5 publisere annonsere med m\u00e5l om \u00e5 leie ut objektet. Med form\u00e5l om ren markedsf\u00f8ring der utleie foreg\u00e5r gjennom andre kanaler enn Tjenesten er ikke tillatt. Det vil si \u00e5 annonsere p\u00e5 Tjenesten og gjennomf\u00f8re betaling utenfor Tjenesten. Det ansees som ren markedsf\u00f8ring og kan medf\u00f8re utestengelse fra Tjenesten.&nbsp;\n<p>2.3 Hvis det ligger flere utleieobjekter i en annonse, eks 3 forskjellige h\u00f8yttallere i en og samme annonse. S\u00e5 er dette ikke tillatt. Det samme gjelder hvis det er flere annonser om det samme leieobjektet. Men derimot hvis det er samme type h\u00f8yttallere, s\u00e5 kan dette legges i en annonse ved \u00e5 oppgi antall h\u00f8yttalere som er tilgjengelig for utleie.&nbsp;\n<p>2.4 Utleieren er ansvarlig for at opplysningene som oppgis i annonsen er korrekte og fullstendige.\n<p>2.5 Tittelen og beskrivelsen av annonsen skal v\u00e6re tydelig og beskrive det leieobjektet best mulig. Annen informasjon som beskriver noe annet en leieobjektet, tilbud som faller utenfor leieobjektet, eksterne lenker og kontaktinformasjon er ikke tillatt.\n<p>2.6 Det er ikke tillatt \u00e5 annonsere tilbud som er urealistisk. gibbs forbeholder seg retten til \u00e5 nekte eller avbryte publisering av annonser som if\u00f8lge gibbs bed\u00f8mmes feilaktig og\/eller urealistiske.&nbsp;\n<p>2.7&nbsp;Prisene for annonsene skal v\u00e6re lik den prisen utleier operer med til vanlig. Et avvik som f\u00f8rer til h\u00f8yere priser p\u00e5 annonsene enn utleiers eksterne nettsider vil ikke bli akseptert. Hvis annonsen er billigere et annet sted, kan gibbs kreve \u00e5 f\u00e5 mellomlegget p\u00e5 vegne av kunde.&nbsp;\n<p>2.8 Alle annonseringer gjennom Tjenesten skal v\u00e6re etisk korrekt. Det er ikke tillatt \u00e5 publisere annonser som er st\u00f8tende for enkeltpersoner og folkegrupper.&nbsp;&nbsp;\n<p>2.9 gibbs forbeholder seg retten til \u00e5 foreta endringer eller justeringer av annonser som gibbs anser n\u00f8dvendige for \u00e5 oppfylle disse Vilk\u00e5rene. Slike endringer kan, men trenger ikke, kommuniseres til Brukere.\n<h3>3. Lejebetingelser\n<p>\n<p>3.1 Udlejer garanterer ved offentligg\u00f8relse af annoncen, at de har ejendomsretten til eller har ret til at leje lejeboligen.\n<p>3.2 Udlejere og Lejere er ansvarlige for at kontrollere gyldigheden af den respektive Brugers identifikation inden aflevering eller levering af lejeobjektet.\n<p>3.3 Udlejer er ansvarlig for at holde lejeobjektet samt eventuelt tilh\u00f8rende udstyr forsikret. Dette g\u00e6lder i lejeperioden.&nbsp;\n<p>3.4 Lejer er ansvarlig for at passe godt p\u00e5 lejeobjektet. S\u00e5 vidt muligt returneres\/det v\u00e6re sig i samme stand, som da det var udlejet. S\u00e5fremt lejer ved uheld eller uagtsomhed forvolder skade p\u00e5 lejeobjektet, er lejer forpligtet til at erstatte udlejer de afholdte omkostninger til lejeobjektet.\n<p>3.5 Ved at reservere et lejeobjekt i henhold til afsnit 4.1 nedenfor, godkender Lejer de afbestillingsbetingelser, der er angivet i den respektive annonce eller formidlet gennem indbakken.\n<p>3.6 Udlejer v\u00e6lger selv afbestillingsbetingelserne og oplyser dette i beskrivelsen af lejeobjektet eller gennem dialogen p\u00e5 indbakken i Tjenesten. Udlejer er hovedsageligt ansvarlig for, at oplysninger, regler og kontrakter vedr\u00f8rende aflysninger meddeles lejer og underskrives.\n<h3>4. Udlejning og levering\n<p>\n<p>4.1 En reservering av det annonserte leieobjektet oppst\u00e5r n\u00e5r Leietaker bekrefter reservering av leieobjektet, gjennom \u00e5 identifisere seg med Brukerprofil.&nbsp;Utleier m\u00e5 godkjenne eller avsl\u00e5 denne innen 72 timer.&nbsp;Deretter skal Leietaker betale leiebel\u00f8pet i samsvar med Punkt 5.1 nedenfor. En bestillingsbekreftelse sendes deretter via e-post til b\u00e5de Utleier og Leietaker, som inneholder informasjon om avtalen. Informasjonen i bestillingsbekreftelsen er ogs\u00e5 tilgjengelig for Brukere gjennom Tjenesten.\n<p>4.2&nbsp;Hvis en utleier har automatisk godkjenning, vil man m\u00e5tte betale f\u00f8r man kan foreta en reservasjon. Da vil leietaker hoppe over steget reservasjon og leieobjektet vil v\u00e6re tilgjengelig i valgt tidsrom etter gjennomf\u00f8rt betaling.&nbsp;\n<p>4.3 Levering eller levering af lejeobjektet skal ske i henhold til Udlejers og Lejers gensidige aftale i forbindelse med reservationen.\n<h3>5. Betaling\n<p>\n<p>5.1 Betalingen av leiebel\u00f8pet blir gjort i forbindelse med reserveringen via Tjenesten og h\u00e5ndteres via gibbs sin samarbeidspartner Stripe&nbsp;<a><font>(www.stripe.com). Betaling skjer i Tjenesten med debit- eller kredittkort fra Visa, MasterCard, eller American Express.&nbsp;<br><span>et p\u00e5 vegne av<br>\n<p>5.2 Ved betaling trekkes leiebel\u00f8pet fra det debit- eller kredittkortet som Leietaker har angitt i forbindelse med reservering i henhold til Punkt 4.1 ovenfor. gibbs beholder leiebel\u00f8pet p\u00e5 vegne av Leietaker og Utleier under hele leieperioden. Leiebel\u00f8pet overf\u00f8res deretter til Utleierens angitte bankkonto, etter avdrag for gibbs sin serviceavgift i henhold til Punkt 6 nedenfor, senest femten (15) dager etter utleieperiodens slutt.\n<p>5.3 Ved kansellering av utleie refunderes penger til leietakeren i henhold til avbestillingsbetingelsene som er avtalt mellom utleier og leietaker. N\u00e5r avbestillingen er gjennomf\u00f8rt og gibbs f\u00e5r skriftlig beskjed fra leietaker og utleier, s\u00e5 sendes en beskjed direkte til v\u00e5r samarbeidspartner Stripe som h\u00e5ndterer refusjonen. Det tar vanligvis mellom 5-15 dager f\u00f8r tilbakebetalingen gjennomf\u00f8res og pengene er synlige p\u00e5 kortet igjen.\n<h3>6. Serviceavgift\n<p>\n<p>6.1 gibbs tar en serviceavgift for bestillinger som skjer via Tjenesten. Serviceavgiften utgj\u00f8r 10% av bel\u00f8pet som er avtalt mellom Brukerne. gibbs har rett til \u00e5 endre serviceavgiften ved \u00e5 endre disse Vilk\u00e5rene.\n<p>6.2 Brukere som unng\u00e5r \u00e5 betale serviceavgiften. F.eks. Gjennom \u00e5 ta betalt utenfor Tjenesten kan sies opp etter punkt 11.1.\n<h3>7.&nbsp; Avbestilling &amp; reklamasjon\n<p>\n<p>7.1 Annullering af et reserveret lejeobjekt kan foretages af Lejer i henhold til de af udlejer fastsatte afbestillingsbetingelser.\n<p>7.2 Udlejer og Lejer har ret til at annullere en reservation p\u00e5 grund af omst\u00e6ndigheder, som Udlejer eller Lejer ikke kunne forudse eller kontrollere (force majeure).\n<p>7.3 Eventuelle reklamasjoner, innvendinger og krav p\u00e5 erstatning i forbindelse med leieobjektet meldes ifra til gibbs og gibbs vil videre formidle og s\u00f8rge for at Utleier f\u00e5r beskjed og h\u00e5ndterer dette. Reklamasjon m\u00e5 skje senest 7 dager etter endt leieforhold.&nbsp;\n<p>7.4 Ved kansellering og tilbakebetaling til Leietaker, s\u00e5 vil ikke 3-5% av totalsummen bli refundert, siden v\u00e5r samarbeidspartner (Stripes) tar sin gebyr for den opprinnelige betalingen.\n<h3>8. Brugeransvar\n<p>\n<p>8.1 Brugere forpligter sig til at bruge Tjenesten i overensstemmelse med Vilk\u00e5rene.\n<p>8.2 Brugeren er ansvarlig for al information offentliggjort via Tjenesten. Dette omfatter oplysningerne ved registrering af en konto, og hvad der offentligg\u00f8res om lejeboligen eller p\u00e5 anden m\u00e5de gennem Tjenesten. Brugeren skal sikre, at oplysningerne er korrekte, og at de ikke er i strid med vilk\u00e5r og betingelser og g\u00e6ldende lovgivning.\n<p>8.3 Brugeren garanterer, at Brugeren har alle n\u00f8dvendige rettigheder til indhold, som en Bruger opretter og\/eller uploader til Tjenesten.&nbsp;\n<p>8.4 Ved at uploade brugerindhold giver brugeren gibbs ubegr\u00e6nset ret til frit at disponere over det p\u00e5g\u00e6ldende brugerindhold, gennem for eksempel at behandle, tilpasse, gemme eller kopiere det og g\u00f8re det tilg\u00e6ngeligt for offentligheden.\n<p>8.5 gibbs&#039; brug af Brugerindholdet giver ikke anledning til erstatningskrav fra Brugeren.\n<p>8.6 Brugere kan blive holdt ansvarlige for ethvert tab eller skade, der p\u00e5virker gibbs eller andre p\u00e5 grund af brugerens brud p\u00e5 vilk\u00e5rene eller g\u00e6ldende lov eller som f\u00f8lge af andre former for adf\u00e6rd.\n<h3>9. Gibbs&#039; ansvar\n<p>\n<p>9.1 gibbs arbejder for at sikre, at Tjenesten er tilg\u00e6ngelig 24 (24) timer i d\u00f8gnet. gibbs er dog ikke ansvarlig, hvis hele eller en del af tjenesten er utilg\u00e6ngelig p\u00e5 noget tidspunkt eller i en hvilken som helst periode, uanset \u00e5rsagen.\n<p>9.2 Adgang til Tjenesten kan afbrydes midlertidigt og uden varsel i tilf\u00e6lde af systemfejl, vedligeholdelse, reparation eller af andre \u00e5rsager uden for gibbs kontrol.\n<p>9.3 Indholdet af Tjenesten leveres &quot;som det er&quot;, og gibbs giver ingen garantier vedr\u00f8rende indholdet.\n<p>9.4 gibbs vil samarbejde fuldt ud med alle myndigheder og overholde alle retsafg\u00f8relser, der kr\u00e6ver videregivelse af personlige data eller lokationsoplysninger for enhver, der har offentliggjort indhold i strid med vilk\u00e5rene.\n<h3>10. Ansvarsbegr\u00e6nsning\n<p>\n<p>10.1 gibbs fral\u00e6gger sig hermed, i det omfang det er tilladt i henhold til g\u00e6ldende lovgivning, ansvar for direkte og indirekte skader og\/eller tab. Samt skader p\u00e5f\u00f8rt Brugere eller tredjeparter i forbindelse med brugen eller udfordringer med brugen af Tjenesten. Uanset hvordan skaden opst\u00e5r, og uanset om skaden er for\u00e5rsaget af uagtsomhed, kontraktbrud eller anden \u00e5rsag.\n<p>10.2 Ansvarsbegr\u00e6nsning (i dette afsnit) \u00e6ndrer eller begr\u00e6nser ikke en brugers rettigheder som forbruger og udelukker eller begr\u00e6nser ikke ansvar i det omfang, det ikke er tilladt i henhold til g\u00e6ldende lovgivning.\n<h3>11. Opsigelse af konto\n<p>\n<p>11.1 gibbs er berettiget til efter eget sk\u00f8n og uden forudg\u00e5ende varsel at begr\u00e6nse en Brugers adgang til Tjenesten og\/eller afvise al korrespondance med en Bruger i tilf\u00e6lde af:\n\n<li>Der er en regulerings\u00e6ndring, der begr\u00e6nser gibbs&#039; mulighed for at tilbyde adgang til tjenesten\n<li>Enhver h\u00e6ndelse uden for gibbs kontrol, der forhindrer gibbs i at give adgang til tjenesten, herunder, men ikke begr\u00e6nset til, teknisk problem, kapacitetsproblem og kommunikationsproblem\n<li>gibbs mener, at en bruger misbruger tjenesten eller p\u00e5 anden m\u00e5de handler i strid med vilk\u00e5rene.&nbsp;\n<li><span>gibbs har ret til at fjerne oplysninger, som brugeren indtaster i tjenesten, for at opfylde sine forpligtelser i henhold til lovgivningen.<br>\n<li>\n<ul>\n<li>\n<h3>12. Personlige data\n<p>\n<p>12.1 Brug af Tjenesten involverer behandling af personoplysninger til forskellige form\u00e5l. gibbs er dataansvarlig for al behandling af personoplysninger, som gibbs eller andre p\u00e5 vegne af gibbs udf\u00f8rer inden for tjenestens omfang. Persondata er oplysninger, der direkte eller indirekte kan knyttes til en person, for eksempel navn og adresse.&nbsp;\n<p>12.2 Ved at acceptere vilk\u00e5rene giver brugerne samtykke til gibbs behandling\n<p>(i) Kontaktoplysninger s\u00e5som navn, e-mail, telefonnummer og adresse (ii) Betalingsoplysninger s\u00e5som debet- eller kreditkort eller bankkonto til betaling, (iii) Geografisk placering s\u00e5som koordinater, (iv) Detaljeret ordrehistorik inklusive kvittering og gange, (v) IP-adresse (vi) Brugeroplysninger indtastet i annoncer.\n<h3>13. Immaterielle rettigheder&nbsp;\n<p>\n<p>Medmindre andet er angivet i disse vilk\u00e5r eller i tjenesten, ejer gibbs AS eller gibbs&#039; licensgiver alle intellektuelle og andre rettigheder, herunder ophavsret og varem\u00e6rkerettigheder. Brugere m\u00e5 ikke distribuere, vise eller kopiere brugerindholdet i tjenesten uden gibbs skriftlige samtykke.\n<h3>14. Andet\n<p>\n<p>14.1 Hvis en bestemmelse i disse vilk\u00e5r anses for at v\u00e6re ulovlig, ugyldig eller ikke kan h\u00e5ndh\u00e6ves af andre \u00e5rsager, skal denne bestemmelse anses for at v\u00e6re udeladt og skal ikke p\u00e5virke gyldigheden eller h\u00e5ndh\u00e6velsen af nogen af de resterende bestemmelser i vilk\u00e5rene.\n<p>14.2 Disse vilk\u00e5r udg\u00f8r hele aftalen mellem gibbs og brugeren vedr\u00f8rende brugen af tjenesten (gibbs) og erstatter alle tidligere aftaler og erkl\u00e6ringer med hensyn hertil.\n<p>14.3 Disse vilk\u00e5r og betingelser er udarbejdet og skal fortolkes i overensstemmelse med norsk lov.\n<p>\n<p>Hvis du har sp\u00f8rgsm\u00e5l vedr\u00f8rende disse vilk\u00e5r eller andet, kan du kontakte os p\u00e5&nbsp;<a>kontakt@gibbs.no.\n\n\n\n\t\t\t\t\t\t<\/div>\n\t\t\t\t<\/div>\n\t\t\t\t\t<\/div>\n\t\t<\/div>\n\t\t\t\t\t\t\t<\/div>\n\t\t<\/section>\n\t\t\t\t\t\t<\/div>\n\t\t\t\t\t<\/div>","protected":false},"excerpt":{"rendered":"<p>Sist oppdatert 26. januar 2026 Vilk\u00e5r for bruk av gibbs Vennligst les disse vilk\u00e5rene for tjenesten \u00abgibbs\u00bb (\u00abVilk\u00e5rene\u00bb) n\u00f8ye f\u00f8r du bruker nettstedet og tjenestene som tilbys under domenethttps:\/\/www.gibbs.no. gibbs drives av Gibbs AS, org.nr. 922 265 739, med forretningsadresse Storgata 15, 1767 Halden, Norge. Gibbs AS formidler transaksjoner gjennom Tjenesten og opptrer som systemleverand\u00f8r [&hellip;]<\/p>","protected":false},"author":1,"featured_media":0,"parent":0,"menu_order":0,"comment_status":"closed","ping_status":"closed","template":"","meta":{"inline_featured_image":false,"_uag_custom_page_level_css":"","footnotes":""},"class_list":["post-364","page","type-page","status-publish","hentry"],"yoast_head":"<!-- This site is optimized with the Yoast SEO plugin v20.8 - https:\/\/yoast.com\/wordpress\/plugins\/seo\/ -->\n<title>Vilk\u00e5r og betingelser - Gibbs.no - Bookingsystem<\/title>\n<meta name=\"robots\" content=\"index, follow, max-snippet:-1, max-image-preview:large, max-video-preview:-1\" \/>\n<link rel=\"canonical\" href=\"https:\/\/www.gibbs.no\/da\/vilkaar\/\" \/>\n<meta property=\"og:locale\" content=\"da_DK\" \/>\n<meta property=\"og:type\" content=\"article\" \/>\n<meta property=\"og:title\" content=\"Vilk\u00e5r og betingelser - Gibbs.no - Bookingsystem\" \/>\n<meta property=\"og:description\" content=\"Sist oppdatert 26. januar 2026 Vilk\u00e5r for bruk av gibbs Vennligst les disse vilk\u00e5rene for tjenesten \u00abgibbs\u00bb (\u00abVilk\u00e5rene\u00bb) n\u00f8ye f\u00f8r du bruker nettstedet og tjenestene som tilbys under domenethttps:\/\/www.gibbs.no. gibbs drives av Gibbs AS, org.nr. 922 265 739, med forretningsadresse Storgata 15, 1767 Halden, Norge. Gibbs AS formidler transaksjoner gjennom Tjenesten og opptrer som systemleverand\u00f8r [&hellip;]\" \/>\n<meta property=\"og:url\" content=\"https:\/\/www.gibbs.no\/da\/vilkaar\/\" \/>\n<meta property=\"og:site_name\" content=\"Gibbs.no - Bookingsystem\" \/>\n<meta property=\"article:publisher\" content=\"https:\/\/www.facebook.com\/GibbsNorge\" \/>\n<meta property=\"article:modified_time\" content=\"2026-01-26T14:51:09+00:00\" \/>\n<meta property=\"og:image\" content=\"https:\/\/www.gibbs.no\/wp-content\/uploads\/2023\/10\/Gibbs-Bookingsystem.png\" \/>\n\t<meta property=\"og:image:width\" content=\"1200\" \/>\n\t<meta property=\"og:image:height\" content=\"630\" \/>\n\t<meta property=\"og:image:type\" content=\"image\/png\" \/>\n<meta name=\"twitter:card\" content=\"summary_large_image\" \/>\n<meta name=\"twitter:label1\" content=\"Est. reading time\" \/>\n\t<meta name=\"twitter:data1\" content=\"5 minutes\" \/>\n<script type=\"application\/ld+json\" class=\"yoast-schema-graph\">{\"@context\":\"https:\/\/schema.org\",\"@graph\":[{\"@type\":\"WebPage\",\"@id\":\"https:\/\/www.gibbs.no\/vilkaar\/\",\"url\":\"https:\/\/www.gibbs.no\/vilkaar\/\",\"name\":\"Vilk\u00e5r og betingelser - Gibbs.no - Bookingsystem\",\"isPartOf\":{\"@id\":\"https:\/\/www.gibbs.no\/#website\"},\"datePublished\":\"2020-05-21T19:41:06+00:00\",\"dateModified\":\"2026-01-26T14:51:09+00:00\",\"breadcrumb\":{\"@id\":\"https:\/\/www.gibbs.no\/vilkaar\/#breadcrumb\"},\"inLanguage\":\"da-DK\",\"potentialAction\":[{\"@type\":\"ReadAction\",\"target\":[\"https:\/\/www.gibbs.no\/vilkaar\/\"]}]},{\"@type\":\"BreadcrumbList\",\"@id\":\"https:\/\/www.gibbs.no\/vilkaar\/#breadcrumb\",\"itemListElement\":[{\"@type\":\"ListItem\",\"position\":1,\"name\":\"Home\",\"item\":\"https:\/\/www.gibbs.no\/\"},{\"@type\":\"ListItem\",\"position\":2,\"name\":\"Vilk\u00e5r og betingelser\"}]},{\"@type\":\"WebSite\",\"@id\":\"https:\/\/www.gibbs.no\/#website\",\"url\":\"https:\/\/www.gibbs.no\/\",\"name\":\"Gibbs.no\",\"description\":\"Bookingsystem - 1.Book 2.Betal 3.\u00c5pne\",\"publisher\":{\"@id\":\"https:\/\/www.gibbs.no\/#organization\"},\"potentialAction\":[{\"@type\":\"SearchAction\",\"target\":{\"@type\":\"EntryPoint\",\"urlTemplate\":\"https:\/\/www.gibbs.no\/?s={search_term_string}\"},\"query-input\":\"required name=search_term_string\"}],\"inLanguage\":\"da-DK\"},{\"@type\":\"Organization\",\"@id\":\"https:\/\/www.gibbs.no\/#organization\",\"name\":\"Gibbs AS\",\"url\":\"https:\/\/www.gibbs.no\/\",\"logo\":{\"@type\":\"ImageObject\",\"inLanguage\":\"da-DK\",\"@id\":\"https:\/\/www.gibbs.no\/#\/schema\/logo\/image\/\",\"url\":\"https:\/\/www.gibbs.no\/wp-content\/uploads\/2023\/11\/Gibbs-bookingsystem-logo.png\",\"contentUrl\":\"https:\/\/www.gibbs.no\/wp-content\/uploads\/2023\/11\/Gibbs-bookingsystem-logo.png\",\"width\":696,\"height\":696,\"caption\":\"Gibbs AS\"},\"image\":{\"@id\":\"https:\/\/www.gibbs.no\/#\/schema\/logo\/image\/\"},\"sameAs\":[\"https:\/\/www.facebook.com\/GibbsNorge\",\"https:\/\/www.linkedin.com\/company\/gibbsnorge\"]}]}<\/script>\n<!-- \/ Yoast SEO plugin. -->","yoast_head_json":{"title":"Vilk\u00e5r og betingelser - Gibbs.no - Bookingsystem","robots":{"index":"index","follow":"follow","max-snippet":"max-snippet:-1","max-image-preview":"max-image-preview:large","max-video-preview":"max-video-preview:-1"},"canonical":"https:\/\/www.gibbs.no\/da\/vilkaar\/","og_locale":"da_DK","og_type":"article","og_title":"Vilk\u00e5r og betingelser - Gibbs.no - Bookingsystem","og_description":"Sist oppdatert 26. januar 2026 Vilk\u00e5r for bruk av gibbs Vennligst les disse vilk\u00e5rene for tjenesten \u00abgibbs\u00bb (\u00abVilk\u00e5rene\u00bb) n\u00f8ye f\u00f8r du bruker nettstedet og tjenestene som tilbys under domenethttps:\/\/www.gibbs.no. gibbs drives av Gibbs AS, org.nr. 922 265 739, med forretningsadresse Storgata 15, 1767 Halden, Norge. Gibbs AS formidler transaksjoner gjennom Tjenesten og opptrer som systemleverand\u00f8r [&hellip;]","og_url":"https:\/\/www.gibbs.no\/da\/vilkaar\/","og_site_name":"Gibbs.no - Bookingsystem","article_publisher":"https:\/\/www.facebook.com\/GibbsNorge","article_modified_time":"2026-01-26T14:51:09+00:00","og_image":[{"width":1200,"height":630,"url":"https:\/\/www.gibbs.no\/wp-content\/uploads\/2023\/10\/Gibbs-Bookingsystem.png","type":"image\/png"}],"twitter_card":"summary_large_image","twitter_misc":{"Est. reading time":"5 minutes"},"schema":{"@context":"https:\/\/schema.org","@graph":[{"@type":"WebPage","@id":"https:\/\/www.gibbs.no\/vilkaar\/","url":"https:\/\/www.gibbs.no\/vilkaar\/","name":"Vilk\u00e5r og betingelser - Gibbs.no - Bookingsystem","isPartOf":{"@id":"https:\/\/www.gibbs.no\/#website"},"datePublished":"2020-05-21T19:41:06+00:00","dateModified":"2026-01-26T14:51:09+00:00","breadcrumb":{"@id":"https:\/\/www.gibbs.no\/vilkaar\/#breadcrumb"},"inLanguage":"da-DK","potentialAction":[{"@type":"ReadAction","target":["https:\/\/www.gibbs.no\/vilkaar\/"]}]},{"@type":"BreadcrumbList","@id":"https:\/\/www.gibbs.no\/vilkaar\/#breadcrumb","itemListElement":[{"@type":"ListItem","position":1,"name":"Home","item":"https:\/\/www.gibbs.no\/"},{"@type":"ListItem","position":2,"name":"Vilk\u00e5r og betingelser"}]},{"@type":"WebSite","@id":"https:\/\/www.gibbs.no\/#website","url":"https:\/\/www.gibbs.no\/","name":"Gibbs.no","description":"Bookingsystem - 1.Book 2.Betal 3.\u00c5pne","publisher":{"@id":"https:\/\/www.gibbs.no\/#organization"},"potentialAction":[{"@type":"SearchAction","target":{"@type":"EntryPoint","urlTemplate":"https:\/\/www.gibbs.no\/?s={search_term_string}"},"query-input":"required name=search_term_string"}],"inLanguage":"da-DK"},{"@type":"Organization","@id":"https:\/\/www.gibbs.no\/#organization","name":"Gibbs AS","url":"https:\/\/www.gibbs.no\/","logo":{"@type":"ImageObject","inLanguage":"da-DK","@id":"https:\/\/www.gibbs.no\/#\/schema\/logo\/image\/","url":"https:\/\/www.gibbs.no\/wp-content\/uploads\/2023\/11\/Gibbs-bookingsystem-logo.png","contentUrl":"https:\/\/www.gibbs.no\/wp-content\/uploads\/2023\/11\/Gibbs-bookingsystem-logo.png","width":696,"height":696,"caption":"Gibbs AS"},"image":{"@id":"https:\/\/www.gibbs.no\/#\/schema\/logo\/image\/"},"sameAs":["https:\/\/www.facebook.com\/GibbsNorge","https:\/\/www.linkedin.com\/company\/gibbsnorge"]}]}},"uagb_featured_image_src":{"full":false,"thumbnail":false,"medium":false,"medium_large":false,"large":false,"1536x1536":false,"2048x2048":false,"trp-custom-language-flag":false,"post-thumbnail":false,"listeo-avatar":false,"listeo-blog-post":false,"listeo-blog-related-post":false,"listeo-post-thumb":false,"listeo-gallery":false,"listeo-listing-grid":false,"listeo_core-avatar":false,"listeo_core-preview":false,"woocommerce_thumbnail":false,"woocommerce_single":false,"woocommerce_gallery_thumbnail":false},"uagb_author_info":{"display_name":"Gibbs k","author_link":"https:\/\/www.gibbs.no\/da\/author\/kamil-gryga94gmail-com\/"},"uagb_comment_info":0,"uagb_excerpt":"Sist oppdatert 26. januar 2026 Vilk\u00e5r for bruk av gibbs Vennligst les disse vilk\u00e5rene for tjenesten \u00abgibbs\u00bb (\u00abVilk\u00e5rene\u00bb) n\u00f8ye f\u00f8r du bruker nettstedet og tjenestene som tilbys under domenethttps:\/\/www.gibbs.no. gibbs drives av Gibbs AS, org.nr. 922 265 739, med forretningsadresse Storgata 15, 1767 Halden, Norge. Gibbs AS formidler transaksjoner gjennom Tjenesten og opptrer som systemleverand\u00f8r&hellip;","_links":{"self":[{"href":"https:\/\/www.gibbs.no\/da\/wp-json\/wp\/v2\/pages\/364","targetHints":{"allow":["GET"]}}],"collection":[{"href":"https:\/\/www.gibbs.no\/da\/wp-json\/wp\/v2\/pages"}],"about":[{"href":"https:\/\/www.gibbs.no\/da\/wp-json\/wp\/v2\/types\/page"}],"author":[{"embeddable":true,"href":"https:\/\/www.gibbs.no\/da\/wp-json\/wp\/v2\/users\/1"}],"replies":[{"embeddable":true,"href":"https:\/\/www.gibbs.no\/da\/wp-json\/wp\/v2\/comments?post=364"}],"version-history":[{"count":2,"href":"https:\/\/www.gibbs.no\/da\/wp-json\/wp\/v2\/pages\/364\/revisions"}],"predecessor-version":[{"id":116123,"href":"https:\/\/www.gibbs.no\/da\/wp-json\/wp\/v2\/pages\/364\/revisions\/116123"}],"wp:attachment":[{"href":"https:\/\/www.gibbs.no\/da\/wp-json\/wp\/v2\/media?parent=364"}],"curies":[{"name":"wp","href":"https:\/\/api.w.org\/{rel}","templated":true}]}}