{"id":35756,"date":"2024-08-07T14:09:44","date_gmt":"2024-08-07T12:09:44","guid":{"rendered":"https:\/\/www.gibbs.no\/?page_id=35756"},"modified":"2025-11-02T20:48:29","modified_gmt":"2025-11-02T19:48:29","slug":"hjelp","status":"publish","type":"page","link":"https:\/\/www.gibbs.no\/da\/hjelp\/","title":{"rendered":"Hj\u00e6lp"},"content":{"rendered":"<p><\/p>\n\n\n\n<div class=\"wp-block-group\"><div class=\"wp-block-group__inner-container is-layout-constrained wp-block-group-is-layout-constrained\">\n<div class=\"wp-block-group green_background_image\"><div class=\"wp-block-group__inner-container is-layout-constrained wp-block-group-is-layout-constrained\">\n<h1 class=\"wp-block-heading has-text-align-center has-x-large-font-size\"><strong><strong>Hj\u00e6lp<\/strong><\/strong><\/h1>\n<\/div><\/div>\n\n\n\n<div style=\"height:10px\" aria-hidden=\"true\" class=\"wp-block-spacer\"><\/div>\n\n\n\n<div class=\"wp-block-uagb-container uagb-block-d46b26bd alignfull uagb-is-root-container\"><div class=\"uagb-container-inner-blocks-wrap\">\n<div class=\"wp-block-group\"><div class=\"wp-block-group__inner-container is-layout-constrained wp-block-group-is-layout-constrained\">\n<div style=\"height:20px\" aria-hidden=\"true\" class=\"wp-block-spacer\"><\/div>\n\n\n\n<div style=\"height:20px\" aria-hidden=\"true\" class=\"wp-block-spacer\"><\/div>\n\n\n\n<div class=\"wp-block-columns is-layout-flex wp-container-core-columns-is-layout-9d6595d7 wp-block-columns-is-layout-flex\">\n<div class=\"wp-block-column is-layout-flow wp-block-column-is-layout-flow\">\n<div class=\"wp-block-uagb-info-box uagb-block-28e26f1f uagb-infobox__content-wrap  uagb-infobox-icon-above-title uagb-infobox-image-valign-middle\"><div class=\"uagb-ifb-content\"><div class=\"uagb-ifb-icon-wrap\"><div class=\"uagb-iconbox-icon-wrap uagb-infobox-shape-circle\"><svg xmlns=\"https:\/\/www.w3.org\/2000\/svg\" viewbox=\"0 0 640 512\"><path d=\"M416 176C416 78.8 322.9 0 208 0S0 78.8 0 176c0 39.57 15.62 75.96 41.67 105.4c-16.39 32.76-39.23 57.32-39.59 57.68c-2.1 2.205-2.67 5.475-1.441 8.354C1.9 350.3 4.602 352 7.66 352c38.35 0 70.76-11.12 95.74-24.04C134.2 343.1 169.8 352 208 352C322.9 352 416 273.2 416 176zM599.6 443.7C624.8 413.9 640 376.6 640 336C640 238.8 554 160 448 160c-.3145 0-.6191 .041-.9336 .043C447.5 165.3 448 170.6 448 176c0 98.62-79.68 181.2-186.1 202.5C282.7 455.1 357.1 512 448 512c33.69 0 65.32-8.008 92.85-21.98C565.2 502 596.1 512 632.3 512c3.059 0 5.76-1.725 7.02-4.605c1.229-2.879 .6582-6.148-1.441-8.354C637.6 498.7 615.9 475.3 599.6 443.7z\"><\/path><\/svg><\/div><\/div><div class=\"uagb-ifb-title-wrap\"><h3 class=\"uagb-ifb-title\">Sp\u00f8r Gibbs assistent<\/h3><\/div><p class=\"uagb-ifb-desc\">Gibbs&#039; Chat GPT-assistent, som kan give dig svar p\u00e5 dine sp\u00f8rgsm\u00e5l 24\/7<\/p><\/div><\/div>\n<\/div>\n\n\n\n<div class=\"wp-block-column is-layout-flow wp-block-column-is-layout-flow\">\n<div class=\"wp-block-uagb-info-box uagb-block-c060e898 uagb-infobox__content-wrap  uagb-infobox-icon-above-title uagb-infobox-image-valign-middle\"><div class=\"uagb-ifb-content\"><div class=\"uagb-ifb-icon-wrap\"><div class=\"uagb-iconbox-icon-wrap uagb-infobox-shape-circle\"><svg xmlns=\"https:\/\/www.w3.org\/2000\/svg\" viewbox=\"0 0 448 512\"><path d=\"M448 336v-288C448 21.49 426.5 0 400 0H96C42.98 0 0 42.98 0 96v320c0 53.02 42.98 96 96 96h320c17.67 0 32-14.33 32-31.1c0-11.72-6.607-21.52-16-27.1v-81.36C441.8 362.8 448 350.2 448 336zM143.1 128h192C344.8 128 352 135.2 352 144C352 152.8 344.8 160 336 160H143.1C135.2 160 128 152.8 128 144C128 135.2 135.2 128 143.1 128zM143.1 192h192C344.8 192 352 199.2 352 208C352 216.8 344.8 224 336 224H143.1C135.2 224 128 216.8 128 208C128 199.2 135.2 192 143.1 192zM384 448H96c-17.67 0-32-14.33-32-32c0-17.67 14.33-32 32-32h288V448z\"><\/path><\/svg><\/div><\/div><div class=\"uagb-ifb-title-wrap\"><h3 class=\"uagb-ifb-title\">Gibbs vidensbase<\/h3><\/div><p class=\"uagb-ifb-desc\"><br>En komplet guide til, hvordan systemet fungerer.<br><a href=\"https:\/\/support.gibbs.no\/index.php\/knowledge-base-category\/brukerveiledning-for-utleier\/\" target=\"_blank\" rel=\"noreferrer noopener\"><strong>G\u00e5 til vidensbasen<\/strong><\/a><\/p><\/div><\/div>\n<\/div>\n\n\n\n<div class=\"wp-block-column is-layout-flow wp-block-column-is-layout-flow\">\n<div class=\"wp-block-uagb-info-box uagb-block-debd7ffd uagb-infobox__content-wrap  uagb-infobox-icon-above-title uagb-infobox-image-valign-middle\"><div class=\"uagb-ifb-content\"><div class=\"uagb-ifb-icon-wrap\"><div class=\"uagb-iconbox-icon-wrap uagb-infobox-shape-circle\"><svg xmlns=\"https:\/\/www.w3.org\/2000\/svg\" viewbox=\"0 0 512 512\"><path d=\"M511.6 36.86l-64 415.1c-1.5 9.734-7.375 18.22-15.97 23.05c-4.844 2.719-10.27 4.097-15.68 4.097c-4.188 0-8.319-.8154-12.29-2.472l-122.6-51.1l-50.86 76.29C226.3 508.5 219.8 512 212.8 512C201.3 512 192 502.7 192 491.2v-96.18c0-7.115 2.372-14.03 6.742-19.64L416 96l-293.7 264.3L19.69 317.5C8.438 312.8 .8125 302.2 .0625 289.1s5.469-23.72 16.06-29.77l448-255.1c10.69-6.109 23.88-5.547 34 1.406S513.5 24.72 511.6 36.86z\"><\/path><\/svg><\/div><\/div><div class=\"uagb-ifb-title-wrap\"><h3 class=\"uagb-ifb-title\">Rapporter fejl<\/h3><\/div><p class=\"uagb-ifb-desc\">Send beskrivelse av feilen til support@gibbs.no<\/p><\/div><\/div>\n<\/div>\n<\/div>\n<\/div><\/div>\n<\/div><\/div>\n<\/div><\/div>","protected":false},"excerpt":{"rendered":"<p>Hj\u00e6lp<\/p>","protected":false},"author":1,"featured_media":0,"parent":0,"menu_order":0,"comment_status":"closed","ping_status":"closed","template":"","meta":{"inline_featured_image":false,"_uag_custom_page_level_css":"","footnotes":""},"class_list":["post-35756","page","type-page","status-publish","hentry"],"yoast_head":"<!-- This site is optimized with the Yoast SEO plugin v20.8 - https:\/\/yoast.com\/wordpress\/plugins\/seo\/ -->\n<title>Hjelp - Gibbs.no - Bookingsystem<\/title>\n<meta name=\"robots\" content=\"index, follow, max-snippet:-1, max-image-preview:large, max-video-preview:-1\" \/>\n<link rel=\"canonical\" href=\"https:\/\/www.gibbs.no\/da\/hjelp\/\" \/>\n<meta property=\"og:locale\" content=\"da_DK\" \/>\n<meta property=\"og:type\" content=\"article\" \/>\n<meta property=\"og:title\" content=\"Hjelp - Gibbs.no - Bookingsystem\" \/>\n<meta property=\"og:description\" content=\"Hjelp\" \/>\n<meta property=\"og:url\" content=\"https:\/\/www.gibbs.no\/da\/hjelp\/\" \/>\n<meta property=\"og:site_name\" content=\"Gibbs.no - Bookingsystem\" \/>\n<meta property=\"article:publisher\" content=\"https:\/\/www.facebook.com\/GibbsNorge\" \/>\n<meta property=\"article:modified_time\" content=\"2025-11-02T19:48:29+00:00\" \/>\n<meta property=\"og:image\" content=\"https:\/\/www.gibbs.no\/wp-content\/uploads\/2023\/10\/Gibbs-Bookingsystem.png\" \/>\n\t<meta property=\"og:image:width\" content=\"1200\" \/>\n\t<meta property=\"og:image:height\" content=\"630\" \/>\n\t<meta property=\"og:image:type\" content=\"image\/png\" \/>\n<meta name=\"twitter:card\" content=\"summary_large_image\" \/>\n<meta name=\"twitter:label1\" content=\"Est. reading time\" \/>\n\t<meta name=\"twitter:data1\" content=\"1 minute\" \/>\n<script type=\"application\/ld+json\" class=\"yoast-schema-graph\">{\"@context\":\"https:\/\/schema.org\",\"@graph\":[{\"@type\":\"WebPage\",\"@id\":\"https:\/\/www.gibbs.no\/hjelp\/\",\"url\":\"https:\/\/www.gibbs.no\/hjelp\/\",\"name\":\"Hjelp - Gibbs.no - Bookingsystem\",\"isPartOf\":{\"@id\":\"https:\/\/www.gibbs.no\/#website\"},\"datePublished\":\"2024-08-07T12:09:44+00:00\",\"dateModified\":\"2025-11-02T19:48:29+00:00\",\"breadcrumb\":{\"@id\":\"https:\/\/www.gibbs.no\/hjelp\/#breadcrumb\"},\"inLanguage\":\"da-DK\",\"potentialAction\":[{\"@type\":\"ReadAction\",\"target\":[\"https:\/\/www.gibbs.no\/hjelp\/\"]}]},{\"@type\":\"BreadcrumbList\",\"@id\":\"https:\/\/www.gibbs.no\/hjelp\/#breadcrumb\",\"itemListElement\":[{\"@type\":\"ListItem\",\"position\":1,\"name\":\"Home\",\"item\":\"https:\/\/www.gibbs.no\/\"},{\"@type\":\"ListItem\",\"position\":2,\"name\":\"Hjelp\"}]},{\"@type\":\"WebSite\",\"@id\":\"https:\/\/www.gibbs.no\/#website\",\"url\":\"https:\/\/www.gibbs.no\/\",\"name\":\"Gibbs.no\",\"description\":\"Bookingsystem - 1.Book 2.Betal 3.\u00c5pne\",\"publisher\":{\"@id\":\"https:\/\/www.gibbs.no\/#organization\"},\"potentialAction\":[{\"@type\":\"SearchAction\",\"target\":{\"@type\":\"EntryPoint\",\"urlTemplate\":\"https:\/\/www.gibbs.no\/?s={search_term_string}\"},\"query-input\":\"required name=search_term_string\"}],\"inLanguage\":\"da-DK\"},{\"@type\":\"Organization\",\"@id\":\"https:\/\/www.gibbs.no\/#organization\",\"name\":\"Gibbs AS\",\"url\":\"https:\/\/www.gibbs.no\/\",\"logo\":{\"@type\":\"ImageObject\",\"inLanguage\":\"da-DK\",\"@id\":\"https:\/\/www.gibbs.no\/#\/schema\/logo\/image\/\",\"url\":\"https:\/\/www.gibbs.no\/wp-content\/uploads\/2023\/11\/Gibbs-bookingsystem-logo.png\",\"contentUrl\":\"https:\/\/www.gibbs.no\/wp-content\/uploads\/2023\/11\/Gibbs-bookingsystem-logo.png\",\"width\":696,\"height\":696,\"caption\":\"Gibbs AS\"},\"image\":{\"@id\":\"https:\/\/www.gibbs.no\/#\/schema\/logo\/image\/\"},\"sameAs\":[\"https:\/\/www.facebook.com\/GibbsNorge\",\"https:\/\/www.linkedin.com\/company\/gibbsnorge\"]}]}<\/script>\n<!-- \/ Yoast SEO plugin. -->","yoast_head_json":{"title":"Hjelp - Gibbs.no - Bookingsystem","robots":{"index":"index","follow":"follow","max-snippet":"max-snippet:-1","max-image-preview":"max-image-preview:large","max-video-preview":"max-video-preview:-1"},"canonical":"https:\/\/www.gibbs.no\/da\/hjelp\/","og_locale":"da_DK","og_type":"article","og_title":"Hjelp - Gibbs.no - Bookingsystem","og_description":"Hjelp","og_url":"https:\/\/www.gibbs.no\/da\/hjelp\/","og_site_name":"Gibbs.no - Bookingsystem","article_publisher":"https:\/\/www.facebook.com\/GibbsNorge","article_modified_time":"2025-11-02T19:48:29+00:00","og_image":[{"width":1200,"height":630,"url":"https:\/\/www.gibbs.no\/wp-content\/uploads\/2023\/10\/Gibbs-Bookingsystem.png","type":"image\/png"}],"twitter_card":"summary_large_image","twitter_misc":{"Est. reading time":"1 minute"},"schema":{"@context":"https:\/\/schema.org","@graph":[{"@type":"WebPage","@id":"https:\/\/www.gibbs.no\/hjelp\/","url":"https:\/\/www.gibbs.no\/hjelp\/","name":"Hjelp - Gibbs.no - Bookingsystem","isPartOf":{"@id":"https:\/\/www.gibbs.no\/#website"},"datePublished":"2024-08-07T12:09:44+00:00","dateModified":"2025-11-02T19:48:29+00:00","breadcrumb":{"@id":"https:\/\/www.gibbs.no\/hjelp\/#breadcrumb"},"inLanguage":"da-DK","potentialAction":[{"@type":"ReadAction","target":["https:\/\/www.gibbs.no\/hjelp\/"]}]},{"@type":"BreadcrumbList","@id":"https:\/\/www.gibbs.no\/hjelp\/#breadcrumb","itemListElement":[{"@type":"ListItem","position":1,"name":"Home","item":"https:\/\/www.gibbs.no\/"},{"@type":"ListItem","position":2,"name":"Hjelp"}]},{"@type":"WebSite","@id":"https:\/\/www.gibbs.no\/#website","url":"https:\/\/www.gibbs.no\/","name":"Gibbs.no","description":"Bookingsystem - 1.Book 2.Betal 3.\u00c5pne","publisher":{"@id":"https:\/\/www.gibbs.no\/#organization"},"potentialAction":[{"@type":"SearchAction","target":{"@type":"EntryPoint","urlTemplate":"https:\/\/www.gibbs.no\/?s={search_term_string}"},"query-input":"required name=search_term_string"}],"inLanguage":"da-DK"},{"@type":"Organization","@id":"https:\/\/www.gibbs.no\/#organization","name":"Gibbs AS","url":"https:\/\/www.gibbs.no\/","logo":{"@type":"ImageObject","inLanguage":"da-DK","@id":"https:\/\/www.gibbs.no\/#\/schema\/logo\/image\/","url":"https:\/\/www.gibbs.no\/wp-content\/uploads\/2023\/11\/Gibbs-bookingsystem-logo.png","contentUrl":"https:\/\/www.gibbs.no\/wp-content\/uploads\/2023\/11\/Gibbs-bookingsystem-logo.png","width":696,"height":696,"caption":"Gibbs AS"},"image":{"@id":"https:\/\/www.gibbs.no\/#\/schema\/logo\/image\/"},"sameAs":["https:\/\/www.facebook.com\/GibbsNorge","https:\/\/www.linkedin.com\/company\/gibbsnorge"]}]}},"uagb_featured_image_src":{"full":false,"thumbnail":false,"medium":false,"medium_large":false,"large":false,"1536x1536":false,"2048x2048":false,"trp-custom-language-flag":false,"post-thumbnail":false,"listeo-avatar":false,"listeo-blog-post":false,"listeo-blog-related-post":false,"listeo-post-thumb":false,"listeo-gallery":false,"listeo-listing-grid":false,"listeo_core-avatar":false,"listeo_core-preview":false,"woocommerce_thumbnail":false,"woocommerce_single":false,"woocommerce_gallery_thumbnail":false},"uagb_author_info":{"display_name":"Gibbs k","author_link":"https:\/\/www.gibbs.no\/da\/author\/kamil-gryga94gmail-com\/"},"uagb_comment_info":0,"uagb_excerpt":"Hjelp","_links":{"self":[{"href":"https:\/\/www.gibbs.no\/da\/wp-json\/wp\/v2\/pages\/35756","targetHints":{"allow":["GET"]}}],"collection":[{"href":"https:\/\/www.gibbs.no\/da\/wp-json\/wp\/v2\/pages"}],"about":[{"href":"https:\/\/www.gibbs.no\/da\/wp-json\/wp\/v2\/types\/page"}],"author":[{"embeddable":true,"href":"https:\/\/www.gibbs.no\/da\/wp-json\/wp\/v2\/users\/1"}],"replies":[{"embeddable":true,"href":"https:\/\/www.gibbs.no\/da\/wp-json\/wp\/v2\/comments?post=35756"}],"version-history":[{"count":10,"href":"https:\/\/www.gibbs.no\/da\/wp-json\/wp\/v2\/pages\/35756\/revisions"}],"predecessor-version":[{"id":97934,"href":"https:\/\/www.gibbs.no\/da\/wp-json\/wp\/v2\/pages\/35756\/revisions\/97934"}],"wp:attachment":[{"href":"https:\/\/www.gibbs.no\/da\/wp-json\/wp\/v2\/media?parent=35756"}],"curies":[{"name":"wp","href":"https:\/\/api.w.org\/{rel}","templated":true}]}}