{"id":18514,"date":"2023-10-27T04:38:57","date_gmt":"2023-10-27T02:38:57","guid":{"rendered":"https:\/\/www.gibbs.no\/?page_id=18514"},"modified":"2023-10-27T04:51:12","modified_gmt":"2023-10-27T02:51:12","slug":"bookingsystem-for-idrettshall-kommunale-anlegg","status":"publish","type":"page","link":"https:\/\/www.gibbs.no\/da\/bookingsystem-for-idrettshall-kommunale-anlegg\/","title":{"rendered":"Bookingsystem til Idr\u00e6tshal\/kommunale faciliteter"},"content":{"rendered":"<div class=\"wp-block-group green_background_image\"><div class=\"wp-block-group__inner-container is-layout-constrained wp-block-group-is-layout-constrained\">\n<h1 class=\"wp-block-heading has-text-align-center has-x-large-font-size\"><strong><strong>Bookingsystem til Idr\u00e6tshal\/kommunale faciliteter<\/strong><\/strong><\/h1>\n\n\n\n<p class=\"has-text-align-center has-medium-font-size\">Der kr\u00e6ves ingen bud, gibbs er <strong><strong>under udbudsgr\u00e6nsen<\/strong><\/strong> \ud83e\udd73<\/p>\n\n\n\n<div class=\"wp-block-uagb-container uagb-block-c3718d42 alignwide uagb-is-root-container\">\n<figure class=\"wp-block-image size-large\"><img loading=\"lazy\" decoding=\"async\" width=\"1024\" height=\"552\" src=\"https:\/\/www.gibbs.no\/wp-content\/uploads\/2023\/10\/image-1024x552.png\" alt=\"\" class=\"wp-image-16839\" srcset=\"https:\/\/www.gibbs.no\/wp-content\/uploads\/2023\/10\/image-1024x552.png 1024w, https:\/\/www.gibbs.no\/wp-content\/uploads\/2023\/10\/image-300x162.png 300w, https:\/\/www.gibbs.no\/wp-content\/uploads\/2023\/10\/image-768x414.png 768w, https:\/\/www.gibbs.no\/wp-content\/uploads\/2023\/10\/image-1536x828.png 1536w, https:\/\/www.gibbs.no\/wp-content\/uploads\/2023\/10\/image-2048x1104.png 2048w, https:\/\/www.gibbs.no\/wp-content\/uploads\/2023\/10\/image-18x10.png 18w, https:\/\/www.gibbs.no\/wp-content\/uploads\/2023\/10\/image-590x318.png 590w, https:\/\/www.gibbs.no\/wp-content\/uploads\/2023\/10\/image-1200x647.png 1200w, https:\/\/www.gibbs.no\/wp-content\/uploads\/2023\/10\/image-577x311.png 577w, https:\/\/www.gibbs.no\/wp-content\/uploads\/2023\/10\/image-600x324.png 600w\" sizes=\"auto, (max-width: 1024px) 100vw, 1024px\" \/><\/figure>\n<\/div>\n<\/div><\/div>\n\n\n\n<div class=\"wp-block-uagb-container uagb-block-376f593c alignfull uagb-is-root-container\"><div class=\"uagb-container-inner-blocks-wrap\">\n<div style=\"height:20px\" aria-hidden=\"true\" class=\"wp-block-spacer\"><\/div>\n\n\n\n<div class=\"wp-block-columns is-layout-flex wp-container-core-columns-is-layout-9d6595d7 wp-block-columns-is-layout-flex\">\n<div class=\"wp-block-column is-layout-flow wp-block-column-is-layout-flow\">\n<div class=\"wp-block-uagb-info-box uagb-block-13a36e81 uagb-infobox__content-wrap  uagb-infobox-icon-above-title uagb-infobox-image-valign-middle\"><div class=\"uagb-ifb-content\"><div class=\"uagb-ifb-icon-wrap\"><div class=\"uagb-iconbox-icon-wrap uagb-infobox-shape-circle\"><svg xmlns=\"https:\/\/www.w3.org\/2000\/svg\" viewbox=\"0 0 448 512\"><path d=\"M160 32V64H288V32C288 14.33 302.3 0 320 0C337.7 0 352 14.33 352 32V64H400C426.5 64 448 85.49 448 112V160H0V112C0 85.49 21.49 64 48 64H96V32C96 14.33 110.3 0 128 0C145.7 0 160 14.33 160 32zM0 192H448V464C448 490.5 426.5 512 400 512H48C21.49 512 0 490.5 0 464V192zM328.1 304.1C338.3 295.6 338.3 280.4 328.1 271C319.6 261.7 304.4 261.7 295 271L200 366.1L152.1 319C143.6 309.7 128.4 309.7 119 319C109.7 328.4 109.7 343.6 119 352.1L183 416.1C192.4 426.3 207.6 426.3 216.1 416.1L328.1 304.1z\"><\/path><\/svg><\/div><\/div><div class=\"uagb-ifb-title-wrap\"><h3 class=\"uagb-ifb-title\">Minut, time, dag eller time slot booking<\/h3><\/div><p class=\"uagb-ifb-desc\">Gentagen eller lejlighedsvis leje, gratis eller betalt booking<\/p><\/div><\/div>\n\n\n\n<div class=\"wp-block-uagb-info-box uagb-block-a3d6da33 uagb-infobox__content-wrap  uagb-infobox-icon-above-title uagb-infobox-image-valign-middle\"><div class=\"uagb-ifb-content\"><div class=\"uagb-ifb-icon-wrap\"><div class=\"uagb-iconbox-icon-wrap uagb-infobox-shape-circle\"><svg xmlns=\"https:\/\/www.w3.org\/2000\/svg\" viewbox=\"0 0 448 512\"><path d=\"M160 32V64H288V32C288 14.33 302.3 0 320 0C337.7 0 352 14.33 352 32V64H400C426.5 64 448 85.49 448 112V160H0V112C0 85.49 21.49 64 48 64H96V32C96 14.33 110.3 0 128 0C145.7 0 160 14.33 160 32zM0 192H448V464C448 490.5 426.5 512 400 512H48C21.49 512 0 490.5 0 464V192zM328.1 304.1C338.3 295.6 338.3 280.4 328.1 271C319.6 261.7 304.4 261.7 295 271L200 366.1L152.1 319C143.6 309.7 128.4 309.7 119 319C109.7 328.4 109.7 343.6 119 352.1L183 416.1C192.4 426.3 207.6 426.3 216.1 416.1L328.1 304.1z\"><\/path><\/svg><\/div><\/div><div class=\"uagb-ifb-title-wrap\"><h3 class=\"uagb-ifb-title\">Stor sk\u00e6rm<\/h3><\/div><p class=\"uagb-ifb-desc\">Vis tilg\u00e6ngelighed p\u00e5 storsk\u00e6rm<\/p><\/div><\/div>\n<\/div>\n\n\n\n<div class=\"wp-block-column is-layout-flow wp-block-column-is-layout-flow\">\n<div class=\"wp-block-uagb-info-box uagb-block-7c23820a uagb-infobox__content-wrap  uagb-infobox-icon-above-title uagb-infobox-image-valign-middle\"><div class=\"uagb-ifb-content\"><div class=\"uagb-ifb-icon-wrap\"><div class=\"uagb-iconbox-icon-wrap uagb-infobox-shape-circle\"><svg xmlns=\"https:\/\/www.w3.org\/2000\/svg\" viewbox=\"0 0 576 512\"><path d=\"M248.8 4.994C249.9 1.99 252.8 .0001 256 .0001C259.2 .0001 262.1 1.99 263.2 4.994L277.3 42.67L315 56.79C318 57.92 320 60.79 320 64C320 67.21 318 70.08 315 71.21L277.3 85.33L263.2 123C262.1 126 259.2 128 256 128C252.8 128 249.9 126 248.8 123L234.7 85.33L196.1 71.21C193.1 70.08 192 67.21 192 64C192 60.79 193.1 57.92 196.1 56.79L234.7 42.67L248.8 4.994zM427.4 14.06C446.2-4.686 476.6-4.686 495.3 14.06L529.9 48.64C548.6 67.38 548.6 97.78 529.9 116.5L148.5 497.9C129.8 516.6 99.38 516.6 80.64 497.9L46.06 463.3C27.31 444.6 27.31 414.2 46.06 395.4L427.4 14.06zM461.4 59.31L356.3 164.3L379.6 187.6L484.6 82.58L461.4 59.31zM7.491 117.2L64 96L85.19 39.49C86.88 34.98 91.19 32 96 32C100.8 32 105.1 34.98 106.8 39.49L128 96L184.5 117.2C189 118.9 192 123.2 192 128C192 132.8 189 137.1 184.5 138.8L128 160L106.8 216.5C105.1 221 100.8 224 96 224C91.19 224 86.88 221 85.19 216.5L64 160L7.491 138.8C2.985 137.1 0 132.8 0 128C0 123.2 2.985 118.9 7.491 117.2zM359.5 373.2L416 352L437.2 295.5C438.9 290.1 443.2 288 448 288C452.8 288 457.1 290.1 458.8 295.5L480 352L536.5 373.2C541 374.9 544 379.2 544 384C544 388.8 541 393.1 536.5 394.8L480 416L458.8 472.5C457.1 477 452.8 480 448 480C443.2 480 438.9 477 437.2 472.5L416 416L359.5 394.8C354.1 393.1 352 388.8 352 384C352 379.2 354.1 374.9 359.5 373.2z\"><\/path><\/svg><\/div><\/div><div class=\"uagb-ifb-title-wrap\"><h3 class=\"uagb-ifb-title\">S\u00e6son booking<\/h3><\/div><p class=\"uagb-ifb-desc\">Fuldautomatisk og retf\u00e6rdig fordeling af tr\u00e6ningstider. <\/p><div class=\"uagb-ifb-button-wrapper wp-block-button\"><a href=\"https:\/\/www.gibbs.no\/da\/sesongbooking-algoritme\/\" target=\"_self\" onclick=\"return true;\" class=\"uagb-infobox-cta-link\" rel=\"noopener noreferrer\" alt=\"\"><span class=\"uagb-inline-editing\">Se video<\/span><svg xmlns=\"https:\/\/www.w3.org\/2000\/svg\" viewbox=\"0 0 512 512\"><path d=\"M504.3 273.6l-112.1 104c-6.992 6.484-17.18 8.218-25.94 4.406c-8.758-3.812-14.42-12.45-14.42-21.1L351.9 288H32C14.33 288 .0002 273.7 .0002 255.1S14.33 224 32 224h319.9l0-72c0-9.547 5.66-18.19 14.42-22c8.754-3.809 18.95-2.075 25.94 4.41l112.1 104C514.6 247.9 514.6 264.1 504.3 273.6z\"><\/path><\/svg><\/a><\/div><\/div><\/div>\n\n\n\n<div class=\"wp-block-uagb-info-box uagb-block-446b9d0c uagb-infobox__content-wrap  uagb-infobox-icon-above-title uagb-infobox-image-valign-middle\"><div class=\"uagb-ifb-content\"><div class=\"uagb-ifb-icon-wrap\"><div class=\"uagb-iconbox-icon-wrap uagb-infobox-shape-circle\"><svg xmlns=\"https:\/\/www.w3.org\/2000\/svg\" viewbox=\"0 0 576 512\"><path d=\"M560 448H512V113.5c0-27.25-21.5-49.5-48-49.5L352 64.01V128h96V512h112c8.875 0 16-7.125 16-15.1v-31.1C576 455.1 568.9 448 560 448zM280.3 1.007l-192 49.75C73.1 54.51 64 67.76 64 82.88V448H16c-8.875 0-16 7.125-16 15.1v31.1C0 504.9 7.125 512 16 512H320V33.13C320 11.63 300.5-4.243 280.3 1.007zM232 288c-13.25 0-24-14.37-24-31.1c0-17.62 10.75-31.1 24-31.1S256 238.4 256 256C256 273.6 245.3 288 232 288z\"><\/path><\/svg><\/div><\/div><div class=\"uagb-ifb-title-wrap\"><h3 class=\"uagb-ifb-title\">Automatisk adgang<\/h3><\/div><p class=\"uagb-ifb-desc\">Godkendte reservationer f\u00e5r automatisk adgang. Al adgang logges<\/p><\/div><\/div>\n<\/div>\n\n\n\n<div class=\"wp-block-column is-layout-flow wp-block-column-is-layout-flow\">\n<div class=\"wp-block-uagb-info-box uagb-block-06ebbb42 uagb-infobox__content-wrap  uagb-infobox-icon-above-title uagb-infobox-image-valign-middle\"><div class=\"uagb-ifb-content\"><div class=\"uagb-ifb-icon-wrap\"><div class=\"uagb-iconbox-icon-wrap uagb-infobox-shape-circle\"><svg xmlns=\"https:\/\/www.w3.org\/2000\/svg\" viewbox=\"0 0 512 512\"><path d=\"M0 416C0 398.3 14.33 384 32 384H86.66C99 355.7 127.2 336 160 336C192.8 336 220.1 355.7 233.3 384H480C497.7 384 512 398.3 512 416C512 433.7 497.7 448 480 448H233.3C220.1 476.3 192.8 496 160 496C127.2 496 99 476.3 86.66 448H32C14.33 448 0 433.7 0 416V416zM192 416C192 398.3 177.7 384 160 384C142.3 384 128 398.3 128 416C128 433.7 142.3 448 160 448C177.7 448 192 433.7 192 416zM352 176C384.8 176 412.1 195.7 425.3 224H480C497.7 224 512 238.3 512 256C512 273.7 497.7 288 480 288H425.3C412.1 316.3 384.8 336 352 336C319.2 336 291 316.3 278.7 288H32C14.33 288 0 273.7 0 256C0 238.3 14.33 224 32 224H278.7C291 195.7 319.2 176 352 176zM384 256C384 238.3 369.7 224 352 224C334.3 224 320 238.3 320 256C320 273.7 334.3 288 352 288C369.7 288 384 273.7 384 256zM480 64C497.7 64 512 78.33 512 96C512 113.7 497.7 128 480 128H265.3C252.1 156.3 224.8 176 192 176C159.2 176 131 156.3 118.7 128H32C14.33 128 0 113.7 0 96C0 78.33 14.33 64 32 64H118.7C131 35.75 159.2 16 192 16C224.8 16 252.1 35.75 265.3 64H480zM160 96C160 113.7 174.3 128 192 128C209.7 128 224 113.7 224 96C224 78.33 209.7 64 192 64C174.3 64 160 78.33 160 96z\"><\/path><\/svg><\/div><\/div><div class=\"uagb-ifb-title-wrap\"><h3 class=\"uagb-ifb-title\">Fuld kontrol<\/h3><\/div><p class=\"uagb-ifb-desc\">Godkend automatisk alle anmodninger, n\u00e5r lejeren er verificeret, eller godkend manuelt<\/p><\/div><\/div>\n\n\n\n<div class=\"wp-block-uagb-info-box uagb-block-46749621 uagb-infobox__content-wrap  uagb-infobox-icon-above-title uagb-infobox-image-valign-middle\"><div class=\"uagb-ifb-content\"><div class=\"uagb-ifb-icon-wrap\"><div class=\"uagb-iconbox-icon-wrap uagb-infobox-shape-circle\"><svg xmlns=\"https:\/\/www.w3.org\/2000\/svg\" viewbox=\"0 0 512 512\"><path d=\"M475.6 384.1C469.7 394.3 458.9 400 447.9 400c-5.488 0-11.04-1.406-16.13-4.375l-25.09-14.64l5.379 20.29c3.393 12.81-4.256 25.97-17.08 29.34c-2.064 .5625-4.129 .8125-6.164 .8125c-10.63 0-20.36-7.094-23.21-17.84l-17.74-66.92L288 311.7l.0002 70.5l48.38 48.88c9.338 9.438 9.244 24.62-.1875 33.94C331.5 469.7 325.4 472 319.3 472c-6.193 0-12.39-2.375-17.08-7.125l-14.22-14.37L288 480c0 17.69-14.34 32-32.03 32s-32.03-14.31-32.03-32l-.0002-29.5l-14.22 14.37c-9.322 9.438-24.53 9.5-33.97 .1875c-9.432-9.312-9.525-24.5-.1875-33.94l48.38-48.88L223.1 311.7l-59.87 34.93l-17.74 66.92c-2.848 10.75-12.58 17.84-23.21 17.84c-2.035 0-4.1-.25-6.164-.8125c-12.82-3.375-20.47-16.53-17.08-29.34l5.379-20.29l-25.09 14.64C75.11 398.6 69.56 400 64.07 400c-11.01 0-21.74-5.688-27.69-15.88c-8.932-15.25-3.785-34.84 11.5-43.75l25.96-15.15l-20.33-5.508C40.7 316.3 33.15 303.1 36.62 290.3S53.23 270 66.09 273.4L132 291.3L192.5 256L132 220.7L66.09 238.6c-2.111 .5625-4.225 .8438-6.305 .8438c-10.57 0-20.27-7.031-23.16-17.72C33.15 208.9 40.7 195.8 53.51 192.3l20.33-5.508L47.88 171.6c-15.28-8.906-20.43-28.5-11.5-43.75c8.885-15.28 28.5-20.44 43.81-11.5l25.09 14.64L99.9 110.7C96.51 97.91 104.2 84.75 116.1 81.38C129.9 77.91 142.1 85.63 146.4 98.41l17.74 66.92L223.1 200.3l-.0002-70.5L175.6 80.88C166.3 71.44 166.3 56.25 175.8 46.94C185.2 37.59 200.4 37.72 209.8 47.13l14.22 14.37L223.1 32c0-17.69 14.34-32 32.03-32s32.03 14.31 32.03 32l.0002 29.5l14.22-14.37c9.307-9.406 24.51-9.531 33.97-.1875c9.432 9.312 9.525 24.5 .1875 33.94l-48.38 48.88L288 200.3l59.87-34.93l17.74-66.92c3.395-12.78 16.56-20.5 29.38-17.03c12.82 3.375 20.47 16.53 17.08 29.34l-5.379 20.29l25.09-14.64c15.28-8.906 34.91-3.75 43.81 11.5c8.932 15.25 3.785 34.84-11.5 43.75l-25.96 15.15l20.33 5.508c12.81 3.469 20.37 16.66 16.89 29.44c-2.895 10.69-12.59 17.72-23.16 17.72c-2.08 0-4.193-.2813-6.305-.8438L379.1 220.7L319.5 256l60.46 35.28l65.95-17.87C458.8 270 471.9 277.5 475.4 290.3c3.473 12.78-4.082 25.97-16.89 29.44l-20.33 5.508l25.96 15.15C479.4 349.3 484.5 368.9 475.6 384.1z\"><\/path><\/svg><\/div><\/div><div class=\"uagb-ifb-title-wrap\"><h3 class=\"uagb-ifb-title\">Automatisk varmestyring<\/h3><\/div><p class=\"uagb-ifb-desc\">T\u00e6nd kun for varmen, n\u00e5r systemet er i brug. Ingen bookinger, ingen opvarmning, intet un\u00f8dvendigt energiforbrug<\/p><\/div><\/div>\n<\/div>\n<\/div>\n<\/div><\/div>","protected":false},"excerpt":{"rendered":"<p>Bookingsystem for Idrettshall\/ kommunale anlegg Ikke n\u00f8dvendig med anbud, gibbs er under anbudsgrensen \ud83e\udd73<\/p>","protected":false},"author":1,"featured_media":0,"parent":0,"menu_order":0,"comment_status":"closed","ping_status":"closed","template":"","meta":{"inline_featured_image":false,"_uag_custom_page_level_css":"","footnotes":""},"class_list":["post-18514","page","type-page","status-publish","hentry"],"yoast_head":"<!-- This site is optimized with the Yoast SEO plugin v20.8 - https:\/\/yoast.com\/wordpress\/plugins\/seo\/ -->\n<title>Bookingsystem for Idrettshall\/ kommunale anlegg - Gibbs.no - Bookingsystem<\/title>\n<meta name=\"robots\" content=\"index, follow, max-snippet:-1, max-image-preview:large, max-video-preview:-1\" \/>\n<link rel=\"canonical\" href=\"https:\/\/www.gibbs.no\/da\/bookingsystem-for-idrettshall-kommunale-anlegg\/\" \/>\n<meta property=\"og:locale\" content=\"da_DK\" \/>\n<meta property=\"og:type\" content=\"article\" \/>\n<meta property=\"og:title\" content=\"Bookingsystem for Idrettshall\/ kommunale anlegg - Gibbs.no - Bookingsystem\" \/>\n<meta property=\"og:description\" content=\"Bookingsystem for Idrettshall\/ kommunale anlegg Ikke n\u00f8dvendig med anbud, gibbs er under anbudsgrensen \ud83e\udd73\" \/>\n<meta property=\"og:url\" content=\"https:\/\/www.gibbs.no\/da\/bookingsystem-for-idrettshall-kommunale-anlegg\/\" \/>\n<meta property=\"og:site_name\" content=\"Gibbs.no - Bookingsystem\" \/>\n<meta property=\"article:publisher\" content=\"https:\/\/www.facebook.com\/GibbsNorge\" \/>\n<meta property=\"article:modified_time\" content=\"2023-10-27T02:51:12+00:00\" \/>\n<meta property=\"og:image\" content=\"https:\/\/www.gibbs.no\/wp-content\/uploads\/2023\/10\/image-1024x552.png\" \/>\n<meta name=\"twitter:card\" content=\"summary_large_image\" \/>\n<meta name=\"twitter:label1\" content=\"Est. reading time\" \/>\n\t<meta name=\"twitter:data1\" content=\"1 minute\" \/>\n<script type=\"application\/ld+json\" class=\"yoast-schema-graph\">{\"@context\":\"https:\/\/schema.org\",\"@graph\":[{\"@type\":\"WebPage\",\"@id\":\"https:\/\/www.gibbs.no\/bookingsystem-for-idrettshall-kommunale-anlegg\/\",\"url\":\"https:\/\/www.gibbs.no\/bookingsystem-for-idrettshall-kommunale-anlegg\/\",\"name\":\"Bookingsystem for Idrettshall\/ kommunale anlegg - Gibbs.no - Bookingsystem\",\"isPartOf\":{\"@id\":\"https:\/\/www.gibbs.no\/#website\"},\"datePublished\":\"2023-10-27T02:38:57+00:00\",\"dateModified\":\"2023-10-27T02:51:12+00:00\",\"breadcrumb\":{\"@id\":\"https:\/\/www.gibbs.no\/bookingsystem-for-idrettshall-kommunale-anlegg\/#breadcrumb\"},\"inLanguage\":\"da-DK\",\"potentialAction\":[{\"@type\":\"ReadAction\",\"target\":[\"https:\/\/www.gibbs.no\/bookingsystem-for-idrettshall-kommunale-anlegg\/\"]}]},{\"@type\":\"BreadcrumbList\",\"@id\":\"https:\/\/www.gibbs.no\/bookingsystem-for-idrettshall-kommunale-anlegg\/#breadcrumb\",\"itemListElement\":[{\"@type\":\"ListItem\",\"position\":1,\"name\":\"Home\",\"item\":\"https:\/\/www.gibbs.no\/\"},{\"@type\":\"ListItem\",\"position\":2,\"name\":\"Bookingsystem for Idrettshall\/ kommunale anlegg\"}]},{\"@type\":\"WebSite\",\"@id\":\"https:\/\/www.gibbs.no\/#website\",\"url\":\"https:\/\/www.gibbs.no\/\",\"name\":\"Gibbs.no\",\"description\":\"Bookingsystem - 1.Book 2.Betal 3.\u00c5pne\",\"publisher\":{\"@id\":\"https:\/\/www.gibbs.no\/#organization\"},\"potentialAction\":[{\"@type\":\"SearchAction\",\"target\":{\"@type\":\"EntryPoint\",\"urlTemplate\":\"https:\/\/www.gibbs.no\/?s={search_term_string}\"},\"query-input\":\"required name=search_term_string\"}],\"inLanguage\":\"da-DK\"},{\"@type\":\"Organization\",\"@id\":\"https:\/\/www.gibbs.no\/#organization\",\"name\":\"Gibbs AS\",\"url\":\"https:\/\/www.gibbs.no\/\",\"logo\":{\"@type\":\"ImageObject\",\"inLanguage\":\"da-DK\",\"@id\":\"https:\/\/www.gibbs.no\/#\/schema\/logo\/image\/\",\"url\":\"https:\/\/www.gibbs.no\/wp-content\/uploads\/2023\/11\/Gibbs-bookingsystem-logo.png\",\"contentUrl\":\"https:\/\/www.gibbs.no\/wp-content\/uploads\/2023\/11\/Gibbs-bookingsystem-logo.png\",\"width\":696,\"height\":696,\"caption\":\"Gibbs AS\"},\"image\":{\"@id\":\"https:\/\/www.gibbs.no\/#\/schema\/logo\/image\/\"},\"sameAs\":[\"https:\/\/www.facebook.com\/GibbsNorge\",\"https:\/\/www.linkedin.com\/company\/gibbsnorge\"]}]}<\/script>\n<!-- \/ Yoast SEO plugin. -->","yoast_head_json":{"title":"Bookingsystem for Idrettshall\/ kommunale anlegg - Gibbs.no - Bookingsystem","robots":{"index":"index","follow":"follow","max-snippet":"max-snippet:-1","max-image-preview":"max-image-preview:large","max-video-preview":"max-video-preview:-1"},"canonical":"https:\/\/www.gibbs.no\/da\/bookingsystem-for-idrettshall-kommunale-anlegg\/","og_locale":"da_DK","og_type":"article","og_title":"Bookingsystem for Idrettshall\/ kommunale anlegg - Gibbs.no - Bookingsystem","og_description":"Bookingsystem for Idrettshall\/ kommunale anlegg Ikke n\u00f8dvendig med anbud, gibbs er under anbudsgrensen \ud83e\udd73","og_url":"https:\/\/www.gibbs.no\/da\/bookingsystem-for-idrettshall-kommunale-anlegg\/","og_site_name":"Gibbs.no - Bookingsystem","article_publisher":"https:\/\/www.facebook.com\/GibbsNorge","article_modified_time":"2023-10-27T02:51:12+00:00","og_image":[{"url":"https:\/\/www.gibbs.no\/wp-content\/uploads\/2023\/10\/image-1024x552.png"}],"twitter_card":"summary_large_image","twitter_misc":{"Est. reading time":"1 minute"},"schema":{"@context":"https:\/\/schema.org","@graph":[{"@type":"WebPage","@id":"https:\/\/www.gibbs.no\/bookingsystem-for-idrettshall-kommunale-anlegg\/","url":"https:\/\/www.gibbs.no\/bookingsystem-for-idrettshall-kommunale-anlegg\/","name":"Bookingsystem for Idrettshall\/ kommunale anlegg - Gibbs.no - Bookingsystem","isPartOf":{"@id":"https:\/\/www.gibbs.no\/#website"},"datePublished":"2023-10-27T02:38:57+00:00","dateModified":"2023-10-27T02:51:12+00:00","breadcrumb":{"@id":"https:\/\/www.gibbs.no\/bookingsystem-for-idrettshall-kommunale-anlegg\/#breadcrumb"},"inLanguage":"da-DK","potentialAction":[{"@type":"ReadAction","target":["https:\/\/www.gibbs.no\/bookingsystem-for-idrettshall-kommunale-anlegg\/"]}]},{"@type":"BreadcrumbList","@id":"https:\/\/www.gibbs.no\/bookingsystem-for-idrettshall-kommunale-anlegg\/#breadcrumb","itemListElement":[{"@type":"ListItem","position":1,"name":"Home","item":"https:\/\/www.gibbs.no\/"},{"@type":"ListItem","position":2,"name":"Bookingsystem for Idrettshall\/ kommunale anlegg"}]},{"@type":"WebSite","@id":"https:\/\/www.gibbs.no\/#website","url":"https:\/\/www.gibbs.no\/","name":"Gibbs.no","description":"Bookingsystem - 1.Book 2.Betal 3.\u00c5pne","publisher":{"@id":"https:\/\/www.gibbs.no\/#organization"},"potentialAction":[{"@type":"SearchAction","target":{"@type":"EntryPoint","urlTemplate":"https:\/\/www.gibbs.no\/?s={search_term_string}"},"query-input":"required name=search_term_string"}],"inLanguage":"da-DK"},{"@type":"Organization","@id":"https:\/\/www.gibbs.no\/#organization","name":"Gibbs AS","url":"https:\/\/www.gibbs.no\/","logo":{"@type":"ImageObject","inLanguage":"da-DK","@id":"https:\/\/www.gibbs.no\/#\/schema\/logo\/image\/","url":"https:\/\/www.gibbs.no\/wp-content\/uploads\/2023\/11\/Gibbs-bookingsystem-logo.png","contentUrl":"https:\/\/www.gibbs.no\/wp-content\/uploads\/2023\/11\/Gibbs-bookingsystem-logo.png","width":696,"height":696,"caption":"Gibbs AS"},"image":{"@id":"https:\/\/www.gibbs.no\/#\/schema\/logo\/image\/"},"sameAs":["https:\/\/www.facebook.com\/GibbsNorge","https:\/\/www.linkedin.com\/company\/gibbsnorge"]}]}},"uagb_featured_image_src":{"full":false,"thumbnail":false,"medium":false,"medium_large":false,"large":false,"1536x1536":false,"2048x2048":false,"trp-custom-language-flag":false,"post-thumbnail":false,"listeo-avatar":false,"listeo-blog-post":false,"listeo-blog-related-post":false,"listeo-post-thumb":false,"listeo-gallery":false,"listeo-listing-grid":false,"listeo_core-avatar":false,"listeo_core-preview":false,"woocommerce_thumbnail":false,"woocommerce_single":false,"woocommerce_gallery_thumbnail":false},"uagb_author_info":{"display_name":"Gibbs k","author_link":"https:\/\/www.gibbs.no\/da\/author\/kamil-gryga94gmail-com\/"},"uagb_comment_info":0,"uagb_excerpt":"Bookingsystem for Idrettshall\/ kommunale anlegg Ikke n\u00f8dvendig med anbud, gibbs er under anbudsgrensen \ud83e\udd73","_links":{"self":[{"href":"https:\/\/www.gibbs.no\/da\/wp-json\/wp\/v2\/pages\/18514","targetHints":{"allow":["GET"]}}],"collection":[{"href":"https:\/\/www.gibbs.no\/da\/wp-json\/wp\/v2\/pages"}],"about":[{"href":"https:\/\/www.gibbs.no\/da\/wp-json\/wp\/v2\/types\/page"}],"author":[{"embeddable":true,"href":"https:\/\/www.gibbs.no\/da\/wp-json\/wp\/v2\/users\/1"}],"replies":[{"embeddable":true,"href":"https:\/\/www.gibbs.no\/da\/wp-json\/wp\/v2\/comments?post=18514"}],"version-history":[{"count":4,"href":"https:\/\/www.gibbs.no\/da\/wp-json\/wp\/v2\/pages\/18514\/revisions"}],"predecessor-version":[{"id":18598,"href":"https:\/\/www.gibbs.no\/da\/wp-json\/wp\/v2\/pages\/18514\/revisions\/18598"}],"wp:attachment":[{"href":"https:\/\/www.gibbs.no\/da\/wp-json\/wp\/v2\/media?parent=18514"}],"curies":[{"name":"wp","href":"https:\/\/api.w.org\/{rel}","templated":true}]}}