{"id":16566,"date":"2023-10-05T18:37:04","date_gmt":"2023-10-05T16:37:04","guid":{"rendered":"https:\/\/www.gibbs.no\/?page_id=16566"},"modified":"2023-10-06T01:34:48","modified_gmt":"2023-10-05T23:34:48","slug":"tidsbesparelse","status":"publish","type":"page","link":"https:\/\/www.gibbs.no\/da\/tidsbesparelse\/","title":{"rendered":"Tidsbesparende"},"content":{"rendered":"<div class=\"wp-block-uagb-container uagb-block-838411ab alignfull uagb-is-root-container\"><div class=\"uagb-container-inner-blocks-wrap\">\n<div class=\"wp-block-group .shadow-background\"><div class=\"wp-block-group__inner-container is-layout-constrained wp-block-group-is-layout-constrained\">\n<h2 class=\"wp-block-heading has-text-align-center\"><strong>For udlejer<\/strong><\/h2>\n\n\n\n<div style=\"height:20px\" aria-hidden=\"true\" class=\"wp-block-spacer\"><\/div>\n\n\n\n<h3 class=\"wp-block-heading has-text-align-center\"><strong>Manuel booking<\/strong><\/h3>\n\n\n<div class=\"wp-block-image\">\n<figure class=\"aligncenter size-large is-resized\"><img decoding=\"async\" src=\"https:\/\/www.gibbs.no\/wp-content\/uploads\/2023\/10\/utleie-manuel-steps-488x1024.png\" alt=\"\" class=\"wp-image-16672\" style=\"width:300px\" width=\"300\" srcset=\"https:\/\/www.gibbs.no\/wp-content\/uploads\/2023\/10\/utleie-manuel-steps-488x1024.png 488w, https:\/\/www.gibbs.no\/wp-content\/uploads\/2023\/10\/utleie-manuel-steps-143x300.png 143w, https:\/\/www.gibbs.no\/wp-content\/uploads\/2023\/10\/utleie-manuel-steps-6x12.png 6w, https:\/\/www.gibbs.no\/wp-content\/uploads\/2023\/10\/utleie-manuel-steps-281x590.png 281w, https:\/\/www.gibbs.no\/wp-content\/uploads\/2023\/10\/utleie-manuel-steps-320x670.png 320w, https:\/\/www.gibbs.no\/wp-content\/uploads\/2023\/10\/utleie-manuel-steps-413x866.png 413w, https:\/\/www.gibbs.no\/wp-content\/uploads\/2023\/10\/utleie-manuel-steps-600x1258.png 600w, https:\/\/www.gibbs.no\/wp-content\/uploads\/2023\/10\/utleie-manuel-steps.png 631w\" sizes=\"(max-width: 488px) 100vw, 488px\" \/><\/figure>\n<\/div>\n\n\n<p class=\"has-black-color has-text-color\">1. Modtag anmodning. M\u00e5ske skal du svare p\u00e5 et sp\u00f8rgsm\u00e5l? Lad os starte med dette gennemsnit <strong>3 min<\/strong><\/p>\n\n\n\n<p class=\"has-black-color has-text-color\">2. Det kan hurtigt tage noget tid at tjekke tilg\u00e6ngelighed, is\u00e6r hvis der er flere administratorer, der accepterer foresp\u00f8rgsler, men hvis du har en Google- eller anden digital kalender, er det ikke mere end <strong>2 min<\/strong><\/p>\n\n\n\n<p class=\"has-black-color has-text-color\">3. Dialog er m\u00e5ske det mest indviklede. Du n\u00e5ede at svare kunden, at den var tilg\u00e6ngelig inden for 10 minutter, men s\u00e5 tager de 3 dage om at svare dig igen. Og i mellemtiden har du modtaget 2 andre anmodninger p\u00e5 samme tid. S\u00e5 bliver der lidt ping pong med kunden for at finde det rigtige tidspunkt.<br>Vi leverer det <strong>10 min<\/strong> og 3 timers ventetid<\/p>\n\n\n\n<p class=\"has-black-color has-text-color\">4. Tilf\u00f8j til kalender tager <strong>1 min<\/strong> hvis du har gode rutiner<\/p>\n\n\n\n<p class=\"has-black-color has-text-color\">5. Kontraktunderskrivelse kan tage <strong>5 min <\/strong>hvis du har gode rutiner. Men det kan tage tid at vente p\u00e5 en underskrevet kontrakt og eventuelt nage den et par gange. Lad os sige 1 times ventetid<\/p>\n\n\n\n<p class=\"has-black-color has-text-color\">6. Overlevere n\u00f8kkel varierer ekstremt. Noen har n\u00f8kkel ligge igjen uten &#8220;teppet&#8221;, mens andre m\u00e5 ha en vaktmester som kommer og leverer. La oss si <strong>10 min <\/strong><\/p>\n\n\n\n<p class=\"has-black-color has-text-color\">7. At f\u00e5 n\u00f8glen tilbage er lige s\u00e5 varieret. Fra tid til anden bliver den ogs\u00e5 rodet eller ikke leveret i tide til n\u00e6ste leje. Lad os sige <strong>10 min <\/strong><\/p>\n\n\n\n<p class=\"has-black-color has-text-color\">8. Fremsendelse af faktura kan tage noget tid, sp\u00f8rgsm\u00e5let er om den ansvarlige for udlejningen er den samme som ogs\u00e5 sender fakturaen. Det varierer ogs\u00e5 fra sted til sted. Lad os sige i gennemsnit det tager <strong>10 min<\/strong><\/p>\n\n\n\n<p class=\"has-black-color has-text-color\">9. Nogle gange skal man bare arbejde med lidt gnaven. Sige <strong>2 min<\/strong><\/p>\n\n\n\n<h3 class=\"wp-block-heading has-text-align-center\"><strong>Gibbs booking<\/strong><\/h3>\n\n\n<div class=\"wp-block-image\">\n<figure class=\"aligncenter size-full is-resized\"><img decoding=\"async\" src=\"https:\/\/www.gibbs.no\/wp-content\/uploads\/2023\/10\/utleier-steps-automatisk.png\" alt=\"\" class=\"wp-image-16673\" style=\"width:300px\" width=\"300\" srcset=\"https:\/\/www.gibbs.no\/wp-content\/uploads\/2023\/10\/utleier-steps-automatisk.png 629w, https:\/\/www.gibbs.no\/wp-content\/uploads\/2023\/10\/utleier-steps-automatisk-300x208.png 300w, https:\/\/www.gibbs.no\/wp-content\/uploads\/2023\/10\/utleier-steps-automatisk-18x12.png 18w, https:\/\/www.gibbs.no\/wp-content\/uploads\/2023\/10\/utleier-steps-automatisk-590x410.png 590w, https:\/\/www.gibbs.no\/wp-content\/uploads\/2023\/10\/utleier-steps-automatisk-577x401.png 577w, https:\/\/www.gibbs.no\/wp-content\/uploads\/2023\/10\/utleier-steps-automatisk-600x417.png 600w\" sizes=\"(max-width: 629px) 100vw, 629px\" \/><\/figure>\n<\/div>\n\n\n<p class=\"has-black-color has-text-color\">1. Modtag reservationer direkte i din gibbs administrationskalender. Dette tager dig ikke tid <strong>0 min<\/strong>.<\/p>\n\n\n\n<p class=\"has-black-color has-text-color\">2. Nyd det digitale liv. Nu har du lidt tid til overs, som du kan lave andre ting med. M\u00e5ske en lille kaffepause? <strong>0 min<\/strong><\/p>\n\n\n\n<p class=\"has-black-color has-text-color\">3. N\u00e5, m\u00e5ske har du forslag til forbedringer eller vil sende os et smil? Da det er helt frivilligt, s\u00e6tter vi det op <strong>0 min<\/strong> \ud83d\ude42 <\/p>\n\n\n\n<div style=\"height:20px\" aria-hidden=\"true\" class=\"wp-block-spacer\"><\/div>\n\n\n\n<div class=\"wp-block-columns is-not-stacked-on-mobile is-layout-flex wp-container-core-columns-is-layout-9d6595d7 wp-block-columns-is-layout-flex\">\n<div class=\"wp-block-column is-layout-flow wp-block-column-is-layout-flow\">\n<div class=\"wp-block-group has-black-color has-text-color\"><div class=\"wp-block-group__inner-container is-layout-constrained wp-block-group-is-layout-constrained\">\n<p class=\"has-text-align-center has-medium-font-size\"><strong>Gibbs booking<\/strong><\/p>\n\n\n\n<p class=\"has-text-align-center has-medium-font-size\"><strong>0 min<\/strong> arbejde<\/p>\n\n\n\n<p class=\"has-text-align-center has-medium-font-size\"><strong>0 min<\/strong> ventetid<\/p>\n<\/div><\/div>\n<\/div>\n\n\n\n<div class=\"wp-block-column is-layout-flow wp-block-column-is-layout-flow\">\n<div class=\"wp-block-group has-black-color has-text-color\"><div class=\"wp-block-group__inner-container is-layout-constrained wp-block-group-is-layout-constrained\">\n<p class=\"has-text-align-center has-medium-font-size\"><strong>Manuel booking<\/strong><\/p>\n\n\n\n<p class=\"has-text-align-center has-medium-font-size\"><strong>53 min<\/strong> arbejde<\/p>\n\n\n\n<p class=\"has-text-align-center has-medium-font-size\"><strong>4 timer<\/strong> ventetid<\/p>\n<\/div><\/div>\n<\/div>\n<\/div>\n<\/div><\/div>\n\n\n\n<div class=\"wp-block-group .shadow-background\"><div class=\"wp-block-group__inner-container is-layout-constrained wp-block-group-is-layout-constrained\">\n<h2 class=\"wp-block-heading has-text-align-center\"><strong>For lejeren<\/strong><\/h2>\n\n\n\n<div style=\"height:20px\" aria-hidden=\"true\" class=\"wp-block-spacer\"><\/div>\n\n\n\n<h3 class=\"wp-block-heading has-text-align-center\"><strong>Manuel booking<\/strong><\/h3>\n\n\n<div class=\"wp-block-image\">\n<figure class=\"aligncenter size-full is-resized\"><img decoding=\"async\" src=\"https:\/\/www.gibbs.no\/wp-content\/uploads\/2023\/10\/leietaker-steps.png\" alt=\"\" class=\"wp-image-16625\" style=\"width:300px\" width=\"300\" srcset=\"https:\/\/www.gibbs.no\/wp-content\/uploads\/2023\/10\/leietaker-steps.png 629w, https:\/\/www.gibbs.no\/wp-content\/uploads\/2023\/10\/leietaker-steps-213x300.png 213w, https:\/\/www.gibbs.no\/wp-content\/uploads\/2023\/10\/leietaker-steps-9x12.png 9w, https:\/\/www.gibbs.no\/wp-content\/uploads\/2023\/10\/leietaker-steps-419x590.png 419w, https:\/\/www.gibbs.no\/wp-content\/uploads\/2023\/10\/leietaker-steps-476x670.png 476w, https:\/\/www.gibbs.no\/wp-content\/uploads\/2023\/10\/leietaker-steps-577x813.png 577w, https:\/\/www.gibbs.no\/wp-content\/uploads\/2023\/10\/leietaker-steps-600x845.png 600w\" sizes=\"(max-width: 629px) 100vw, 629px\" \/><\/figure>\n<\/div>\n\n\n<p class=\"has-black-color has-text-color\">1. Send anmodning kan v\u00e6re lidt kompliceret for mange. Hvad skal du begynde at skrive?<br>Lad os starte med dette gennemsnit <strong>2 min<\/strong> <\/p>\n\n\n\n<p class=\"has-black-color has-text-color\">2. Dialog kan hurtigt tage mange timer, og op til flere dage, hvis man medregner ventetid (ikke alle bryder sig om at besvare henvendelser i weekenden). Det kan ogs\u00e5 f\u00f8re til tab af kunder, da du ikke har tid til at svare hurtigt nok. <br>Vi leverer det <strong>10 min<\/strong> arbejde og 3 timers ventetid<\/p>\n\n\n\n<p class=\"has-black-color has-text-color\">3. Kontraktunderskrivelse foreg\u00e5r ofte ved, at lejer skal m\u00f8de udlejer fysisk, eller udskrive en kontrakt sendt p\u00e5 mail, underskrive den, derefter scanne og sende den tilbage. <br>Lad os sige, at det tager i gennemsnit<strong> 10 min<\/strong><\/p>\n\n\n\n<p class=\"has-black-color has-text-color\">4. Det kan v\u00e6re sv\u00e6rt at hente n\u00f8glen, men det varierer fra sted til sted. Lad os sige i gennemsnit det tager <strong>5 min<\/strong>. Nogle gange skal man vente p\u00e5 den der leverer n\u00f8glen, s\u00e5 ikke meget tid, men mere frustration 5 min ventetid<\/p>\n\n\n\n<p class=\"has-black-color has-text-color\">5. Returnering af n\u00f8gle. Lad os sige i gennemsnit det tager <strong>5 min<\/strong>. Nogle gange skal du vente her og f.eks. vente 5 minutter<\/p>\n\n\n\n<p class=\"has-black-color has-text-color\">6. Betaling af faktura <strong>5 min<\/strong><\/p>\n\n\n\n<h3 class=\"wp-block-heading has-text-align-center\"><strong>Gibbs booking<\/strong><\/h3>\n\n\n<div class=\"wp-block-image\">\n<figure class=\"aligncenter size-full is-resized\"><img decoding=\"async\" src=\"https:\/\/www.gibbs.no\/wp-content\/uploads\/2023\/10\/leietaker-steps-automatiskv2.png\" alt=\"\" class=\"wp-image-16652\" style=\"width:300px\" width=\"300\" srcset=\"https:\/\/www.gibbs.no\/wp-content\/uploads\/2023\/10\/leietaker-steps-automatiskv2.png 628w, https:\/\/www.gibbs.no\/wp-content\/uploads\/2023\/10\/leietaker-steps-automatiskv2-300x209.png 300w, https:\/\/www.gibbs.no\/wp-content\/uploads\/2023\/10\/leietaker-steps-automatiskv2-18x12.png 18w, https:\/\/www.gibbs.no\/wp-content\/uploads\/2023\/10\/leietaker-steps-automatiskv2-590x411.png 590w, https:\/\/www.gibbs.no\/wp-content\/uploads\/2023\/10\/leietaker-steps-automatiskv2-577x402.png 577w, https:\/\/www.gibbs.no\/wp-content\/uploads\/2023\/10\/leietaker-steps-automatiskv2-600x418.png 600w\" sizes=\"(max-width: 628px) 100vw, 628px\" \/><\/figure>\n<\/div>\n\n\n<p class=\"has-black-color has-text-color\">1. Book ved at v\u00e6lge en tilg\u00e6ngelig dato. Dette tager ca <strong>1 min<\/strong><\/p>\n\n\n\n<p class=\"has-black-color has-text-color\">2. Betal med vipps, visa eller mastercard. F\u00f8rste gang tager det ca <strong>2 min<\/strong>, men anden gang husker du gibbs \ud83d\ude42 <\/p>\n\n\n\n<p class=\"has-black-color has-text-color\">3. Du modtager adgangskoden p\u00e5 SMS, og den tager over <strong>1 min<\/strong> for at indtaste koden<\/p>\n\n\n\n<div style=\"height:20px\" aria-hidden=\"true\" class=\"wp-block-spacer\"><\/div>\n\n\n\n<div class=\"wp-block-columns is-not-stacked-on-mobile is-layout-flex wp-container-core-columns-is-layout-9d6595d7 wp-block-columns-is-layout-flex\">\n<div class=\"wp-block-column is-layout-flow wp-block-column-is-layout-flow\">\n<div class=\"wp-block-group has-black-color has-text-color\"><div class=\"wp-block-group__inner-container is-layout-constrained wp-block-group-is-layout-constrained\">\n<p class=\"has-text-align-center has-medium-font-size\"><strong>Gibbs booking<\/strong><\/p>\n\n\n\n<p class=\"has-text-align-center has-medium-font-size\"><strong>4 min<\/strong> arbejde<\/p>\n\n\n\n<p class=\"has-text-align-center has-medium-font-size\"><strong>0 min<\/strong> ventetid<\/p>\n<\/div><\/div>\n<\/div>\n\n\n\n<div class=\"wp-block-column is-layout-flow wp-block-column-is-layout-flow\">\n<div class=\"wp-block-group has-black-color has-text-color\"><div class=\"wp-block-group__inner-container is-layout-constrained wp-block-group-is-layout-constrained\">\n<p class=\"has-text-align-center has-medium-font-size\"><strong>Manuel booking<\/strong><\/p>\n\n\n\n<p class=\"has-text-align-center has-medium-font-size\"><strong>37 min<\/strong> arbejde<\/p>\n\n\n\n<p class=\"has-text-align-center has-medium-font-size\"><strong>3,1 timer<\/strong> ventetid<\/p>\n<\/div><\/div>\n<\/div>\n<\/div>\n<\/div><\/div>\n<\/div><\/div>\n\n\n\n<div class=\"wp-block-uagb-container uagb-block-5fef5f48 alignfull uagb-is-root-container\"><div class=\"uagb-container-inner-blocks-wrap\">\n<div style=\"height:40px\" aria-hidden=\"true\" class=\"wp-block-spacer\"><\/div>\n\n\n\n<p class=\"has-text-align-center has-medium-font-size\"><em>Manuelle tidsbesparelser er baseret p\u00e5 gennemsnitlige bookinger. Hvis du laver et eksperiment og m\u00e5ler al den tid brugt p\u00e5 alle detaljerne, s\u00e5 g\u00e5r der mere tid, end du skulle tro \ud83d\ude42 <\/em><\/p>\n<\/div><\/div>","protected":false},"excerpt":{"rendered":"<p>For utleier Manuell booking 1. Motta foresp\u00f8rsel. M\u00e5 kanskje svare p\u00e5 noe sp\u00f8rsm\u00e5l? La oss starte med at dette tar i snitt 3 min 2. Sjekke tilgjengelighet, kan fort ta litt tid, spesielt om det er flere administratorer som tar imot foresp\u00f8rsler, men har man en google eller annen digital kalender s\u00e5 er det ikke [&hellip;]<\/p>","protected":false},"author":1,"featured_media":0,"parent":0,"menu_order":0,"comment_status":"closed","ping_status":"closed","template":"","meta":{"inline_featured_image":false,"_uag_custom_page_level_css":"","footnotes":""},"class_list":["post-16566","page","type-page","status-publish","hentry"],"yoast_head":"<!-- This site is optimized with the Yoast SEO plugin v20.8 - https:\/\/yoast.com\/wordpress\/plugins\/seo\/ -->\n<title>Tidsbesparelse - Gibbs.no - Bookingsystem<\/title>\n<meta name=\"robots\" content=\"index, follow, max-snippet:-1, max-image-preview:large, max-video-preview:-1\" \/>\n<link rel=\"canonical\" href=\"https:\/\/www.gibbs.no\/da\/tidsbesparelse\/\" \/>\n<meta property=\"og:locale\" content=\"da_DK\" \/>\n<meta property=\"og:type\" content=\"article\" \/>\n<meta property=\"og:title\" content=\"Tidsbesparelse - Gibbs.no - Bookingsystem\" \/>\n<meta property=\"og:description\" content=\"For utleier Manuell booking 1. Motta foresp\u00f8rsel. M\u00e5 kanskje svare p\u00e5 noe sp\u00f8rsm\u00e5l? La oss starte med at dette tar i snitt 3 min 2. Sjekke tilgjengelighet, kan fort ta litt tid, spesielt om det er flere administratorer som tar imot foresp\u00f8rsler, men har man en google eller annen digital kalender s\u00e5 er det ikke [&hellip;]\" \/>\n<meta property=\"og:url\" content=\"https:\/\/www.gibbs.no\/da\/tidsbesparelse\/\" \/>\n<meta property=\"og:site_name\" content=\"Gibbs.no - Bookingsystem\" \/>\n<meta property=\"article:publisher\" content=\"https:\/\/www.facebook.com\/GibbsNorge\" \/>\n<meta property=\"article:modified_time\" content=\"2023-10-05T23:34:48+00:00\" \/>\n<meta property=\"og:image\" content=\"https:\/\/www.gibbs.no\/wp-content\/uploads\/2023\/10\/utleie-manuel-steps-488x1024.png\" \/>\n<meta name=\"twitter:card\" content=\"summary_large_image\" \/>\n<meta name=\"twitter:label1\" content=\"Est. reading time\" \/>\n\t<meta name=\"twitter:data1\" content=\"3 minutes\" \/>\n<script type=\"application\/ld+json\" class=\"yoast-schema-graph\">{\"@context\":\"https:\/\/schema.org\",\"@graph\":[{\"@type\":\"WebPage\",\"@id\":\"https:\/\/www.gibbs.no\/tidsbesparelse\/\",\"url\":\"https:\/\/www.gibbs.no\/tidsbesparelse\/\",\"name\":\"Tidsbesparelse - Gibbs.no - Bookingsystem\",\"isPartOf\":{\"@id\":\"https:\/\/www.gibbs.no\/#website\"},\"datePublished\":\"2023-10-05T16:37:04+00:00\",\"dateModified\":\"2023-10-05T23:34:48+00:00\",\"breadcrumb\":{\"@id\":\"https:\/\/www.gibbs.no\/tidsbesparelse\/#breadcrumb\"},\"inLanguage\":\"da-DK\",\"potentialAction\":[{\"@type\":\"ReadAction\",\"target\":[\"https:\/\/www.gibbs.no\/tidsbesparelse\/\"]}]},{\"@type\":\"BreadcrumbList\",\"@id\":\"https:\/\/www.gibbs.no\/tidsbesparelse\/#breadcrumb\",\"itemListElement\":[{\"@type\":\"ListItem\",\"position\":1,\"name\":\"Home\",\"item\":\"https:\/\/www.gibbs.no\/\"},{\"@type\":\"ListItem\",\"position\":2,\"name\":\"Tidsbesparelse\"}]},{\"@type\":\"WebSite\",\"@id\":\"https:\/\/www.gibbs.no\/#website\",\"url\":\"https:\/\/www.gibbs.no\/\",\"name\":\"Gibbs.no\",\"description\":\"Bookingsystem - 1.Book 2.Betal 3.\u00c5pne\",\"publisher\":{\"@id\":\"https:\/\/www.gibbs.no\/#organization\"},\"potentialAction\":[{\"@type\":\"SearchAction\",\"target\":{\"@type\":\"EntryPoint\",\"urlTemplate\":\"https:\/\/www.gibbs.no\/?s={search_term_string}\"},\"query-input\":\"required name=search_term_string\"}],\"inLanguage\":\"da-DK\"},{\"@type\":\"Organization\",\"@id\":\"https:\/\/www.gibbs.no\/#organization\",\"name\":\"Gibbs AS\",\"url\":\"https:\/\/www.gibbs.no\/\",\"logo\":{\"@type\":\"ImageObject\",\"inLanguage\":\"da-DK\",\"@id\":\"https:\/\/www.gibbs.no\/#\/schema\/logo\/image\/\",\"url\":\"https:\/\/www.gibbs.no\/wp-content\/uploads\/2023\/11\/Gibbs-bookingsystem-logo.png\",\"contentUrl\":\"https:\/\/www.gibbs.no\/wp-content\/uploads\/2023\/11\/Gibbs-bookingsystem-logo.png\",\"width\":696,\"height\":696,\"caption\":\"Gibbs AS\"},\"image\":{\"@id\":\"https:\/\/www.gibbs.no\/#\/schema\/logo\/image\/\"},\"sameAs\":[\"https:\/\/www.facebook.com\/GibbsNorge\",\"https:\/\/www.linkedin.com\/company\/gibbsnorge\"]}]}<\/script>\n<!-- \/ Yoast SEO plugin. -->","yoast_head_json":{"title":"Tidsbesparelse - Gibbs.no - Bookingsystem","robots":{"index":"index","follow":"follow","max-snippet":"max-snippet:-1","max-image-preview":"max-image-preview:large","max-video-preview":"max-video-preview:-1"},"canonical":"https:\/\/www.gibbs.no\/da\/tidsbesparelse\/","og_locale":"da_DK","og_type":"article","og_title":"Tidsbesparelse - Gibbs.no - Bookingsystem","og_description":"For utleier Manuell booking 1. Motta foresp\u00f8rsel. M\u00e5 kanskje svare p\u00e5 noe sp\u00f8rsm\u00e5l? La oss starte med at dette tar i snitt 3 min 2. Sjekke tilgjengelighet, kan fort ta litt tid, spesielt om det er flere administratorer som tar imot foresp\u00f8rsler, men har man en google eller annen digital kalender s\u00e5 er det ikke [&hellip;]","og_url":"https:\/\/www.gibbs.no\/da\/tidsbesparelse\/","og_site_name":"Gibbs.no - Bookingsystem","article_publisher":"https:\/\/www.facebook.com\/GibbsNorge","article_modified_time":"2023-10-05T23:34:48+00:00","og_image":[{"url":"https:\/\/www.gibbs.no\/wp-content\/uploads\/2023\/10\/utleie-manuel-steps-488x1024.png"}],"twitter_card":"summary_large_image","twitter_misc":{"Est. reading time":"3 minutes"},"schema":{"@context":"https:\/\/schema.org","@graph":[{"@type":"WebPage","@id":"https:\/\/www.gibbs.no\/tidsbesparelse\/","url":"https:\/\/www.gibbs.no\/tidsbesparelse\/","name":"Tidsbesparelse - Gibbs.no - Bookingsystem","isPartOf":{"@id":"https:\/\/www.gibbs.no\/#website"},"datePublished":"2023-10-05T16:37:04+00:00","dateModified":"2023-10-05T23:34:48+00:00","breadcrumb":{"@id":"https:\/\/www.gibbs.no\/tidsbesparelse\/#breadcrumb"},"inLanguage":"da-DK","potentialAction":[{"@type":"ReadAction","target":["https:\/\/www.gibbs.no\/tidsbesparelse\/"]}]},{"@type":"BreadcrumbList","@id":"https:\/\/www.gibbs.no\/tidsbesparelse\/#breadcrumb","itemListElement":[{"@type":"ListItem","position":1,"name":"Home","item":"https:\/\/www.gibbs.no\/"},{"@type":"ListItem","position":2,"name":"Tidsbesparelse"}]},{"@type":"WebSite","@id":"https:\/\/www.gibbs.no\/#website","url":"https:\/\/www.gibbs.no\/","name":"Gibbs.no","description":"Bookingsystem - 1.Book 2.Betal 3.\u00c5pne","publisher":{"@id":"https:\/\/www.gibbs.no\/#organization"},"potentialAction":[{"@type":"SearchAction","target":{"@type":"EntryPoint","urlTemplate":"https:\/\/www.gibbs.no\/?s={search_term_string}"},"query-input":"required name=search_term_string"}],"inLanguage":"da-DK"},{"@type":"Organization","@id":"https:\/\/www.gibbs.no\/#organization","name":"Gibbs AS","url":"https:\/\/www.gibbs.no\/","logo":{"@type":"ImageObject","inLanguage":"da-DK","@id":"https:\/\/www.gibbs.no\/#\/schema\/logo\/image\/","url":"https:\/\/www.gibbs.no\/wp-content\/uploads\/2023\/11\/Gibbs-bookingsystem-logo.png","contentUrl":"https:\/\/www.gibbs.no\/wp-content\/uploads\/2023\/11\/Gibbs-bookingsystem-logo.png","width":696,"height":696,"caption":"Gibbs AS"},"image":{"@id":"https:\/\/www.gibbs.no\/#\/schema\/logo\/image\/"},"sameAs":["https:\/\/www.facebook.com\/GibbsNorge","https:\/\/www.linkedin.com\/company\/gibbsnorge"]}]}},"uagb_featured_image_src":{"full":false,"thumbnail":false,"medium":false,"medium_large":false,"large":false,"1536x1536":false,"2048x2048":false,"trp-custom-language-flag":false,"post-thumbnail":false,"listeo-avatar":false,"listeo-blog-post":false,"listeo-blog-related-post":false,"listeo-post-thumb":false,"listeo-gallery":false,"listeo-listing-grid":false,"listeo_core-avatar":false,"listeo_core-preview":false,"woocommerce_thumbnail":false,"woocommerce_single":false,"woocommerce_gallery_thumbnail":false},"uagb_author_info":{"display_name":"Gibbs k","author_link":"https:\/\/www.gibbs.no\/da\/author\/kamil-gryga94gmail-com\/"},"uagb_comment_info":0,"uagb_excerpt":"For utleier Manuell booking 1. Motta foresp\u00f8rsel. M\u00e5 kanskje svare p\u00e5 noe sp\u00f8rsm\u00e5l? La oss starte med at dette tar i snitt 3 min 2. Sjekke tilgjengelighet, kan fort ta litt tid, spesielt om det er flere administratorer som tar imot foresp\u00f8rsler, men har man en google eller annen digital kalender s\u00e5 er det ikke&hellip;","_links":{"self":[{"href":"https:\/\/www.gibbs.no\/da\/wp-json\/wp\/v2\/pages\/16566","targetHints":{"allow":["GET"]}}],"collection":[{"href":"https:\/\/www.gibbs.no\/da\/wp-json\/wp\/v2\/pages"}],"about":[{"href":"https:\/\/www.gibbs.no\/da\/wp-json\/wp\/v2\/types\/page"}],"author":[{"embeddable":true,"href":"https:\/\/www.gibbs.no\/da\/wp-json\/wp\/v2\/users\/1"}],"replies":[{"embeddable":true,"href":"https:\/\/www.gibbs.no\/da\/wp-json\/wp\/v2\/comments?post=16566"}],"version-history":[{"count":48,"href":"https:\/\/www.gibbs.no\/da\/wp-json\/wp\/v2\/pages\/16566\/revisions"}],"predecessor-version":[{"id":16768,"href":"https:\/\/www.gibbs.no\/da\/wp-json\/wp\/v2\/pages\/16566\/revisions\/16768"}],"wp:attachment":[{"href":"https:\/\/www.gibbs.no\/da\/wp-json\/wp\/v2\/media?parent=16566"}],"curies":[{"name":"wp","href":"https:\/\/api.w.org\/{rel}","templated":true}]}}