{"id":15977,"date":"2023-10-02T18:52:26","date_gmt":"2023-10-02T16:52:26","guid":{"rendered":"https:\/\/www.gibbs.no\/?page_id=15977"},"modified":"2025-12-03T21:55:19","modified_gmt":"2025-12-03T20:55:19","slug":"om-oss","status":"publish","type":"page","link":"https:\/\/www.gibbs.no\/da\/om-oss\/","title":{"rendered":"Om os"},"content":{"rendered":"<div class=\"wp-block-group green_background_image\"><div class=\"wp-block-group__inner-container is-layout-constrained wp-block-group-is-layout-constrained\">\n<h1 class=\"wp-block-heading has-text-align-center has-x-large-font-size\"><strong>Om os<\/strong><\/h1>\n\n\n\n<p class=\"has-text-align-center has-medium-font-size\"><strong>Sammen kan vi skabe noget st\u00f8rre, end vi nogensinde kunne opn\u00e5 alene<\/strong><\/p>\n<\/div><\/div>\n\n\n\n<div style=\"height:30px\" aria-hidden=\"true\" class=\"wp-block-spacer\"><\/div>\n\n\n\n<div class=\"wp-block-uagb-container uagb-block-4e239f21 alignfull uagb-is-root-container\"><div class=\"uagb-container-inner-blocks-wrap\">\n<div class=\"wp-block-columns has-white-background-color has-background is-layout-flex wp-container-core-columns-is-layout-9d6595d7 wp-block-columns-is-layout-flex\">\n<div class=\"wp-block-column is-layout-flow wp-block-column-is-layout-flow\" style=\"flex-basis:100%\">\n<p><strong>Hvem er vi?<\/strong><\/p>\n\n\n\n<p>Gibbs AS er din partner til at forme fremtiden for udlejning. Vi er drevet af en passion for at g\u00f8re udlejning s\u00e5 enkel og problemfri som muligt ved hj\u00e6lp af automatiserede l\u00f8sninger, der giver fuld kontrol og effektivitet. Velkommen til den nye standard for leje med Gibbs, hvor dine kunder nemt kan booke, betale og f\u00e5 n\u00f8glefri adgang.<\/p>\n\n\n\n<p><strong>Vores ekspertise:<\/strong><\/p>\n\n\n\n<p>Gibbs AS er et dedikeret team af specialister, der br\u00e6nder for at automatisere lejeprocesser. Vores passion ligger i at g\u00f8re udlejning s\u00e5 problemfri og effektiv som muligt. Med vores avancerede bookingsysteml\u00f8sning giver vi dig fuld kontrol over dine lejeboliger. Vi g\u00e5r endnu l\u00e6ngere ved at tilbyde specialudviklede automatiseringsl\u00f8sninger til at forenkle rutineopgaver ved hj\u00e6lp af digital teknologi.<\/p>\n\n\n\n<p>Vi har udviklet en algoritmedrevet skemal\u00e6gger til skoler og s\u00e6sonbookingsl\u00f8sning, der giver betydelige fordele for kommuner og idr\u00e6tsr\u00e5d. Dette v\u00e6rkt\u00f8j hj\u00e6lper dig med at tildele tr\u00e6ningstider automatisk og er designet til at reducere tidsforbruget med hele 95%. Du kan nemt lade algoritmen g\u00f8re arbejdet for dig, og resultatet er b\u00e5de pr\u00e6cist og fair for alle involverede parter.<\/p>\n\n\n\n<p><strong>M\u00f8d vores team:<\/strong><\/p>\n\n\n\n<p>Vi er stolte af vores kompetente team, som arbejder h\u00e5rdt for at realisere vores ambitioner. Vores team best\u00e5r af dedikerede fagfolk med varieret baggrund og ekspertise inden for IT, teknologi og kundeservice. Vi tror p\u00e5 at samle forskellige talenter for at opn\u00e5 innovative l\u00f8sninger, der forenkler udlejningen for dig.<\/p>\n\n\n\n<p>Ved st\u00f8rre projekter eller meget kr\u00e6vende deadlines har Gibbs AS mulighed for at benytte Scott-gruppen, der er ISO 9001 certificeret og r\u00e5der over hele 30 udviklere med viden om Gibbs&#039; tekniske arkitektur.<\/p>\n\n\n\n<p><strong>Slut dig til fremtidens udlejning:<\/strong><\/p>\n\n\n\n<p>Med Gibbs AS kan du:<\/p>\n\n\n\n<ul class=\"wp-block-list\">\n<li><strong>Automatiser reservationer:<\/strong> Spar tid og ressourcer ved at lade vores system h\u00e5ndtere alle bookinger automatisk.<\/li>\n\n\n\n<li><strong>Simpel betaling:<\/strong> Lad kunderne betale hurtigt og sikkert online.<\/li>\n\n\n\n<li><strong>N\u00f8glefri adgang:<\/strong> Dine g\u00e6ster modtager unikke adgangskoder, der giver dem problemfri adgang.<\/li>\n<\/ul>\n\n\n\n<p>Lad os sammen forme fremtiden for leje ved at g\u00f8re hele processen nemmere, mere effektiv og mere rentabel. Spar tid og bekymringer med Gibbs bookingsystem. <\/p>\n\n\n\n<p>Kontakt os i dag for at komme i gang!<\/p>\n<\/div>\n<\/div>\n<\/div><\/div>\n\n\n\n<div class=\"wp-block-uagb-container uagb-block-ccb96193 alignfull uagb-is-root-container\"><div class=\"uagb-container-inner-blocks-wrap\">\n<h2 class=\"wp-block-heading has-text-align-center\"><strong>Holdet<\/strong><\/h2>\n\n\n\n<div class=\"wp-block-columns is-layout-flex wp-container-core-columns-is-layout-9d6595d7 wp-block-columns-is-layout-flex\">\n<div class=\"wp-block-column shadow-background is-layout-flow wp-block-column-is-layout-flow\"><div class=\"wp-block-image is-style-rounded background_shadow\">\n<figure class=\"aligncenter size-thumbnail\"><img loading=\"lazy\" decoding=\"async\" width=\"150\" height=\"150\" src=\"https:\/\/www.gibbs.no\/wp-content\/uploads\/2023\/10\/kamil-300x300-1-150x150.webp\" alt=\"\" class=\"wp-image-15993\" srcset=\"https:\/\/www.gibbs.no\/wp-content\/uploads\/2023\/10\/kamil-300x300-1-150x150.webp 150w, https:\/\/www.gibbs.no\/wp-content\/uploads\/2023\/10\/kamil-300x300-1-12x12.webp 12w, https:\/\/www.gibbs.no\/wp-content\/uploads\/2023\/10\/kamil-300x300-1-200x200.webp 200w, https:\/\/www.gibbs.no\/wp-content\/uploads\/2023\/10\/kamil-300x300-1-100x100.webp 100w, https:\/\/www.gibbs.no\/wp-content\/uploads\/2023\/10\/kamil-300x300-1.webp 300w\" sizes=\"auto, (max-width: 150px) 100vw, 150px\" \/><\/figure>\n<\/div>\n\n\n<h3 class=\"wp-block-heading has-text-align-center\">Kamil Gryga<\/h3>\n\n\n\n<p class=\"has-text-align-center padding_sides_30\">Administrerende direkt\u00f8r og medstifter af Gibbs AS. Systemarkitekt og UX-designer med seks \u00e5rs erfaring i IT-sektoren. Har ledet tv\u00e6rfaglige og multikulturelle teams, kombineret ny IT-teknologi med eksisterende systemer og designet systemer til at im\u00f8dekomme kundernes specifikationer. Bachelor i innovation og projektledelse fra H\u00f8jskolen \u00d8stfold<\/p>\n<\/div>\n\n\n\n<div class=\"wp-block-column shadow-background is-layout-flow wp-block-column-is-layout-flow\"><div class=\"wp-block-image is-style-rounded\">\n<figure class=\"aligncenter size-thumbnail\"><img loading=\"lazy\" decoding=\"async\" width=\"150\" height=\"150\" src=\"https:\/\/www.gibbs.no\/wp-content\/uploads\/2023\/10\/abdi-150x150.webp\" alt=\"\" class=\"wp-image-15992\" srcset=\"https:\/\/www.gibbs.no\/wp-content\/uploads\/2023\/10\/abdi-150x150.webp 150w, https:\/\/www.gibbs.no\/wp-content\/uploads\/2023\/10\/abdi-12x12.webp 12w, https:\/\/www.gibbs.no\/wp-content\/uploads\/2023\/10\/abdi-100x100.webp 100w\" sizes=\"auto, (max-width: 150px) 100vw, 150px\" \/><\/figure>\n<\/div>\n\n\n<h3 class=\"wp-block-heading has-text-align-center\">Abdi Yusuf<\/h3>\n\n\n\n<p class=\"has-text-align-center padding_sides_30\">Salgsleder og medgr\u00fcnder. Ansvar for forretningsutvikling, kunder, partnerskap. Har en bachelorgrad i innovasjon og ledelse fra H\u00f8yskolen i \u00d8stfold.<\/p>\n<\/div>\n<\/div>\n\n\n\n<div class=\"wp-block-columns is-layout-flex wp-container-core-columns-is-layout-9d6595d7 wp-block-columns-is-layout-flex\">\n<div class=\"wp-block-column shadow-background is-layout-flow wp-block-column-is-layout-flow\"><div class=\"wp-block-image is-style-rounded background_shadow\">\n<figure class=\"aligncenter size-thumbnail\"><img loading=\"lazy\" decoding=\"async\" width=\"150\" height=\"150\" src=\"https:\/\/www.gibbs.no\/wp-content\/uploads\/2023\/11\/trond-150x150.png\" alt=\"\" class=\"wp-image-19435\" srcset=\"https:\/\/www.gibbs.no\/wp-content\/uploads\/2023\/11\/trond-150x150.png 150w, https:\/\/www.gibbs.no\/wp-content\/uploads\/2023\/11\/trond-13x12.png 13w, https:\/\/www.gibbs.no\/wp-content\/uploads\/2023\/11\/trond-200x200.png 200w, https:\/\/www.gibbs.no\/wp-content\/uploads\/2023\/11\/trond-300x300.png 300w, https:\/\/www.gibbs.no\/wp-content\/uploads\/2023\/11\/trond-100x100.png 100w\" sizes=\"auto, (max-width: 150px) 100vw, 150px\" \/><\/figure>\n<\/div>\n\n\n<h3 class=\"wp-block-heading has-text-align-center\">Trond Aaslid<\/h3>\n\n\n\n<p class=\"has-text-align-center padding_sides_30\">Har en bachelor i maskinteknik og \u00f8konomi, og er stifter og ejer af Megahjul. Han har erhvervet flere ISO-certificeringer fra Scott Safe Consulting og er Odoo-partner. Som strategi- og it-arkitekt leverer han it-services til offshore-virksomheder, der leder efter brugbare reservedele til shipping- og oliesektoren. Han er ogs\u00e5 forsker i d\u00e6ktyper og har udviklet en unik d\u00e6k- og f\u00e6lgkonfigurator samt sine egne d\u00e6k- og f\u00e6lgprofiler i verdensklasse til elbiler, der ofte er blevet testvindere.<\/p>\n<\/div>\n\n\n\n<div class=\"wp-block-column shadow-background is-layout-flow wp-block-column-is-layout-flow\"><div class=\"wp-block-image is-style-rounded\">\n<figure class=\"aligncenter size-thumbnail\"><img loading=\"lazy\" decoding=\"async\" width=\"150\" height=\"150\" src=\"https:\/\/www.gibbs.no\/wp-content\/uploads\/2023\/10\/tor_arne-150x150.webp\" alt=\"\" class=\"wp-image-15990\" srcset=\"https:\/\/www.gibbs.no\/wp-content\/uploads\/2023\/10\/tor_arne-150x150.webp 150w, https:\/\/www.gibbs.no\/wp-content\/uploads\/2023\/10\/tor_arne-12x12.webp 12w, https:\/\/www.gibbs.no\/wp-content\/uploads\/2023\/10\/tor_arne-100x100.webp 100w\" sizes=\"auto, (max-width: 150px) 100vw, 150px\" \/><\/figure>\n<\/div>\n\n\n<h3 class=\"wp-block-heading has-text-align-center\">Tor Arne Moxheim<\/h3>\n\n\n\n<p class=\"has-text-align-center padding_sides_30\">Medstifter af Gibbs AS siden 2021 med ansvar for strategi, investor relations, partnerskaber og forretningsudvikling.<br>Baggrund som universitetslektor fra handelsh\u00f8jskolerne p\u00e5 USN og Professionsh\u00f8jskolen Innlandet samt IT-afdelingen p\u00e5 Professionsh\u00f8jskolen \u00d8stfold.<br>Specialomr\u00e5det er social\u00f8konomi sammen med informations\u00f8konomi og digitale markeder.<br>Civil\u00f8konom fra NHH med erfaring som indk\u00f8bschef fra nationale og internationale f\u00f8devarevirksomheder<\/p>\n<\/div>\n<\/div>\n\n\n\n<div class=\"wp-block-columns is-layout-flex wp-container-core-columns-is-layout-9d6595d7 wp-block-columns-is-layout-flex\">\n<div class=\"wp-block-column shadow-background is-layout-flow wp-block-column-is-layout-flow\"><div class=\"wp-block-image is-style-rounded background_shadow\">\n<figure class=\"aligncenter size-thumbnail\"><img loading=\"lazy\" decoding=\"async\" width=\"150\" height=\"150\" src=\"https:\/\/www.gibbs.no\/wp-content\/uploads\/2023\/10\/geir-150x150.jpeg\" alt=\"\" class=\"wp-image-16017\" srcset=\"https:\/\/www.gibbs.no\/wp-content\/uploads\/2023\/10\/geir-150x150.jpeg 150w, https:\/\/www.gibbs.no\/wp-content\/uploads\/2023\/10\/geir-300x300.jpeg 300w, https:\/\/www.gibbs.no\/wp-content\/uploads\/2023\/10\/geir-768x768.jpeg 768w, https:\/\/www.gibbs.no\/wp-content\/uploads\/2023\/10\/geir-12x12.jpeg 12w, https:\/\/www.gibbs.no\/wp-content\/uploads\/2023\/10\/geir-590x590.jpeg 590w, https:\/\/www.gibbs.no\/wp-content\/uploads\/2023\/10\/geir-670x670.jpeg 670w, https:\/\/www.gibbs.no\/wp-content\/uploads\/2023\/10\/geir-577x577.jpeg 577w, https:\/\/www.gibbs.no\/wp-content\/uploads\/2023\/10\/geir-200x200.jpeg 200w, https:\/\/www.gibbs.no\/wp-content\/uploads\/2023\/10\/geir-600x600.jpeg 600w, https:\/\/www.gibbs.no\/wp-content\/uploads\/2023\/10\/geir-100x100.jpeg 100w, https:\/\/www.gibbs.no\/wp-content\/uploads\/2023\/10\/geir.jpeg 800w\" sizes=\"auto, (max-width: 150px) 100vw, 150px\" \/><\/figure>\n<\/div>\n\n\n<h3 class=\"wp-block-heading has-text-align-center\">Geir Vidar Kristensen<\/h3>\n\n\n\n<p class=\"has-text-align-center padding_sides_30\">Frontend og server side udvikler. Civilingeni\u00f8r i computerteknik fra NTNU. Har stor erfaring fra en lang karriere hos blandt andet Norsk Tipping, Telenor og Tribia. Skabte brugergr\u00e6nsefladen til de fleste af Norsk Tippings spil, da disse f\u00f8rst blev gjort tilg\u00e6ngelige via internettet. Pionerer i brugen af Ajax, single-page apps og objektorienteret Javascript, l\u00e6nge f\u00f8r dette blev industristandarden. Ekspert i at bruge l\u00e6rred til grafik i browseren. Bidraget til udvikling og vedligeholdelse af telenor.no. Ansvarlig for implementering af webanalyse vha. Tealium. Bidraget til udvikling og vedligeholdelse af Interaxo, Tribias v\u00e6rkt\u00f8j til interaktion i byggeprojekter. Har udviklet software til styring af minivarehuse for Gibbs.<\/p>\n<\/div>\n\n\n\n<div class=\"wp-block-column shadow-background is-layout-flow wp-block-column-is-layout-flow\"><div class=\"wp-block-image is-style-rounded\">\n<figure class=\"aligncenter size-thumbnail\"><img loading=\"lazy\" decoding=\"async\" width=\"150\" height=\"150\" src=\"https:\/\/www.gibbs.no\/wp-content\/uploads\/2023\/10\/ahmed-150x150.webp\" alt=\"\" class=\"wp-image-15988\" srcset=\"https:\/\/www.gibbs.no\/wp-content\/uploads\/2023\/10\/ahmed-150x150.webp 150w, https:\/\/www.gibbs.no\/wp-content\/uploads\/2023\/10\/ahmed-12x12.webp 12w, https:\/\/www.gibbs.no\/wp-content\/uploads\/2023\/10\/ahmed-200x200.webp 200w, https:\/\/www.gibbs.no\/wp-content\/uploads\/2023\/10\/ahmed-100x100.webp 100w, https:\/\/www.gibbs.no\/wp-content\/uploads\/2023\/10\/ahmed.webp 300w\" sizes=\"auto, (max-width: 150px) 100vw, 150px\" \/><\/figure>\n<\/div>\n\n\n<h3 class=\"wp-block-heading has-text-align-center\">Ahmed Aboughonim<\/h3>\n\n\n\n<p class=\"has-text-align-center padding_sides_30\">Algoritme specialist og fuld stack udvikler. Ahmed har en ph.d. i informations- og kommunikationsteknologi fra Universitetet i Agder, og en kandidatgrad i systemdynamik fra Universitetet i Bergen. Ahmed har bygget matematiske og statistiske modeller, algoritmer og software. Han har ogs\u00e5 arbejdet som forsker ved Universitetet i Agder og udviklet en System Dynamics simuleringsmodel til Resilience Maturity Model. Ahmed har ogs\u00e5 arbejdet som IKT-konsulent hos GISNOR, hvor han automatiserede forretningsprocesser og opbyggede en online tilstedev\u00e6relse for organisationer.<\/p>\n<\/div>\n<\/div>\n\n\n\n<div class=\"wp-block-columns is-layout-flex wp-container-core-columns-is-layout-9d6595d7 wp-block-columns-is-layout-flex\">\n<div class=\"wp-block-column shadow-background is-layout-flow wp-block-column-is-layout-flow\"><div class=\"wp-block-image is-style-rounded background_shadow\">\n<figure class=\"aligncenter size-thumbnail\"><img loading=\"lazy\" decoding=\"async\" width=\"150\" height=\"150\" src=\"https:\/\/www.gibbs.no\/wp-content\/uploads\/2023\/10\/sunil-150x150.webp\" alt=\"\" class=\"wp-image-15989\" srcset=\"https:\/\/www.gibbs.no\/wp-content\/uploads\/2023\/10\/sunil-150x150.webp 150w, https:\/\/www.gibbs.no\/wp-content\/uploads\/2023\/10\/sunil-13x12.webp 13w, https:\/\/www.gibbs.no\/wp-content\/uploads\/2023\/10\/sunil-100x100.webp 100w\" sizes=\"auto, (max-width: 150px) 100vw, 150px\" \/><\/figure>\n<\/div>\n\n\n<h3 class=\"wp-block-heading has-text-align-center\">Sunil Kumar<\/h3>\n\n\n\n<p class=\"has-text-align-center padding_sides_30\">Frontend udvikler med over 9 \u00e5rs erfaring og passion for responsivt hjemmesidedesign. Han har v\u00e6ret ansvarlig for HTML-, CSS- og JavaScript-kodestrukturer hos Gibbs AS og implementeret SASS og en ny responsiv tilgang hos Gibbs.no. Tidligere var han freelancer og arbejdede med webudvikling, webdesign og app-udvikling. Han har en kandidatgrad i computerprogrammering og en bachelorgrad i webudvikling og programmering fra HP University.<\/p>\n<\/div>\n<\/div>\n<\/div><\/div>\n\n\n\n<div class=\"wp-block-uagb-container uagb-block-7f153481 alignfull uagb-is-root-container\"><div class=\"uagb-container-inner-blocks-wrap\">\n<div class=\"wp-block-group green_background\"><div class=\"wp-block-group__inner-container is-layout-constrained wp-block-group-is-layout-constrained\">\n<h2 class=\"wp-block-heading has-text-align-center\"><strong>Interesseret i at v\u00e6re med p\u00e5 holdet?<\/strong><\/h2>\n\n\n\n<p class=\"has-text-align-center padding_sides_30\">Er du dygtig, kreativ og fuld af passion? S\u00e5 vil vi gerne h\u00f8re fra dig! Send os din ans\u00f8gning og bliv en del af teamet. Vi s\u00f8ger folk, der kan lide at udfordre nutidens l\u00f8sninger, arbejde selvst\u00e6ndigt, ikke lader stenen st\u00e5 uvendt. Tag med p\u00e5 vores eventyr \u2013 vi er sp\u00e6ndte p\u00e5 at se, hvad du kan tilf\u00f8je!<\/p>\n\n\n\n<div class=\"wp-block-uagb-buttons uagb-buttons__outer-wrap uagb-btn__default-btn uagb-btn-tablet__default-btn uagb-btn-mobile__default-btn uagb-block-a34ca152\"><div class=\"uagb-buttons__wrap uagb-buttons-layout-wrap\">\n<div class=\"wp-block-uagb-buttons-child uagb-buttons__outer-wrap uagb-block-d2e46666 wp-block-button try_button\"><div class=\"uagb-button__wrapper\"><a class=\"uagb-buttons-repeater wp-block-button__link\" href=\"https:\/\/www.gibbs.no\/da\/kontakt-oss\/\" onclick=\"return true;\" rel=\"follow noopener\" target=\"_self\"><div class=\"uagb-button__link\">Kontakt os<\/div><\/a><\/div><\/div>\n<\/div><\/div>\n<\/div><\/div>\n<\/div><\/div>\n\n\n\n<div style=\"height:71px\" aria-hidden=\"true\" class=\"wp-block-spacer\"><\/div>\n\n\n\n<div class=\"wp-block-uagb-container uagb-block-0190bfcd alignfull uagb-is-root-container\"><div class=\"uagb-container-inner-blocks-wrap\">\n<div class=\"wp-block-group green_background\"><div class=\"wp-block-group__inner-container is-layout-constrained wp-block-group-is-layout-constrained\">\n<p style=\"text-transform:none\"><em>N\u00e5r du laver noget for dig selv, eller din bedste ven eller familie, s\u00e5 skal du ikke ud. Hvis du ikke elsker noget, vil du ikke g\u00e5 den ekstra mil, arbejde den ekstra weekend, udfordre status quo s\u00e5 meget<\/em>.<br><em>&nbsp;- Steve jobs<\/em><\/p>\n<\/div><\/div>\n<\/div><\/div>","protected":false},"excerpt":{"rendered":"<p>Om oss Sammen kan vi skape noe st\u00f8rre enn vi noen gang kunne oppn\u00e5 alene Hvem er vi? Gibbs AS er din partner for \u00e5 forme fremtiden av utleie. Vi er drevet av en lidenskap for \u00e5 gj\u00f8re utleie s\u00e5 enkelt og s\u00f8ml\u00f8st som mulig ved hjelp av automatiserte l\u00f8sninger som gir full kontroll og [&hellip;]<\/p>","protected":false},"author":1,"featured_media":0,"parent":0,"menu_order":0,"comment_status":"closed","ping_status":"closed","template":"","meta":{"inline_featured_image":false,"_uag_custom_page_level_css":"","footnotes":""},"class_list":["post-15977","page","type-page","status-publish","hentry"],"yoast_head":"<!-- This site is optimized with the Yoast SEO plugin v20.8 - https:\/\/yoast.com\/wordpress\/plugins\/seo\/ -->\n<title>Om oss - Gibbs.no - Bookingsystem<\/title>\n<meta name=\"robots\" content=\"index, follow, max-snippet:-1, max-image-preview:large, max-video-preview:-1\" \/>\n<link rel=\"canonical\" href=\"https:\/\/www.gibbs.no\/da\/om-oss\/\" \/>\n<meta property=\"og:locale\" content=\"da_DK\" \/>\n<meta property=\"og:type\" content=\"article\" \/>\n<meta property=\"og:title\" content=\"Om oss - Gibbs.no - Bookingsystem\" \/>\n<meta property=\"og:description\" content=\"Om oss Sammen kan vi skape noe st\u00f8rre enn vi noen gang kunne oppn\u00e5 alene Hvem er vi? Gibbs AS er din partner for \u00e5 forme fremtiden av utleie. Vi er drevet av en lidenskap for \u00e5 gj\u00f8re utleie s\u00e5 enkelt og s\u00f8ml\u00f8st som mulig ved hjelp av automatiserte l\u00f8sninger som gir full kontroll og [&hellip;]\" \/>\n<meta property=\"og:url\" content=\"https:\/\/www.gibbs.no\/da\/om-oss\/\" \/>\n<meta property=\"og:site_name\" content=\"Gibbs.no - Bookingsystem\" \/>\n<meta property=\"article:publisher\" content=\"https:\/\/www.facebook.com\/GibbsNorge\" \/>\n<meta property=\"article:modified_time\" content=\"2025-12-03T20:55:19+00:00\" \/>\n<meta property=\"og:image\" content=\"https:\/\/www.gibbs.no\/wp-content\/uploads\/2023\/10\/kamil-300x300-1-150x150.webp\" \/>\n<meta name=\"twitter:card\" content=\"summary_large_image\" \/>\n<meta name=\"twitter:label1\" content=\"Est. reading time\" \/>\n\t<meta name=\"twitter:data1\" content=\"7 minutes\" \/>\n<script type=\"application\/ld+json\" class=\"yoast-schema-graph\">{\"@context\":\"https:\/\/schema.org\",\"@graph\":[{\"@type\":\"WebPage\",\"@id\":\"https:\/\/www.gibbs.no\/om-oss\/\",\"url\":\"https:\/\/www.gibbs.no\/om-oss\/\",\"name\":\"Om oss - Gibbs.no - Bookingsystem\",\"isPartOf\":{\"@id\":\"https:\/\/www.gibbs.no\/#website\"},\"datePublished\":\"2023-10-02T16:52:26+00:00\",\"dateModified\":\"2025-12-03T20:55:19+00:00\",\"breadcrumb\":{\"@id\":\"https:\/\/www.gibbs.no\/om-oss\/#breadcrumb\"},\"inLanguage\":\"da-DK\",\"potentialAction\":[{\"@type\":\"ReadAction\",\"target\":[\"https:\/\/www.gibbs.no\/om-oss\/\"]}]},{\"@type\":\"BreadcrumbList\",\"@id\":\"https:\/\/www.gibbs.no\/om-oss\/#breadcrumb\",\"itemListElement\":[{\"@type\":\"ListItem\",\"position\":1,\"name\":\"Home\",\"item\":\"https:\/\/www.gibbs.no\/\"},{\"@type\":\"ListItem\",\"position\":2,\"name\":\"Om oss\"}]},{\"@type\":\"WebSite\",\"@id\":\"https:\/\/www.gibbs.no\/#website\",\"url\":\"https:\/\/www.gibbs.no\/\",\"name\":\"Gibbs.no\",\"description\":\"Bookingsystem - 1.Book 2.Betal 3.\u00c5pne\",\"publisher\":{\"@id\":\"https:\/\/www.gibbs.no\/#organization\"},\"potentialAction\":[{\"@type\":\"SearchAction\",\"target\":{\"@type\":\"EntryPoint\",\"urlTemplate\":\"https:\/\/www.gibbs.no\/?s={search_term_string}\"},\"query-input\":\"required name=search_term_string\"}],\"inLanguage\":\"da-DK\"},{\"@type\":\"Organization\",\"@id\":\"https:\/\/www.gibbs.no\/#organization\",\"name\":\"Gibbs AS\",\"url\":\"https:\/\/www.gibbs.no\/\",\"logo\":{\"@type\":\"ImageObject\",\"inLanguage\":\"da-DK\",\"@id\":\"https:\/\/www.gibbs.no\/#\/schema\/logo\/image\/\",\"url\":\"https:\/\/www.gibbs.no\/wp-content\/uploads\/2023\/11\/Gibbs-bookingsystem-logo.png\",\"contentUrl\":\"https:\/\/www.gibbs.no\/wp-content\/uploads\/2023\/11\/Gibbs-bookingsystem-logo.png\",\"width\":696,\"height\":696,\"caption\":\"Gibbs AS\"},\"image\":{\"@id\":\"https:\/\/www.gibbs.no\/#\/schema\/logo\/image\/\"},\"sameAs\":[\"https:\/\/www.facebook.com\/GibbsNorge\",\"https:\/\/www.linkedin.com\/company\/gibbsnorge\"]}]}<\/script>\n<!-- \/ Yoast SEO plugin. -->","yoast_head_json":{"title":"Om oss - Gibbs.no - Bookingsystem","robots":{"index":"index","follow":"follow","max-snippet":"max-snippet:-1","max-image-preview":"max-image-preview:large","max-video-preview":"max-video-preview:-1"},"canonical":"https:\/\/www.gibbs.no\/da\/om-oss\/","og_locale":"da_DK","og_type":"article","og_title":"Om oss - Gibbs.no - Bookingsystem","og_description":"Om oss Sammen kan vi skape noe st\u00f8rre enn vi noen gang kunne oppn\u00e5 alene Hvem er vi? Gibbs AS er din partner for \u00e5 forme fremtiden av utleie. Vi er drevet av en lidenskap for \u00e5 gj\u00f8re utleie s\u00e5 enkelt og s\u00f8ml\u00f8st som mulig ved hjelp av automatiserte l\u00f8sninger som gir full kontroll og [&hellip;]","og_url":"https:\/\/www.gibbs.no\/da\/om-oss\/","og_site_name":"Gibbs.no - Bookingsystem","article_publisher":"https:\/\/www.facebook.com\/GibbsNorge","article_modified_time":"2025-12-03T20:55:19+00:00","og_image":[{"url":"https:\/\/www.gibbs.no\/wp-content\/uploads\/2023\/10\/kamil-300x300-1-150x150.webp"}],"twitter_card":"summary_large_image","twitter_misc":{"Est. reading time":"7 minutes"},"schema":{"@context":"https:\/\/schema.org","@graph":[{"@type":"WebPage","@id":"https:\/\/www.gibbs.no\/om-oss\/","url":"https:\/\/www.gibbs.no\/om-oss\/","name":"Om oss - Gibbs.no - Bookingsystem","isPartOf":{"@id":"https:\/\/www.gibbs.no\/#website"},"datePublished":"2023-10-02T16:52:26+00:00","dateModified":"2025-12-03T20:55:19+00:00","breadcrumb":{"@id":"https:\/\/www.gibbs.no\/om-oss\/#breadcrumb"},"inLanguage":"da-DK","potentialAction":[{"@type":"ReadAction","target":["https:\/\/www.gibbs.no\/om-oss\/"]}]},{"@type":"BreadcrumbList","@id":"https:\/\/www.gibbs.no\/om-oss\/#breadcrumb","itemListElement":[{"@type":"ListItem","position":1,"name":"Home","item":"https:\/\/www.gibbs.no\/"},{"@type":"ListItem","position":2,"name":"Om oss"}]},{"@type":"WebSite","@id":"https:\/\/www.gibbs.no\/#website","url":"https:\/\/www.gibbs.no\/","name":"Gibbs.no","description":"Bookingsystem - 1.Book 2.Betal 3.\u00c5pne","publisher":{"@id":"https:\/\/www.gibbs.no\/#organization"},"potentialAction":[{"@type":"SearchAction","target":{"@type":"EntryPoint","urlTemplate":"https:\/\/www.gibbs.no\/?s={search_term_string}"},"query-input":"required name=search_term_string"}],"inLanguage":"da-DK"},{"@type":"Organization","@id":"https:\/\/www.gibbs.no\/#organization","name":"Gibbs AS","url":"https:\/\/www.gibbs.no\/","logo":{"@type":"ImageObject","inLanguage":"da-DK","@id":"https:\/\/www.gibbs.no\/#\/schema\/logo\/image\/","url":"https:\/\/www.gibbs.no\/wp-content\/uploads\/2023\/11\/Gibbs-bookingsystem-logo.png","contentUrl":"https:\/\/www.gibbs.no\/wp-content\/uploads\/2023\/11\/Gibbs-bookingsystem-logo.png","width":696,"height":696,"caption":"Gibbs AS"},"image":{"@id":"https:\/\/www.gibbs.no\/#\/schema\/logo\/image\/"},"sameAs":["https:\/\/www.facebook.com\/GibbsNorge","https:\/\/www.linkedin.com\/company\/gibbsnorge"]}]}},"uagb_featured_image_src":{"full":false,"thumbnail":false,"medium":false,"medium_large":false,"large":false,"1536x1536":false,"2048x2048":false,"trp-custom-language-flag":false,"post-thumbnail":false,"listeo-avatar":false,"listeo-blog-post":false,"listeo-blog-related-post":false,"listeo-post-thumb":false,"listeo-gallery":false,"listeo-listing-grid":false,"listeo_core-avatar":false,"listeo_core-preview":false,"woocommerce_thumbnail":false,"woocommerce_single":false,"woocommerce_gallery_thumbnail":false},"uagb_author_info":{"display_name":"Gibbs k","author_link":"https:\/\/www.gibbs.no\/da\/author\/kamil-gryga94gmail-com\/"},"uagb_comment_info":0,"uagb_excerpt":"Om oss Sammen kan vi skape noe st\u00f8rre enn vi noen gang kunne oppn\u00e5 alene Hvem er vi? Gibbs AS er din partner for \u00e5 forme fremtiden av utleie. Vi er drevet av en lidenskap for \u00e5 gj\u00f8re utleie s\u00e5 enkelt og s\u00f8ml\u00f8st som mulig ved hjelp av automatiserte l\u00f8sninger som gir full kontroll og&hellip;","_links":{"self":[{"href":"https:\/\/www.gibbs.no\/da\/wp-json\/wp\/v2\/pages\/15977","targetHints":{"allow":["GET"]}}],"collection":[{"href":"https:\/\/www.gibbs.no\/da\/wp-json\/wp\/v2\/pages"}],"about":[{"href":"https:\/\/www.gibbs.no\/da\/wp-json\/wp\/v2\/types\/page"}],"author":[{"embeddable":true,"href":"https:\/\/www.gibbs.no\/da\/wp-json\/wp\/v2\/users\/1"}],"replies":[{"embeddable":true,"href":"https:\/\/www.gibbs.no\/da\/wp-json\/wp\/v2\/comments?post=15977"}],"version-history":[{"count":41,"href":"https:\/\/www.gibbs.no\/da\/wp-json\/wp\/v2\/pages\/15977\/revisions"}],"predecessor-version":[{"id":103217,"href":"https:\/\/www.gibbs.no\/da\/wp-json\/wp\/v2\/pages\/15977\/revisions\/103217"}],"wp:attachment":[{"href":"https:\/\/www.gibbs.no\/da\/wp-json\/wp\/v2\/media?parent=15977"}],"curies":[{"name":"wp","href":"https:\/\/api.w.org\/{rel}","templated":true}]}}