{"id":15885,"date":"2023-10-02T17:41:04","date_gmt":"2023-10-02T15:41:04","guid":{"rendered":"https:\/\/www.gibbs.no\/?page_id=15885"},"modified":"2025-12-03T22:09:42","modified_gmt":"2025-12-03T21:09:42","slug":"partnere","status":"publish","type":"page","link":"https:\/\/www.gibbs.no\/da\/partnere\/","title":{"rendered":"Partnere"},"content":{"rendered":"<div class=\"wp-block-group green_background_image\"><div class=\"wp-block-group__inner-container is-layout-constrained wp-block-group-is-layout-constrained\">\n<h1 class=\"wp-block-heading has-text-align-center has-x-large-font-size\"><strong>Partnere<\/strong><\/h1>\n\n\n\n<p class=\"has-text-align-center has-medium-font-size\"><strong>Sammen kan vi skabe noget st\u00f8rre, end vi nogensinde kunne opn\u00e5 alene<\/strong><\/p>\n<\/div><\/div>\n\n\n\n<div style=\"height:30px\" aria-hidden=\"true\" class=\"wp-block-spacer\"><\/div>\n\n\n\n<div class=\"wp-block-group alignfull has-background\" style=\"background-color:#171717\"><div class=\"wp-block-group__inner-container is-layout-flow wp-block-group-is-layout-flow\"><\/div><\/div>\n\n\n\n<div class=\"wp-block-uagb-container uagb-block-4e239f21 alignfull uagb-is-root-container\"><div class=\"uagb-container-inner-blocks-wrap\">\n<div class=\"wp-block-columns has-white-background-color has-background is-layout-flex wp-container-core-columns-is-layout-9d6595d7 wp-block-columns-is-layout-flex\">\n<div class=\"wp-block-column is-layout-flow wp-block-column-is-layout-flow\" style=\"flex-basis:33.33%\"><div class=\"wp-block-image\">\n<figure class=\"aligncenter size-large is-resized\"><img loading=\"lazy\" decoding=\"async\" width=\"1024\" height=\"1024\" src=\"https:\/\/www.gibbs.no\/wp-content\/uploads\/2023\/10\/locky-logo-1024x1024.webp\" alt=\"\" class=\"wp-image-15887\" style=\"width:200px;height:undefinedpx\" srcset=\"https:\/\/www.gibbs.no\/wp-content\/uploads\/2023\/10\/locky-logo-1024x1024.webp 1024w, https:\/\/www.gibbs.no\/wp-content\/uploads\/2023\/10\/locky-logo-300x300.webp 300w, https:\/\/www.gibbs.no\/wp-content\/uploads\/2023\/10\/locky-logo-150x150.webp 150w, https:\/\/www.gibbs.no\/wp-content\/uploads\/2023\/10\/locky-logo-768x768.webp 768w, https:\/\/www.gibbs.no\/wp-content\/uploads\/2023\/10\/locky-logo-1536x1536.webp 1536w, https:\/\/www.gibbs.no\/wp-content\/uploads\/2023\/10\/locky-logo-2048x2048.webp 2048w, https:\/\/www.gibbs.no\/wp-content\/uploads\/2023\/10\/locky-logo-12x12.webp 12w, https:\/\/www.gibbs.no\/wp-content\/uploads\/2023\/10\/locky-logo-590x590.webp 590w, https:\/\/www.gibbs.no\/wp-content\/uploads\/2023\/10\/locky-logo-670x670.webp 670w, https:\/\/www.gibbs.no\/wp-content\/uploads\/2023\/10\/locky-logo-577x577.webp 577w, https:\/\/www.gibbs.no\/wp-content\/uploads\/2023\/10\/locky-logo-1200x1200.webp 1200w, https:\/\/www.gibbs.no\/wp-content\/uploads\/2023\/10\/locky-logo-200x200.webp 200w, https:\/\/www.gibbs.no\/wp-content\/uploads\/2023\/10\/locky-logo-600x600.webp 600w, https:\/\/www.gibbs.no\/wp-content\/uploads\/2023\/10\/locky-logo-100x100.webp 100w\" sizes=\"auto, (max-width: 1024px) 100vw, 1024px\" \/><\/figure>\n<\/div><\/div>\n\n\n\n<div class=\"wp-block-column is-layout-flow wp-block-column-is-layout-flow\" style=\"flex-basis:66.66%\">\n<p><strong>Locky Tech<\/strong> er f\u00f8rende inden for udvikling af avancerede l\u00e5se- og adgangskontrolsystemer til virksomheder, kontorer, hoteller, vandrehjem og udlejningsvirksomheder i Norge. Innovative og brugervenlige l\u00f8sninger, der giver nem adgang og robust sikkerhed.<\/p>\n\n\n\n<p><a rel=\"noreferrer noopener\" href=\"https:\/\/www.locky.tech\/\" target=\"_blank\">L\u00e6s mere her<\/a><\/p>\n<\/div>\n<\/div>\n<\/div><\/div>\n\n\n\n<div class=\"wp-block-uagb-container uagb-block-f0389183 alignfull uagb-is-root-container\"><div class=\"uagb-container-inner-blocks-wrap\">\n<div class=\"wp-block-columns has-white-background-color has-background is-layout-flex wp-container-core-columns-is-layout-9d6595d7 wp-block-columns-is-layout-flex\">\n<div class=\"wp-block-column is-layout-flow wp-block-column-is-layout-flow\" style=\"flex-basis:33.33%\"><div class=\"wp-block-image\">\n<figure class=\"aligncenter size-full is-resized\"><img loading=\"lazy\" decoding=\"async\" width=\"1900\" height=\"512\" src=\"https:\/\/www.gibbs.no\/wp-content\/uploads\/2025\/12\/logo-unloc.png\" alt=\"\" class=\"wp-image-103222\" style=\"width:200px;height:undefinedpx\" srcset=\"https:\/\/www.gibbs.no\/wp-content\/uploads\/2025\/12\/logo-unloc.png 1900w, https:\/\/www.gibbs.no\/wp-content\/uploads\/2025\/12\/logo-unloc-300x81.png 300w, https:\/\/www.gibbs.no\/wp-content\/uploads\/2025\/12\/logo-unloc-1024x276.png 1024w, https:\/\/www.gibbs.no\/wp-content\/uploads\/2025\/12\/logo-unloc-768x207.png 768w, https:\/\/www.gibbs.no\/wp-content\/uploads\/2025\/12\/logo-unloc-1536x414.png 1536w, https:\/\/www.gibbs.no\/wp-content\/uploads\/2025\/12\/logo-unloc-18x5.png 18w, https:\/\/www.gibbs.no\/wp-content\/uploads\/2025\/12\/logo-unloc-590x159.png 590w, https:\/\/www.gibbs.no\/wp-content\/uploads\/2025\/12\/logo-unloc-1200x323.png 1200w, https:\/\/www.gibbs.no\/wp-content\/uploads\/2025\/12\/logo-unloc-577x155.png 577w, https:\/\/www.gibbs.no\/wp-content\/uploads\/2025\/12\/logo-unloc-600x162.png 600w\" sizes=\"auto, (max-width: 1900px) 100vw, 1900px\" \/><\/figure>\n<\/div><\/div>\n\n\n\n<div class=\"wp-block-column is-layout-flow wp-block-column-is-layout-flow\" style=\"flex-basis:66.66%\">\n<p><strong>L\u00e5s op<\/strong> er en samarbeidspartner som leverer integrasjoner til flere digitale l\u00e5ser. Sammen med Unloc kan vi tilby v\u00e5re kunder 100% automatisert utleie.<a href=\"https:\/\/inlet.no\/\" target=\"_blank\" rel=\"noreferrer noopener\"><br>L\u00e6s mere her<\/a><\/p>\n<\/div>\n<\/div>\n<\/div><\/div>\n\n\n\n<div class=\"wp-block-uagb-container uagb-block-1f6764bc alignfull uagb-is-root-container\"><div class=\"uagb-container-inner-blocks-wrap\">\n<div class=\"wp-block-columns has-white-background-color has-background is-layout-flex wp-container-core-columns-is-layout-9d6595d7 wp-block-columns-is-layout-flex\">\n<div class=\"wp-block-column is-layout-flow wp-block-column-is-layout-flow\" style=\"flex-basis:33.33%\"><div class=\"wp-block-image\">\n<figure class=\"aligncenter size-full is-resized\"><img loading=\"lazy\" decoding=\"async\" width=\"745\" height=\"741\" src=\"https:\/\/www.gibbs.no\/wp-content\/uploads\/2023\/10\/Infoplakat.no-bookingsystem-Gibbs.webp\" alt=\"\" class=\"wp-image-15888\" style=\"width:200px;height:undefinedpx\" srcset=\"https:\/\/www.gibbs.no\/wp-content\/uploads\/2023\/10\/Infoplakat.no-bookingsystem-Gibbs.webp 745w, https:\/\/www.gibbs.no\/wp-content\/uploads\/2023\/10\/Infoplakat.no-bookingsystem-Gibbs-300x298.webp 300w, https:\/\/www.gibbs.no\/wp-content\/uploads\/2023\/10\/Infoplakat.no-bookingsystem-Gibbs-150x150.webp 150w, https:\/\/www.gibbs.no\/wp-content\/uploads\/2023\/10\/Infoplakat.no-bookingsystem-Gibbs-12x12.webp 12w, https:\/\/www.gibbs.no\/wp-content\/uploads\/2023\/10\/Infoplakat.no-bookingsystem-Gibbs-590x587.webp 590w, https:\/\/www.gibbs.no\/wp-content\/uploads\/2023\/10\/Infoplakat.no-bookingsystem-Gibbs-674x670.webp 674w, https:\/\/www.gibbs.no\/wp-content\/uploads\/2023\/10\/Infoplakat.no-bookingsystem-Gibbs-577x574.webp 577w, https:\/\/www.gibbs.no\/wp-content\/uploads\/2023\/10\/Infoplakat.no-bookingsystem-Gibbs-200x200.webp 200w, https:\/\/www.gibbs.no\/wp-content\/uploads\/2023\/10\/Infoplakat.no-bookingsystem-Gibbs-600x597.webp 600w, https:\/\/www.gibbs.no\/wp-content\/uploads\/2023\/10\/Infoplakat.no-bookingsystem-Gibbs-100x100.webp 100w\" sizes=\"auto, (max-width: 745px) 100vw, 745px\" \/><\/figure>\n<\/div><\/div>\n\n\n\n<div class=\"wp-block-column is-layout-flow wp-block-column-is-layout-flow\" style=\"flex-basis:66.66%\">\n<p><strong>Infoplakat.no<\/strong> er vores samarbejdspartner for digitale infosk\u00e6rme. Med vores bookingsystem kan du nemt f\u00e5 vist dine bookinger og ledige tider p\u00e5 dine infosk\u00e6rme, s\u00e5 dine bes\u00f8gende altid er opdateret.&nbsp;<\/p>\n\n\n\n<p><a rel=\"noreferrer noopener\" href=\"https:\/\/infoplakat.no\/\" target=\"_blank\">l\u00e6s mere her<\/a><\/p>\n<\/div>\n<\/div>\n<\/div><\/div>\n\n\n\n<div style=\"height:30px\" aria-hidden=\"true\" class=\"wp-block-spacer\"><\/div>\n\n\n\n<div class=\"wp-block-group green_background\"><div class=\"wp-block-group__inner-container is-layout-constrained wp-block-group-is-layout-constrained\">\n<h2 class=\"wp-block-heading has-text-align-center\"><strong>Vi s\u00f8ger flere samarbejdspartnere&nbsp;<\/strong><\/h2>\n\n\n\n<p class=\"has-text-align-center\">Ser du en samarbejdsmulighed, hvor begge partnere supplerer hinanden? Kontakt os \ud83d\ude42<\/p>\n\n\n\n<div class=\"wp-block-group\"><div class=\"wp-block-group__inner-container is-layout-constrained wp-block-group-is-layout-constrained\">\n<div class=\"wp-block-uagb-buttons uagb-buttons__outer-wrap uagb-btn__default-btn uagb-btn-tablet__default-btn uagb-btn-mobile__default-btn uagb-block-c153845d\"><div class=\"uagb-buttons__wrap uagb-buttons-layout-wrap\">\n<div class=\"wp-block-uagb-buttons-child uagb-buttons__outer-wrap uagb-block-cecf7b2d wp-block-button try_button\"><div class=\"uagb-button__wrapper\"><a class=\"uagb-buttons-repeater wp-block-button__link\" href=\"https:\/\/www.gibbs.no\/da\/book-mote\/\" onclick=\"return true;\" rel=\"follow noopener\" target=\"_self\"><div class=\"uagb-button__link\">Book demo<\/div><\/a><\/div><\/div>\n\n\n\n<div class=\"wp-block-uagb-buttons-child uagb-buttons__outer-wrap uagb-block-c1f34770 wp-block-button try_button\"><div class=\"uagb-button__wrapper\"><a class=\"uagb-buttons-repeater wp-block-button__link\" href=\"https:\/\/www.gibbs.no\/da\/kontakt-oss\/\" onclick=\"return true;\" rel=\"follow noopener\" target=\"_self\"><div class=\"uagb-button__link\">Kontakt os<\/div><\/a><\/div><\/div>\n<\/div><\/div>\n\n\n\n<div style=\"height:20px\" aria-hidden=\"true\" class=\"wp-block-spacer\"><\/div>\n\n\n\n<p class=\"has-text-align-center has-black-color has-text-color\" style=\"font-size:22px\"><\/p>\n<\/div><\/div>\n<\/div><\/div>\n\n\n\n<p><\/p>","protected":false},"excerpt":{"rendered":"<p>Partnere Sammen kan vi skape noe st\u00f8rre enn vi noen gang kunne oppn\u00e5 alene Locky Tech er ledende innen utviklingen av avanserte l\u00e5se- og adgangskontrollsystemer for bedrifter, kontorer, hoteller, hosteller og utleievirksomheter i Norge. Innovative og brukervennlige l\u00f8sninger som gir enkel tilgang og robust sikkerhet. Les mer her Unloc er en samarbeidspartner som leverer integrasjoner [&hellip;]<\/p>","protected":false},"author":1,"featured_media":0,"parent":0,"menu_order":0,"comment_status":"closed","ping_status":"closed","template":"","meta":{"inline_featured_image":false,"_uag_custom_page_level_css":"","footnotes":""},"class_list":["post-15885","page","type-page","status-publish","hentry"],"yoast_head":"<!-- This site is optimized with the Yoast SEO plugin v20.8 - https:\/\/yoast.com\/wordpress\/plugins\/seo\/ -->\n<title>Partnere - Gibbs.no - Bookingsystem<\/title>\n<meta name=\"robots\" content=\"index, follow, max-snippet:-1, max-image-preview:large, max-video-preview:-1\" \/>\n<link rel=\"canonical\" href=\"https:\/\/www.gibbs.no\/da\/partnere\/\" \/>\n<meta property=\"og:locale\" content=\"da_DK\" \/>\n<meta property=\"og:type\" content=\"article\" \/>\n<meta property=\"og:title\" content=\"Partnere - Gibbs.no - Bookingsystem\" \/>\n<meta property=\"og:description\" content=\"Partnere Sammen kan vi skape noe st\u00f8rre enn vi noen gang kunne oppn\u00e5 alene Locky Tech er ledende innen utviklingen av avanserte l\u00e5se- og adgangskontrollsystemer for bedrifter, kontorer, hoteller, hosteller og utleievirksomheter i Norge. Innovative og brukervennlige l\u00f8sninger som gir enkel tilgang og robust sikkerhet. Les mer her Unloc er en samarbeidspartner som leverer integrasjoner [&hellip;]\" \/>\n<meta property=\"og:url\" content=\"https:\/\/www.gibbs.no\/da\/partnere\/\" \/>\n<meta property=\"og:site_name\" content=\"Gibbs.no - Bookingsystem\" \/>\n<meta property=\"article:publisher\" content=\"https:\/\/www.facebook.com\/GibbsNorge\" \/>\n<meta property=\"article:modified_time\" content=\"2025-12-03T21:09:42+00:00\" \/>\n<meta property=\"og:image\" content=\"https:\/\/www.gibbs.no\/wp-content\/uploads\/2023\/10\/locky-logo-1024x1024.webp\" \/>\n<meta name=\"twitter:card\" content=\"summary_large_image\" \/>\n<meta name=\"twitter:label1\" content=\"Est. reading time\" \/>\n\t<meta name=\"twitter:data1\" content=\"2 minutes\" \/>\n<script type=\"application\/ld+json\" class=\"yoast-schema-graph\">{\"@context\":\"https:\/\/schema.org\",\"@graph\":[{\"@type\":\"WebPage\",\"@id\":\"https:\/\/www.gibbs.no\/partnere\/\",\"url\":\"https:\/\/www.gibbs.no\/partnere\/\",\"name\":\"Partnere - Gibbs.no - Bookingsystem\",\"isPartOf\":{\"@id\":\"https:\/\/www.gibbs.no\/#website\"},\"datePublished\":\"2023-10-02T15:41:04+00:00\",\"dateModified\":\"2025-12-03T21:09:42+00:00\",\"breadcrumb\":{\"@id\":\"https:\/\/www.gibbs.no\/partnere\/#breadcrumb\"},\"inLanguage\":\"da-DK\",\"potentialAction\":[{\"@type\":\"ReadAction\",\"target\":[\"https:\/\/www.gibbs.no\/partnere\/\"]}]},{\"@type\":\"BreadcrumbList\",\"@id\":\"https:\/\/www.gibbs.no\/partnere\/#breadcrumb\",\"itemListElement\":[{\"@type\":\"ListItem\",\"position\":1,\"name\":\"Home\",\"item\":\"https:\/\/www.gibbs.no\/\"},{\"@type\":\"ListItem\",\"position\":2,\"name\":\"Partnere\"}]},{\"@type\":\"WebSite\",\"@id\":\"https:\/\/www.gibbs.no\/#website\",\"url\":\"https:\/\/www.gibbs.no\/\",\"name\":\"Gibbs.no\",\"description\":\"Bookingsystem - 1.Book 2.Betal 3.\u00c5pne\",\"publisher\":{\"@id\":\"https:\/\/www.gibbs.no\/#organization\"},\"potentialAction\":[{\"@type\":\"SearchAction\",\"target\":{\"@type\":\"EntryPoint\",\"urlTemplate\":\"https:\/\/www.gibbs.no\/?s={search_term_string}\"},\"query-input\":\"required name=search_term_string\"}],\"inLanguage\":\"da-DK\"},{\"@type\":\"Organization\",\"@id\":\"https:\/\/www.gibbs.no\/#organization\",\"name\":\"Gibbs AS\",\"url\":\"https:\/\/www.gibbs.no\/\",\"logo\":{\"@type\":\"ImageObject\",\"inLanguage\":\"da-DK\",\"@id\":\"https:\/\/www.gibbs.no\/#\/schema\/logo\/image\/\",\"url\":\"https:\/\/www.gibbs.no\/wp-content\/uploads\/2023\/11\/Gibbs-bookingsystem-logo.png\",\"contentUrl\":\"https:\/\/www.gibbs.no\/wp-content\/uploads\/2023\/11\/Gibbs-bookingsystem-logo.png\",\"width\":696,\"height\":696,\"caption\":\"Gibbs AS\"},\"image\":{\"@id\":\"https:\/\/www.gibbs.no\/#\/schema\/logo\/image\/\"},\"sameAs\":[\"https:\/\/www.facebook.com\/GibbsNorge\",\"https:\/\/www.linkedin.com\/company\/gibbsnorge\"]}]}<\/script>\n<!-- \/ Yoast SEO plugin. -->","yoast_head_json":{"title":"Partnere - Gibbs.no - Bookingsystem","robots":{"index":"index","follow":"follow","max-snippet":"max-snippet:-1","max-image-preview":"max-image-preview:large","max-video-preview":"max-video-preview:-1"},"canonical":"https:\/\/www.gibbs.no\/da\/partnere\/","og_locale":"da_DK","og_type":"article","og_title":"Partnere - Gibbs.no - Bookingsystem","og_description":"Partnere Sammen kan vi skape noe st\u00f8rre enn vi noen gang kunne oppn\u00e5 alene Locky Tech er ledende innen utviklingen av avanserte l\u00e5se- og adgangskontrollsystemer for bedrifter, kontorer, hoteller, hosteller og utleievirksomheter i Norge. Innovative og brukervennlige l\u00f8sninger som gir enkel tilgang og robust sikkerhet. Les mer her Unloc er en samarbeidspartner som leverer integrasjoner [&hellip;]","og_url":"https:\/\/www.gibbs.no\/da\/partnere\/","og_site_name":"Gibbs.no - Bookingsystem","article_publisher":"https:\/\/www.facebook.com\/GibbsNorge","article_modified_time":"2025-12-03T21:09:42+00:00","og_image":[{"url":"https:\/\/www.gibbs.no\/wp-content\/uploads\/2023\/10\/locky-logo-1024x1024.webp"}],"twitter_card":"summary_large_image","twitter_misc":{"Est. reading time":"2 minutes"},"schema":{"@context":"https:\/\/schema.org","@graph":[{"@type":"WebPage","@id":"https:\/\/www.gibbs.no\/partnere\/","url":"https:\/\/www.gibbs.no\/partnere\/","name":"Partnere - Gibbs.no - Bookingsystem","isPartOf":{"@id":"https:\/\/www.gibbs.no\/#website"},"datePublished":"2023-10-02T15:41:04+00:00","dateModified":"2025-12-03T21:09:42+00:00","breadcrumb":{"@id":"https:\/\/www.gibbs.no\/partnere\/#breadcrumb"},"inLanguage":"da-DK","potentialAction":[{"@type":"ReadAction","target":["https:\/\/www.gibbs.no\/partnere\/"]}]},{"@type":"BreadcrumbList","@id":"https:\/\/www.gibbs.no\/partnere\/#breadcrumb","itemListElement":[{"@type":"ListItem","position":1,"name":"Home","item":"https:\/\/www.gibbs.no\/"},{"@type":"ListItem","position":2,"name":"Partnere"}]},{"@type":"WebSite","@id":"https:\/\/www.gibbs.no\/#website","url":"https:\/\/www.gibbs.no\/","name":"Gibbs.no","description":"Bookingsystem - 1.Book 2.Betal 3.\u00c5pne","publisher":{"@id":"https:\/\/www.gibbs.no\/#organization"},"potentialAction":[{"@type":"SearchAction","target":{"@type":"EntryPoint","urlTemplate":"https:\/\/www.gibbs.no\/?s={search_term_string}"},"query-input":"required name=search_term_string"}],"inLanguage":"da-DK"},{"@type":"Organization","@id":"https:\/\/www.gibbs.no\/#organization","name":"Gibbs AS","url":"https:\/\/www.gibbs.no\/","logo":{"@type":"ImageObject","inLanguage":"da-DK","@id":"https:\/\/www.gibbs.no\/#\/schema\/logo\/image\/","url":"https:\/\/www.gibbs.no\/wp-content\/uploads\/2023\/11\/Gibbs-bookingsystem-logo.png","contentUrl":"https:\/\/www.gibbs.no\/wp-content\/uploads\/2023\/11\/Gibbs-bookingsystem-logo.png","width":696,"height":696,"caption":"Gibbs AS"},"image":{"@id":"https:\/\/www.gibbs.no\/#\/schema\/logo\/image\/"},"sameAs":["https:\/\/www.facebook.com\/GibbsNorge","https:\/\/www.linkedin.com\/company\/gibbsnorge"]}]}},"uagb_featured_image_src":{"full":false,"thumbnail":false,"medium":false,"medium_large":false,"large":false,"1536x1536":false,"2048x2048":false,"trp-custom-language-flag":false,"post-thumbnail":false,"listeo-avatar":false,"listeo-blog-post":false,"listeo-blog-related-post":false,"listeo-post-thumb":false,"listeo-gallery":false,"listeo-listing-grid":false,"listeo_core-avatar":false,"listeo_core-preview":false,"woocommerce_thumbnail":false,"woocommerce_single":false,"woocommerce_gallery_thumbnail":false},"uagb_author_info":{"display_name":"Gibbs k","author_link":"https:\/\/www.gibbs.no\/da\/author\/kamil-gryga94gmail-com\/"},"uagb_comment_info":0,"uagb_excerpt":"Partnere Sammen kan vi skape noe st\u00f8rre enn vi noen gang kunne oppn\u00e5 alene Locky Tech er ledende innen utviklingen av avanserte l\u00e5se- og adgangskontrollsystemer for bedrifter, kontorer, hoteller, hosteller og utleievirksomheter i Norge. Innovative og brukervennlige l\u00f8sninger som gir enkel tilgang og robust sikkerhet. Les mer her Unloc er en samarbeidspartner som leverer integrasjoner&hellip;","_links":{"self":[{"href":"https:\/\/www.gibbs.no\/da\/wp-json\/wp\/v2\/pages\/15885","targetHints":{"allow":["GET"]}}],"collection":[{"href":"https:\/\/www.gibbs.no\/da\/wp-json\/wp\/v2\/pages"}],"about":[{"href":"https:\/\/www.gibbs.no\/da\/wp-json\/wp\/v2\/types\/page"}],"author":[{"embeddable":true,"href":"https:\/\/www.gibbs.no\/da\/wp-json\/wp\/v2\/users\/1"}],"replies":[{"embeddable":true,"href":"https:\/\/www.gibbs.no\/da\/wp-json\/wp\/v2\/comments?post=15885"}],"version-history":[{"count":25,"href":"https:\/\/www.gibbs.no\/da\/wp-json\/wp\/v2\/pages\/15885\/revisions"}],"predecessor-version":[{"id":103223,"href":"https:\/\/www.gibbs.no\/da\/wp-json\/wp\/v2\/pages\/15885\/revisions\/103223"}],"wp:attachment":[{"href":"https:\/\/www.gibbs.no\/da\/wp-json\/wp\/v2\/media?parent=15885"}],"curies":[{"name":"wp","href":"https:\/\/api.w.org\/{rel}","templated":true}]}}