{"id":15764,"date":"2023-10-02T13:20:18","date_gmt":"2023-10-02T11:20:18","guid":{"rendered":"https:\/\/www.gibbs.no\/?page_id=15764"},"modified":"2023-10-07T22:06:55","modified_gmt":"2023-10-07T20:06:55","slug":"utleieobjekter","status":"publish","type":"page","link":"https:\/\/www.gibbs.no\/da\/funksjoner\/utleieobjekter\/","title":{"rendered":"Udlejningsobjekter"},"content":{"rendered":"<p>Det er lige s\u00e5 nemt at oprette en lejebolig, som det er at offentligg\u00f8re en annonce p\u00e5 finn.no. Trinene er godt beskrevet og administratoren guides gennem hele processen med vejledningstekst til best practice.<\/p>\n\n\n\n<p>Der er ingen begr\u00e6nsning p\u00e5 antallet af lejeobjekter, der l\u00e6gges op, men det kan \u00f8ge prisen. Kontakt os eller se <a href=\"https:\/\/gibbs-produkter.no\/bookingsystem-priser\/\" target=\"_blank\" rel=\"noreferrer noopener\">priser her.<\/a><\/p>\n\n\n\n<figure class=\"wp-block-image size-large\"><img loading=\"lazy\" decoding=\"async\" width=\"1024\" height=\"606\" src=\"https:\/\/www.gibbs.no\/wp-content\/uploads\/2023\/10\/add-listing1-1024x606.png\" alt=\"\" class=\"wp-image-17053\" srcset=\"https:\/\/www.gibbs.no\/wp-content\/uploads\/2023\/10\/add-listing1-1024x606.png 1024w, https:\/\/www.gibbs.no\/wp-content\/uploads\/2023\/10\/add-listing1-300x177.png 300w, https:\/\/www.gibbs.no\/wp-content\/uploads\/2023\/10\/add-listing1-768x454.png 768w, https:\/\/www.gibbs.no\/wp-content\/uploads\/2023\/10\/add-listing1-1536x908.png 1536w, https:\/\/www.gibbs.no\/wp-content\/uploads\/2023\/10\/add-listing1-18x12.png 18w, https:\/\/www.gibbs.no\/wp-content\/uploads\/2023\/10\/add-listing1-590x349.png 590w, https:\/\/www.gibbs.no\/wp-content\/uploads\/2023\/10\/add-listing1-1133x670.png 1133w, https:\/\/www.gibbs.no\/wp-content\/uploads\/2023\/10\/add-listing1-577x341.png 577w, https:\/\/www.gibbs.no\/wp-content\/uploads\/2023\/10\/add-listing1-1200x710.png 1200w, https:\/\/www.gibbs.no\/wp-content\/uploads\/2023\/10\/add-listing1-600x355.png 600w, https:\/\/www.gibbs.no\/wp-content\/uploads\/2023\/10\/add-listing1.png 1826w\" sizes=\"auto, (max-width: 1024px) 100vw, 1024px\" \/><\/figure>\n\n\n\n<figure class=\"wp-block-image size-full\"><img loading=\"lazy\" decoding=\"async\" width=\"682\" height=\"821\" src=\"https:\/\/www.gibbs.no\/wp-content\/uploads\/2023\/10\/add-listing-2.png\" alt=\"\" class=\"wp-image-17052\" srcset=\"https:\/\/www.gibbs.no\/wp-content\/uploads\/2023\/10\/add-listing-2.png 682w, https:\/\/www.gibbs.no\/wp-content\/uploads\/2023\/10\/add-listing-2-249x300.png 249w, https:\/\/www.gibbs.no\/wp-content\/uploads\/2023\/10\/add-listing-2-10x12.png 10w, https:\/\/www.gibbs.no\/wp-content\/uploads\/2023\/10\/add-listing-2-490x590.png 490w, https:\/\/www.gibbs.no\/wp-content\/uploads\/2023\/10\/add-listing-2-557x670.png 557w, https:\/\/www.gibbs.no\/wp-content\/uploads\/2023\/10\/add-listing-2-577x695.png 577w, https:\/\/www.gibbs.no\/wp-content\/uploads\/2023\/10\/add-listing-2-600x722.png 600w\" sizes=\"auto, (max-width: 682px) 100vw, 682px\" \/><\/figure>\n\n\n\n<figure class=\"wp-block-image size-full\"><img loading=\"lazy\" decoding=\"async\" width=\"773\" height=\"659\" src=\"https:\/\/www.gibbs.no\/wp-content\/uploads\/2023\/10\/add-listing3.png\" alt=\"\" class=\"wp-image-17051\" srcset=\"https:\/\/www.gibbs.no\/wp-content\/uploads\/2023\/10\/add-listing3.png 773w, https:\/\/www.gibbs.no\/wp-content\/uploads\/2023\/10\/add-listing3-300x256.png 300w, https:\/\/www.gibbs.no\/wp-content\/uploads\/2023\/10\/add-listing3-768x655.png 768w, https:\/\/www.gibbs.no\/wp-content\/uploads\/2023\/10\/add-listing3-14x12.png 14w, https:\/\/www.gibbs.no\/wp-content\/uploads\/2023\/10\/add-listing3-590x503.png 590w, https:\/\/www.gibbs.no\/wp-content\/uploads\/2023\/10\/add-listing3-577x492.png 577w, https:\/\/www.gibbs.no\/wp-content\/uploads\/2023\/10\/add-listing3-600x512.png 600w\" sizes=\"auto, (max-width: 773px) 100vw, 773px\" \/><\/figure>\n\n\n\n<p>Du kan gemme lejeobjektet som &quot;Udkast&quot;, publicere, hvilket betyder at vise det offentligt, eller deaktivere, hvilket ikke vil vise lejeobjektet til nogen. Bagefter er det ogs\u00e5 muligt at \u00e6ndre status. Fra startet, aktive og inaktive annoncer.<\/p>","protected":false},"excerpt":{"rendered":"<p>Det er like enkelt \u00e5 opprette utleieobjekt som det er \u00e5 publisere annonse p\u00e5 finn.no. Stegene godt beskrevet og administrator blir veiledet gjennom hele prosessen med veiledningstekst for best practise. Det er ingen begrensning p\u00e5 antall utleieobjketer som blir lagt ut, men det kan p\u00e5rike prisen. Kontakt oss eller se priser her. Man kan lagre [&hellip;]<\/p>","protected":false},"author":1,"featured_media":0,"parent":15567,"menu_order":0,"comment_status":"closed","ping_status":"closed","template":"page-template-popup.php","meta":{"inline_featured_image":false,"_uag_custom_page_level_css":"","footnotes":""},"class_list":["post-15764","page","type-page","status-publish","hentry"],"yoast_head":"<!-- This site is optimized with the Yoast SEO plugin v20.8 - https:\/\/yoast.com\/wordpress\/plugins\/seo\/ -->\n<title>Utleieobjekter - Gibbs.no - Bookingsystem<\/title>\n<meta name=\"robots\" content=\"index, follow, max-snippet:-1, max-image-preview:large, max-video-preview:-1\" \/>\n<link rel=\"canonical\" href=\"https:\/\/www.gibbs.no\/da\/funksjoner\/utleieobjekter\/\" \/>\n<meta property=\"og:locale\" content=\"da_DK\" \/>\n<meta property=\"og:type\" content=\"article\" \/>\n<meta property=\"og:title\" content=\"Utleieobjekter - Gibbs.no - Bookingsystem\" \/>\n<meta property=\"og:description\" content=\"Det er like enkelt \u00e5 opprette utleieobjekt som det er \u00e5 publisere annonse p\u00e5 finn.no. Stegene godt beskrevet og administrator blir veiledet gjennom hele prosessen med veiledningstekst for best practise. Det er ingen begrensning p\u00e5 antall utleieobjketer som blir lagt ut, men det kan p\u00e5rike prisen. Kontakt oss eller se priser her. Man kan lagre [&hellip;]\" \/>\n<meta property=\"og:url\" content=\"https:\/\/www.gibbs.no\/da\/funksjoner\/utleieobjekter\/\" \/>\n<meta property=\"og:site_name\" content=\"Gibbs.no - Bookingsystem\" \/>\n<meta property=\"article:publisher\" content=\"https:\/\/www.facebook.com\/GibbsNorge\" \/>\n<meta property=\"article:modified_time\" content=\"2023-10-07T20:06:55+00:00\" \/>\n<meta property=\"og:image\" content=\"https:\/\/www.gibbs.no\/wp-content\/uploads\/2023\/10\/add-listing1-1024x606.png\" \/>\n<meta name=\"twitter:card\" content=\"summary_large_image\" \/>\n<script type=\"application\/ld+json\" class=\"yoast-schema-graph\">{\"@context\":\"https:\/\/schema.org\",\"@graph\":[{\"@type\":\"WebPage\",\"@id\":\"https:\/\/www.gibbs.no\/funksjoner\/utleieobjekter\/\",\"url\":\"https:\/\/www.gibbs.no\/funksjoner\/utleieobjekter\/\",\"name\":\"Utleieobjekter - Gibbs.no - Bookingsystem\",\"isPartOf\":{\"@id\":\"https:\/\/www.gibbs.no\/#website\"},\"datePublished\":\"2023-10-02T11:20:18+00:00\",\"dateModified\":\"2023-10-07T20:06:55+00:00\",\"breadcrumb\":{\"@id\":\"https:\/\/www.gibbs.no\/funksjoner\/utleieobjekter\/#breadcrumb\"},\"inLanguage\":\"da-DK\",\"potentialAction\":[{\"@type\":\"ReadAction\",\"target\":[\"https:\/\/www.gibbs.no\/funksjoner\/utleieobjekter\/\"]}]},{\"@type\":\"BreadcrumbList\",\"@id\":\"https:\/\/www.gibbs.no\/funksjoner\/utleieobjekter\/#breadcrumb\",\"itemListElement\":[{\"@type\":\"ListItem\",\"position\":1,\"name\":\"Home\",\"item\":\"https:\/\/www.gibbs.no\/\"},{\"@type\":\"ListItem\",\"position\":2,\"name\":\"Funksjoner\",\"item\":\"https:\/\/www.gibbs.no\/funksjoner\/\"},{\"@type\":\"ListItem\",\"position\":3,\"name\":\"Utleieobjekter\"}]},{\"@type\":\"WebSite\",\"@id\":\"https:\/\/www.gibbs.no\/#website\",\"url\":\"https:\/\/www.gibbs.no\/\",\"name\":\"Gibbs.no\",\"description\":\"Bookingsystem - 1.Book 2.Betal 3.\u00c5pne\",\"publisher\":{\"@id\":\"https:\/\/www.gibbs.no\/#organization\"},\"potentialAction\":[{\"@type\":\"SearchAction\",\"target\":{\"@type\":\"EntryPoint\",\"urlTemplate\":\"https:\/\/www.gibbs.no\/?s={search_term_string}\"},\"query-input\":\"required name=search_term_string\"}],\"inLanguage\":\"da-DK\"},{\"@type\":\"Organization\",\"@id\":\"https:\/\/www.gibbs.no\/#organization\",\"name\":\"Gibbs AS\",\"url\":\"https:\/\/www.gibbs.no\/\",\"logo\":{\"@type\":\"ImageObject\",\"inLanguage\":\"da-DK\",\"@id\":\"https:\/\/www.gibbs.no\/#\/schema\/logo\/image\/\",\"url\":\"https:\/\/www.gibbs.no\/wp-content\/uploads\/2023\/11\/Gibbs-bookingsystem-logo.png\",\"contentUrl\":\"https:\/\/www.gibbs.no\/wp-content\/uploads\/2023\/11\/Gibbs-bookingsystem-logo.png\",\"width\":696,\"height\":696,\"caption\":\"Gibbs AS\"},\"image\":{\"@id\":\"https:\/\/www.gibbs.no\/#\/schema\/logo\/image\/\"},\"sameAs\":[\"https:\/\/www.facebook.com\/GibbsNorge\",\"https:\/\/www.linkedin.com\/company\/gibbsnorge\"]}]}<\/script>\n<!-- \/ Yoast SEO plugin. -->","yoast_head_json":{"title":"Utleieobjekter - Gibbs.no - Bookingsystem","robots":{"index":"index","follow":"follow","max-snippet":"max-snippet:-1","max-image-preview":"max-image-preview:large","max-video-preview":"max-video-preview:-1"},"canonical":"https:\/\/www.gibbs.no\/da\/funksjoner\/utleieobjekter\/","og_locale":"da_DK","og_type":"article","og_title":"Utleieobjekter - Gibbs.no - Bookingsystem","og_description":"Det er like enkelt \u00e5 opprette utleieobjekt som det er \u00e5 publisere annonse p\u00e5 finn.no. Stegene godt beskrevet og administrator blir veiledet gjennom hele prosessen med veiledningstekst for best practise. Det er ingen begrensning p\u00e5 antall utleieobjketer som blir lagt ut, men det kan p\u00e5rike prisen. Kontakt oss eller se priser her. Man kan lagre [&hellip;]","og_url":"https:\/\/www.gibbs.no\/da\/funksjoner\/utleieobjekter\/","og_site_name":"Gibbs.no - Bookingsystem","article_publisher":"https:\/\/www.facebook.com\/GibbsNorge","article_modified_time":"2023-10-07T20:06:55+00:00","og_image":[{"url":"https:\/\/www.gibbs.no\/wp-content\/uploads\/2023\/10\/add-listing1-1024x606.png"}],"twitter_card":"summary_large_image","schema":{"@context":"https:\/\/schema.org","@graph":[{"@type":"WebPage","@id":"https:\/\/www.gibbs.no\/funksjoner\/utleieobjekter\/","url":"https:\/\/www.gibbs.no\/funksjoner\/utleieobjekter\/","name":"Utleieobjekter - Gibbs.no - Bookingsystem","isPartOf":{"@id":"https:\/\/www.gibbs.no\/#website"},"datePublished":"2023-10-02T11:20:18+00:00","dateModified":"2023-10-07T20:06:55+00:00","breadcrumb":{"@id":"https:\/\/www.gibbs.no\/funksjoner\/utleieobjekter\/#breadcrumb"},"inLanguage":"da-DK","potentialAction":[{"@type":"ReadAction","target":["https:\/\/www.gibbs.no\/funksjoner\/utleieobjekter\/"]}]},{"@type":"BreadcrumbList","@id":"https:\/\/www.gibbs.no\/funksjoner\/utleieobjekter\/#breadcrumb","itemListElement":[{"@type":"ListItem","position":1,"name":"Home","item":"https:\/\/www.gibbs.no\/"},{"@type":"ListItem","position":2,"name":"Funksjoner","item":"https:\/\/www.gibbs.no\/funksjoner\/"},{"@type":"ListItem","position":3,"name":"Utleieobjekter"}]},{"@type":"WebSite","@id":"https:\/\/www.gibbs.no\/#website","url":"https:\/\/www.gibbs.no\/","name":"Gibbs.no","description":"Bookingsystem - 1.Book 2.Betal 3.\u00c5pne","publisher":{"@id":"https:\/\/www.gibbs.no\/#organization"},"potentialAction":[{"@type":"SearchAction","target":{"@type":"EntryPoint","urlTemplate":"https:\/\/www.gibbs.no\/?s={search_term_string}"},"query-input":"required name=search_term_string"}],"inLanguage":"da-DK"},{"@type":"Organization","@id":"https:\/\/www.gibbs.no\/#organization","name":"Gibbs AS","url":"https:\/\/www.gibbs.no\/","logo":{"@type":"ImageObject","inLanguage":"da-DK","@id":"https:\/\/www.gibbs.no\/#\/schema\/logo\/image\/","url":"https:\/\/www.gibbs.no\/wp-content\/uploads\/2023\/11\/Gibbs-bookingsystem-logo.png","contentUrl":"https:\/\/www.gibbs.no\/wp-content\/uploads\/2023\/11\/Gibbs-bookingsystem-logo.png","width":696,"height":696,"caption":"Gibbs AS"},"image":{"@id":"https:\/\/www.gibbs.no\/#\/schema\/logo\/image\/"},"sameAs":["https:\/\/www.facebook.com\/GibbsNorge","https:\/\/www.linkedin.com\/company\/gibbsnorge"]}]}},"uagb_featured_image_src":{"full":false,"thumbnail":false,"medium":false,"medium_large":false,"large":false,"1536x1536":false,"2048x2048":false,"trp-custom-language-flag":false,"post-thumbnail":false,"listeo-avatar":false,"listeo-blog-post":false,"listeo-blog-related-post":false,"listeo-post-thumb":false,"listeo-gallery":false,"listeo-listing-grid":false,"listeo_core-avatar":false,"listeo_core-preview":false,"woocommerce_thumbnail":false,"woocommerce_single":false,"woocommerce_gallery_thumbnail":false},"uagb_author_info":{"display_name":"Gibbs k","author_link":"https:\/\/www.gibbs.no\/da\/author\/kamil-gryga94gmail-com\/"},"uagb_comment_info":0,"uagb_excerpt":"Det er like enkelt \u00e5 opprette utleieobjekt som det er \u00e5 publisere annonse p\u00e5 finn.no. Stegene godt beskrevet og administrator blir veiledet gjennom hele prosessen med veiledningstekst for best practise. Det er ingen begrensning p\u00e5 antall utleieobjketer som blir lagt ut, men det kan p\u00e5rike prisen. Kontakt oss eller se priser her. Man kan lagre&hellip;","_links":{"self":[{"href":"https:\/\/www.gibbs.no\/da\/wp-json\/wp\/v2\/pages\/15764","targetHints":{"allow":["GET"]}}],"collection":[{"href":"https:\/\/www.gibbs.no\/da\/wp-json\/wp\/v2\/pages"}],"about":[{"href":"https:\/\/www.gibbs.no\/da\/wp-json\/wp\/v2\/types\/page"}],"author":[{"embeddable":true,"href":"https:\/\/www.gibbs.no\/da\/wp-json\/wp\/v2\/users\/1"}],"replies":[{"embeddable":true,"href":"https:\/\/www.gibbs.no\/da\/wp-json\/wp\/v2\/comments?post=15764"}],"version-history":[{"count":2,"href":"https:\/\/www.gibbs.no\/da\/wp-json\/wp\/v2\/pages\/15764\/revisions"}],"predecessor-version":[{"id":17065,"href":"https:\/\/www.gibbs.no\/da\/wp-json\/wp\/v2\/pages\/15764\/revisions\/17065"}],"up":[{"embeddable":true,"href":"https:\/\/www.gibbs.no\/da\/wp-json\/wp\/v2\/pages\/15567"}],"wp:attachment":[{"href":"https:\/\/www.gibbs.no\/da\/wp-json\/wp\/v2\/media?parent=15764"}],"curies":[{"name":"wp","href":"https:\/\/api.w.org\/{rel}","templated":true}]}}