{"id":15747,"date":"2023-10-02T13:13:02","date_gmt":"2023-10-02T11:13:02","guid":{"rendered":"https:\/\/www.gibbs.no\/?page_id=15747"},"modified":"2023-10-07T21:21:21","modified_gmt":"2023-10-07T19:21:21","slug":"oyeblikkelig-booking","status":"publish","type":"page","link":"https:\/\/www.gibbs.no\/da\/funksjoner\/oyeblikkelig-booking\/","title":{"rendered":"\u00d8jeblikkelig booking"},"content":{"rendered":"<p>N\u00e5r \u00f8jeblikkelig booking er aktiveret, vil alle bookinger automatisk blive godkendt, s\u00e5 l\u00e6nge alle krav er opfyldt, s\u00e5som godkendelse af lejevilk\u00e5r, fuld betaling af leje og verifikation med BankID.<\/p>\n\n\n\n<p>Pssst. Lejeobjekter med \u00f8jeblikkelig booking aktiveret modtager flere foresp\u00f8rgsler, da lejer ikke skal sende foresp\u00f8rgsler flere steder p.g.a. usikkerhed om godkendelse.<\/p>\n\n\n\n<p>Alt du skal g\u00f8re for at aktivere dette er at trykke p\u00e5 en kontakt \ud83d\ude42<\/p>\n\n\n\n<figure class=\"wp-block-image size-full\"><img loading=\"lazy\" decoding=\"async\" width=\"917\" height=\"305\" src=\"https:\/\/www.gibbs.no\/wp-content\/uploads\/2023\/10\/oyeblikkelig.png\" alt=\"\" class=\"wp-image-17013\" srcset=\"https:\/\/www.gibbs.no\/wp-content\/uploads\/2023\/10\/oyeblikkelig.png 917w, https:\/\/www.gibbs.no\/wp-content\/uploads\/2023\/10\/oyeblikkelig-300x100.png 300w, https:\/\/www.gibbs.no\/wp-content\/uploads\/2023\/10\/oyeblikkelig-768x255.png 768w, https:\/\/www.gibbs.no\/wp-content\/uploads\/2023\/10\/oyeblikkelig-18x6.png 18w, https:\/\/www.gibbs.no\/wp-content\/uploads\/2023\/10\/oyeblikkelig-590x196.png 590w, https:\/\/www.gibbs.no\/wp-content\/uploads\/2023\/10\/oyeblikkelig-577x192.png 577w, https:\/\/www.gibbs.no\/wp-content\/uploads\/2023\/10\/oyeblikkelig-600x200.png 600w\" sizes=\"auto, (max-width: 917px) 100vw, 917px\" \/><\/figure>\n\n\n\n<p><\/p>","protected":false},"excerpt":{"rendered":"<p>N\u00e5r \u00f8yeblikkelig booking er aktivert, s\u00e5 vil alle bookinger automatisk bli godkjent s\u00e5 lenge alle krav er oppfylt, som for eksempel godkjennelse av leievilk\u00e5r, full betaling av leie og verifisering med BankID. Pssst. Utleieobjekt med \u00f8yeblikkelig booking aktivert f\u00e5r flere foresp\u00f8rsler, siden leietaker ikke trenger \u00e5 sende foresp\u00f8rsler til flere steder pga. usikkerhet om godkjenning. [&hellip;]<\/p>","protected":false},"author":1,"featured_media":0,"parent":15567,"menu_order":0,"comment_status":"closed","ping_status":"closed","template":"page-template-popup.php","meta":{"inline_featured_image":false,"_uag_custom_page_level_css":"","footnotes":""},"class_list":["post-15747","page","type-page","status-publish","hentry"],"yoast_head":"<!-- This site is optimized with the Yoast SEO plugin v20.8 - https:\/\/yoast.com\/wordpress\/plugins\/seo\/ -->\n<title>\u00d8yeblikkelig booking - Gibbs.no - Bookingsystem<\/title>\n<meta name=\"robots\" content=\"index, follow, max-snippet:-1, max-image-preview:large, max-video-preview:-1\" \/>\n<link rel=\"canonical\" href=\"https:\/\/www.gibbs.no\/da\/funksjoner\/oyeblikkelig-booking\/\" \/>\n<meta property=\"og:locale\" content=\"da_DK\" \/>\n<meta property=\"og:type\" content=\"article\" \/>\n<meta property=\"og:title\" content=\"\u00d8yeblikkelig booking - Gibbs.no - Bookingsystem\" \/>\n<meta property=\"og:description\" content=\"N\u00e5r \u00f8yeblikkelig booking er aktivert, s\u00e5 vil alle bookinger automatisk bli godkjent s\u00e5 lenge alle krav er oppfylt, som for eksempel godkjennelse av leievilk\u00e5r, full betaling av leie og verifisering med BankID. Pssst. Utleieobjekt med \u00f8yeblikkelig booking aktivert f\u00e5r flere foresp\u00f8rsler, siden leietaker ikke trenger \u00e5 sende foresp\u00f8rsler til flere steder pga. usikkerhet om godkjenning. [&hellip;]\" \/>\n<meta property=\"og:url\" content=\"https:\/\/www.gibbs.no\/da\/funksjoner\/oyeblikkelig-booking\/\" \/>\n<meta property=\"og:site_name\" content=\"Gibbs.no - Bookingsystem\" \/>\n<meta property=\"article:publisher\" content=\"https:\/\/www.facebook.com\/GibbsNorge\" \/>\n<meta property=\"article:modified_time\" content=\"2023-10-07T19:21:21+00:00\" \/>\n<meta property=\"og:image\" content=\"https:\/\/www.gibbs.no\/wp-content\/uploads\/2023\/10\/oyeblikkelig.png\" \/>\n<meta name=\"twitter:card\" content=\"summary_large_image\" \/>\n<script type=\"application\/ld+json\" class=\"yoast-schema-graph\">{\"@context\":\"https:\/\/schema.org\",\"@graph\":[{\"@type\":\"WebPage\",\"@id\":\"https:\/\/www.gibbs.no\/sv\/funksjoner\/oyeblikkelig-booking\/\",\"url\":\"https:\/\/www.gibbs.no\/sv\/funksjoner\/oyeblikkelig-booking\/\",\"name\":\"\u00d8yeblikkelig booking - Gibbs.no - Bookingsystem\",\"isPartOf\":{\"@id\":\"https:\/\/www.gibbs.no\/#website\"},\"datePublished\":\"2023-10-02T11:13:02+00:00\",\"dateModified\":\"2023-10-07T19:21:21+00:00\",\"breadcrumb\":{\"@id\":\"https:\/\/www.gibbs.no\/sv\/funksjoner\/oyeblikkelig-booking\/#breadcrumb\"},\"inLanguage\":\"da-DK\",\"potentialAction\":[{\"@type\":\"ReadAction\",\"target\":[\"https:\/\/www.gibbs.no\/sv\/funksjoner\/oyeblikkelig-booking\/\"]}]},{\"@type\":\"BreadcrumbList\",\"@id\":\"https:\/\/www.gibbs.no\/sv\/funksjoner\/oyeblikkelig-booking\/#breadcrumb\",\"itemListElement\":[{\"@type\":\"ListItem\",\"position\":1,\"name\":\"Home\",\"item\":\"https:\/\/www.gibbs.no\/\"},{\"@type\":\"ListItem\",\"position\":2,\"name\":\"Funksjoner\",\"item\":\"https:\/\/www.gibbs.no\/funksjoner\/\"},{\"@type\":\"ListItem\",\"position\":3,\"name\":\"\u00d8yeblikkelig booking\"}]},{\"@type\":\"WebSite\",\"@id\":\"https:\/\/www.gibbs.no\/#website\",\"url\":\"https:\/\/www.gibbs.no\/\",\"name\":\"Gibbs.no\",\"description\":\"Bookingsystem - 1.Book 2.Betal 3.\u00c5pne\",\"publisher\":{\"@id\":\"https:\/\/www.gibbs.no\/#organization\"},\"potentialAction\":[{\"@type\":\"SearchAction\",\"target\":{\"@type\":\"EntryPoint\",\"urlTemplate\":\"https:\/\/www.gibbs.no\/?s={search_term_string}\"},\"query-input\":\"required name=search_term_string\"}],\"inLanguage\":\"da-DK\"},{\"@type\":\"Organization\",\"@id\":\"https:\/\/www.gibbs.no\/#organization\",\"name\":\"Gibbs AS\",\"url\":\"https:\/\/www.gibbs.no\/\",\"logo\":{\"@type\":\"ImageObject\",\"inLanguage\":\"da-DK\",\"@id\":\"https:\/\/www.gibbs.no\/#\/schema\/logo\/image\/\",\"url\":\"https:\/\/www.gibbs.no\/wp-content\/uploads\/2023\/11\/Gibbs-bookingsystem-logo.png\",\"contentUrl\":\"https:\/\/www.gibbs.no\/wp-content\/uploads\/2023\/11\/Gibbs-bookingsystem-logo.png\",\"width\":696,\"height\":696,\"caption\":\"Gibbs AS\"},\"image\":{\"@id\":\"https:\/\/www.gibbs.no\/#\/schema\/logo\/image\/\"},\"sameAs\":[\"https:\/\/www.facebook.com\/GibbsNorge\",\"https:\/\/www.linkedin.com\/company\/gibbsnorge\"]}]}<\/script>\n<!-- \/ Yoast SEO plugin. -->","yoast_head_json":{"title":"\u00d8yeblikkelig booking - Gibbs.no - Bookingsystem","robots":{"index":"index","follow":"follow","max-snippet":"max-snippet:-1","max-image-preview":"max-image-preview:large","max-video-preview":"max-video-preview:-1"},"canonical":"https:\/\/www.gibbs.no\/da\/funksjoner\/oyeblikkelig-booking\/","og_locale":"da_DK","og_type":"article","og_title":"\u00d8yeblikkelig booking - Gibbs.no - Bookingsystem","og_description":"N\u00e5r \u00f8yeblikkelig booking er aktivert, s\u00e5 vil alle bookinger automatisk bli godkjent s\u00e5 lenge alle krav er oppfylt, som for eksempel godkjennelse av leievilk\u00e5r, full betaling av leie og verifisering med BankID. Pssst. Utleieobjekt med \u00f8yeblikkelig booking aktivert f\u00e5r flere foresp\u00f8rsler, siden leietaker ikke trenger \u00e5 sende foresp\u00f8rsler til flere steder pga. usikkerhet om godkjenning. [&hellip;]","og_url":"https:\/\/www.gibbs.no\/da\/funksjoner\/oyeblikkelig-booking\/","og_site_name":"Gibbs.no - Bookingsystem","article_publisher":"https:\/\/www.facebook.com\/GibbsNorge","article_modified_time":"2023-10-07T19:21:21+00:00","og_image":[{"url":"https:\/\/www.gibbs.no\/wp-content\/uploads\/2023\/10\/oyeblikkelig.png"}],"twitter_card":"summary_large_image","schema":{"@context":"https:\/\/schema.org","@graph":[{"@type":"WebPage","@id":"https:\/\/www.gibbs.no\/sv\/funksjoner\/oyeblikkelig-booking\/","url":"https:\/\/www.gibbs.no\/sv\/funksjoner\/oyeblikkelig-booking\/","name":"\u00d8yeblikkelig booking - Gibbs.no - Bookingsystem","isPartOf":{"@id":"https:\/\/www.gibbs.no\/#website"},"datePublished":"2023-10-02T11:13:02+00:00","dateModified":"2023-10-07T19:21:21+00:00","breadcrumb":{"@id":"https:\/\/www.gibbs.no\/sv\/funksjoner\/oyeblikkelig-booking\/#breadcrumb"},"inLanguage":"da-DK","potentialAction":[{"@type":"ReadAction","target":["https:\/\/www.gibbs.no\/sv\/funksjoner\/oyeblikkelig-booking\/"]}]},{"@type":"BreadcrumbList","@id":"https:\/\/www.gibbs.no\/sv\/funksjoner\/oyeblikkelig-booking\/#breadcrumb","itemListElement":[{"@type":"ListItem","position":1,"name":"Home","item":"https:\/\/www.gibbs.no\/"},{"@type":"ListItem","position":2,"name":"Funksjoner","item":"https:\/\/www.gibbs.no\/funksjoner\/"},{"@type":"ListItem","position":3,"name":"\u00d8yeblikkelig booking"}]},{"@type":"WebSite","@id":"https:\/\/www.gibbs.no\/#website","url":"https:\/\/www.gibbs.no\/","name":"Gibbs.no","description":"Bookingsystem - 1.Book 2.Betal 3.\u00c5pne","publisher":{"@id":"https:\/\/www.gibbs.no\/#organization"},"potentialAction":[{"@type":"SearchAction","target":{"@type":"EntryPoint","urlTemplate":"https:\/\/www.gibbs.no\/?s={search_term_string}"},"query-input":"required name=search_term_string"}],"inLanguage":"da-DK"},{"@type":"Organization","@id":"https:\/\/www.gibbs.no\/#organization","name":"Gibbs AS","url":"https:\/\/www.gibbs.no\/","logo":{"@type":"ImageObject","inLanguage":"da-DK","@id":"https:\/\/www.gibbs.no\/#\/schema\/logo\/image\/","url":"https:\/\/www.gibbs.no\/wp-content\/uploads\/2023\/11\/Gibbs-bookingsystem-logo.png","contentUrl":"https:\/\/www.gibbs.no\/wp-content\/uploads\/2023\/11\/Gibbs-bookingsystem-logo.png","width":696,"height":696,"caption":"Gibbs AS"},"image":{"@id":"https:\/\/www.gibbs.no\/#\/schema\/logo\/image\/"},"sameAs":["https:\/\/www.facebook.com\/GibbsNorge","https:\/\/www.linkedin.com\/company\/gibbsnorge"]}]}},"uagb_featured_image_src":{"full":false,"thumbnail":false,"medium":false,"medium_large":false,"large":false,"1536x1536":false,"2048x2048":false,"trp-custom-language-flag":false,"post-thumbnail":false,"listeo-avatar":false,"listeo-blog-post":false,"listeo-blog-related-post":false,"listeo-post-thumb":false,"listeo-gallery":false,"listeo-listing-grid":false,"listeo_core-avatar":false,"listeo_core-preview":false,"woocommerce_thumbnail":false,"woocommerce_single":false,"woocommerce_gallery_thumbnail":false},"uagb_author_info":{"display_name":"Gibbs k","author_link":"https:\/\/www.gibbs.no\/da\/author\/kamil-gryga94gmail-com\/"},"uagb_comment_info":0,"uagb_excerpt":"N\u00e5r \u00f8yeblikkelig booking er aktivert, s\u00e5 vil alle bookinger automatisk bli godkjent s\u00e5 lenge alle krav er oppfylt, som for eksempel godkjennelse av leievilk\u00e5r, full betaling av leie og verifisering med BankID. Pssst. Utleieobjekt med \u00f8yeblikkelig booking aktivert f\u00e5r flere foresp\u00f8rsler, siden leietaker ikke trenger \u00e5 sende foresp\u00f8rsler til flere steder pga. usikkerhet om godkjenning.&hellip;","_links":{"self":[{"href":"https:\/\/www.gibbs.no\/da\/wp-json\/wp\/v2\/pages\/15747","targetHints":{"allow":["GET"]}}],"collection":[{"href":"https:\/\/www.gibbs.no\/da\/wp-json\/wp\/v2\/pages"}],"about":[{"href":"https:\/\/www.gibbs.no\/da\/wp-json\/wp\/v2\/types\/page"}],"author":[{"embeddable":true,"href":"https:\/\/www.gibbs.no\/da\/wp-json\/wp\/v2\/users\/1"}],"replies":[{"embeddable":true,"href":"https:\/\/www.gibbs.no\/da\/wp-json\/wp\/v2\/comments?post=15747"}],"version-history":[{"count":2,"href":"https:\/\/www.gibbs.no\/da\/wp-json\/wp\/v2\/pages\/15747\/revisions"}],"predecessor-version":[{"id":17018,"href":"https:\/\/www.gibbs.no\/da\/wp-json\/wp\/v2\/pages\/15747\/revisions\/17018"}],"up":[{"embeddable":true,"href":"https:\/\/www.gibbs.no\/da\/wp-json\/wp\/v2\/pages\/15567"}],"wp:attachment":[{"href":"https:\/\/www.gibbs.no\/da\/wp-json\/wp\/v2\/media?parent=15747"}],"curies":[{"name":"wp","href":"https:\/\/api.w.org\/{rel}","templated":true}]}}