{"id":15704,"date":"2023-10-01T21:16:26","date_gmt":"2023-10-01T19:16:26","guid":{"rendered":"https:\/\/www.gibbs.no\/?page_id=15704"},"modified":"2023-10-07T21:19:30","modified_gmt":"2023-10-07T19:19:30","slug":"dognbasert-utleie","status":"publish","type":"page","link":"https:\/\/www.gibbs.no\/da\/funksjoner\/dognbasert-utleie\/","title":{"rendered":"24-timers leje"},"content":{"rendered":"<p>D\u00f8gnudlejning er velegnet til forskellige typer udlejningsejendomme s\u00e5som hytter, landejendomme, lejligheder, udstyr, biler og b\u00e5de. Det betyder, at kunderne kan leje lejeboliger for en enkelt dag eller flere sammenh\u00e6ngende dage. Der kan ogs\u00e5 tilf\u00f8jes et minimum antal dage, der kan lejes, og et maksimum antal dage.<\/p>\n\n\n\n<p>Dette kan fx v\u00e6re nyttigt til en kort weekendtur, en midlertidig boligl\u00f8sning eller en dagstur p\u00e5 s\u00f8en. For udlejere giver d\u00f8gnudlejning mulighed for at \u00f8ge lejeindt\u00e6gterne ved at tilbyde lejeobjektet til flere kunder inden for en kort periode. Dette kan is\u00e6r v\u00e6re fordelagtigt for udlejningsejendomme, der er meget efterspurgte i en kortere periode, s\u00e5som b\u00e5de om sommeren eller hytter om vinteren.<\/p>\n\n\n\n<p>Med Gibbs er booking nemt og sikkert, hvor kunderne kan s\u00f8ge efter ledige lejeboliger, v\u00e6lge datoer og tidspunkter og betale for reservationen. Gibbs-teamet verificerer b\u00e5de udlejere og lejere og yder support og assistance under hele lejeprocessen.<\/p>\n\n\n\n<p><strong>Test dig selv her: <a href=\"https:\/\/www.gibbs.no\/da\/listing\/dognbasert-utleie-demo\/\" target=\"_blank\" rel=\"noreferrer noopener\">Demo 24\/7<\/a><\/strong><\/p>\n\n\n\n<p>Det er ogs\u00e5 muligt at kr\u00e6ve, at lejere er verificeret med BankID for at booke. <a href=\"https:\/\/gibbs-produkter.no\/funksjoner#bankid\">L\u00e6s mere om BankID her<\/a><\/p>\n\n\n\n<figure class=\"wp-block-image size-full\"><img loading=\"lazy\" decoding=\"async\" width=\"913\" height=\"667\" src=\"https:\/\/www.gibbs.no\/wp-content\/uploads\/2023\/10\/dognbasert.png\" alt=\"\" class=\"wp-image-17014\" srcset=\"https:\/\/www.gibbs.no\/wp-content\/uploads\/2023\/10\/dognbasert.png 913w, https:\/\/www.gibbs.no\/wp-content\/uploads\/2023\/10\/dognbasert-300x219.png 300w, https:\/\/www.gibbs.no\/wp-content\/uploads\/2023\/10\/dognbasert-768x561.png 768w, https:\/\/www.gibbs.no\/wp-content\/uploads\/2023\/10\/dognbasert-16x12.png 16w, https:\/\/www.gibbs.no\/wp-content\/uploads\/2023\/10\/dognbasert-590x431.png 590w, https:\/\/www.gibbs.no\/wp-content\/uploads\/2023\/10\/dognbasert-577x422.png 577w, https:\/\/www.gibbs.no\/wp-content\/uploads\/2023\/10\/dognbasert-600x438.png 600w\" sizes=\"auto, (max-width: 913px) 100vw, 913px\" \/><\/figure>\n\n\n\n<p><\/p>","protected":false},"excerpt":{"rendered":"<p>D\u00f8gnbasert utleie egner seg til ulike typer utleieobjekter som hytter, grendehus, leiligheter, utstyr, biler og b\u00e5ter. Dette betyr at kundene kan leie utleieobjekter for enkeltd\u00f8gn eller flere sammenhengende dager. Det kan ogs\u00e5 legges til et minimum antall dager som kan leies og et maksimalt antall dager. Dette kan v\u00e6re nyttig for eksempel for en kort [&hellip;]<\/p>","protected":false},"author":1,"featured_media":0,"parent":15567,"menu_order":0,"comment_status":"closed","ping_status":"closed","template":"page-template-popup.php","meta":{"inline_featured_image":false,"_uag_custom_page_level_css":"","footnotes":""},"class_list":["post-15704","page","type-page","status-publish","hentry"],"yoast_head":"<!-- This site is optimized with the Yoast SEO plugin v20.8 - https:\/\/yoast.com\/wordpress\/plugins\/seo\/ -->\n<title>D\u00f8gnbasert utleie - Gibbs.no - Bookingsystem<\/title>\n<meta name=\"robots\" content=\"index, follow, max-snippet:-1, max-image-preview:large, max-video-preview:-1\" \/>\n<link rel=\"canonical\" href=\"https:\/\/www.gibbs.no\/da\/funksjoner\/dognbasert-utleie\/\" \/>\n<meta property=\"og:locale\" content=\"da_DK\" \/>\n<meta property=\"og:type\" content=\"article\" \/>\n<meta property=\"og:title\" content=\"D\u00f8gnbasert utleie - Gibbs.no - Bookingsystem\" \/>\n<meta property=\"og:description\" content=\"D\u00f8gnbasert utleie egner seg til ulike typer utleieobjekter som hytter, grendehus, leiligheter, utstyr, biler og b\u00e5ter. Dette betyr at kundene kan leie utleieobjekter for enkeltd\u00f8gn eller flere sammenhengende dager. Det kan ogs\u00e5 legges til et minimum antall dager som kan leies og et maksimalt antall dager. Dette kan v\u00e6re nyttig for eksempel for en kort [&hellip;]\" \/>\n<meta property=\"og:url\" content=\"https:\/\/www.gibbs.no\/da\/funksjoner\/dognbasert-utleie\/\" \/>\n<meta property=\"og:site_name\" content=\"Gibbs.no - Bookingsystem\" \/>\n<meta property=\"article:publisher\" content=\"https:\/\/www.facebook.com\/GibbsNorge\" \/>\n<meta property=\"article:modified_time\" content=\"2023-10-07T19:19:30+00:00\" \/>\n<meta property=\"og:image\" content=\"https:\/\/www.gibbs.no\/wp-content\/uploads\/2023\/10\/dognbasert.png\" \/>\n<meta name=\"twitter:card\" content=\"summary_large_image\" \/>\n<meta name=\"twitter:label1\" content=\"Est. reading time\" \/>\n\t<meta name=\"twitter:data1\" content=\"1 minute\" \/>\n<script type=\"application\/ld+json\" class=\"yoast-schema-graph\">{\"@context\":\"https:\/\/schema.org\",\"@graph\":[{\"@type\":\"WebPage\",\"@id\":\"https:\/\/www.gibbs.no\/funksjoner\/dognbasert-utleie\/\",\"url\":\"https:\/\/www.gibbs.no\/funksjoner\/dognbasert-utleie\/\",\"name\":\"D\u00f8gnbasert utleie - Gibbs.no - Bookingsystem\",\"isPartOf\":{\"@id\":\"https:\/\/www.gibbs.no\/#website\"},\"datePublished\":\"2023-10-01T19:16:26+00:00\",\"dateModified\":\"2023-10-07T19:19:30+00:00\",\"breadcrumb\":{\"@id\":\"https:\/\/www.gibbs.no\/funksjoner\/dognbasert-utleie\/#breadcrumb\"},\"inLanguage\":\"da-DK\",\"potentialAction\":[{\"@type\":\"ReadAction\",\"target\":[\"https:\/\/www.gibbs.no\/funksjoner\/dognbasert-utleie\/\"]}]},{\"@type\":\"BreadcrumbList\",\"@id\":\"https:\/\/www.gibbs.no\/funksjoner\/dognbasert-utleie\/#breadcrumb\",\"itemListElement\":[{\"@type\":\"ListItem\",\"position\":1,\"name\":\"Home\",\"item\":\"https:\/\/www.gibbs.no\/\"},{\"@type\":\"ListItem\",\"position\":2,\"name\":\"Funksjoner\",\"item\":\"https:\/\/www.gibbs.no\/funksjoner\/\"},{\"@type\":\"ListItem\",\"position\":3,\"name\":\"D\u00f8gnbasert utleie\"}]},{\"@type\":\"WebSite\",\"@id\":\"https:\/\/www.gibbs.no\/#website\",\"url\":\"https:\/\/www.gibbs.no\/\",\"name\":\"Gibbs.no\",\"description\":\"Bookingsystem - 1.Book 2.Betal 3.\u00c5pne\",\"publisher\":{\"@id\":\"https:\/\/www.gibbs.no\/#organization\"},\"potentialAction\":[{\"@type\":\"SearchAction\",\"target\":{\"@type\":\"EntryPoint\",\"urlTemplate\":\"https:\/\/www.gibbs.no\/?s={search_term_string}\"},\"query-input\":\"required name=search_term_string\"}],\"inLanguage\":\"da-DK\"},{\"@type\":\"Organization\",\"@id\":\"https:\/\/www.gibbs.no\/#organization\",\"name\":\"Gibbs AS\",\"url\":\"https:\/\/www.gibbs.no\/\",\"logo\":{\"@type\":\"ImageObject\",\"inLanguage\":\"da-DK\",\"@id\":\"https:\/\/www.gibbs.no\/#\/schema\/logo\/image\/\",\"url\":\"https:\/\/www.gibbs.no\/wp-content\/uploads\/2023\/11\/Gibbs-bookingsystem-logo.png\",\"contentUrl\":\"https:\/\/www.gibbs.no\/wp-content\/uploads\/2023\/11\/Gibbs-bookingsystem-logo.png\",\"width\":696,\"height\":696,\"caption\":\"Gibbs AS\"},\"image\":{\"@id\":\"https:\/\/www.gibbs.no\/#\/schema\/logo\/image\/\"},\"sameAs\":[\"https:\/\/www.facebook.com\/GibbsNorge\",\"https:\/\/www.linkedin.com\/company\/gibbsnorge\"]}]}<\/script>\n<!-- \/ Yoast SEO plugin. -->","yoast_head_json":{"title":"D\u00f8gnbasert utleie - Gibbs.no - Bookingsystem","robots":{"index":"index","follow":"follow","max-snippet":"max-snippet:-1","max-image-preview":"max-image-preview:large","max-video-preview":"max-video-preview:-1"},"canonical":"https:\/\/www.gibbs.no\/da\/funksjoner\/dognbasert-utleie\/","og_locale":"da_DK","og_type":"article","og_title":"D\u00f8gnbasert utleie - Gibbs.no - Bookingsystem","og_description":"D\u00f8gnbasert utleie egner seg til ulike typer utleieobjekter som hytter, grendehus, leiligheter, utstyr, biler og b\u00e5ter. Dette betyr at kundene kan leie utleieobjekter for enkeltd\u00f8gn eller flere sammenhengende dager. Det kan ogs\u00e5 legges til et minimum antall dager som kan leies og et maksimalt antall dager. Dette kan v\u00e6re nyttig for eksempel for en kort [&hellip;]","og_url":"https:\/\/www.gibbs.no\/da\/funksjoner\/dognbasert-utleie\/","og_site_name":"Gibbs.no - Bookingsystem","article_publisher":"https:\/\/www.facebook.com\/GibbsNorge","article_modified_time":"2023-10-07T19:19:30+00:00","og_image":[{"url":"https:\/\/www.gibbs.no\/wp-content\/uploads\/2023\/10\/dognbasert.png"}],"twitter_card":"summary_large_image","twitter_misc":{"Est. reading time":"1 minute"},"schema":{"@context":"https:\/\/schema.org","@graph":[{"@type":"WebPage","@id":"https:\/\/www.gibbs.no\/funksjoner\/dognbasert-utleie\/","url":"https:\/\/www.gibbs.no\/funksjoner\/dognbasert-utleie\/","name":"D\u00f8gnbasert utleie - Gibbs.no - Bookingsystem","isPartOf":{"@id":"https:\/\/www.gibbs.no\/#website"},"datePublished":"2023-10-01T19:16:26+00:00","dateModified":"2023-10-07T19:19:30+00:00","breadcrumb":{"@id":"https:\/\/www.gibbs.no\/funksjoner\/dognbasert-utleie\/#breadcrumb"},"inLanguage":"da-DK","potentialAction":[{"@type":"ReadAction","target":["https:\/\/www.gibbs.no\/funksjoner\/dognbasert-utleie\/"]}]},{"@type":"BreadcrumbList","@id":"https:\/\/www.gibbs.no\/funksjoner\/dognbasert-utleie\/#breadcrumb","itemListElement":[{"@type":"ListItem","position":1,"name":"Home","item":"https:\/\/www.gibbs.no\/"},{"@type":"ListItem","position":2,"name":"Funksjoner","item":"https:\/\/www.gibbs.no\/funksjoner\/"},{"@type":"ListItem","position":3,"name":"D\u00f8gnbasert utleie"}]},{"@type":"WebSite","@id":"https:\/\/www.gibbs.no\/#website","url":"https:\/\/www.gibbs.no\/","name":"Gibbs.no","description":"Bookingsystem - 1.Book 2.Betal 3.\u00c5pne","publisher":{"@id":"https:\/\/www.gibbs.no\/#organization"},"potentialAction":[{"@type":"SearchAction","target":{"@type":"EntryPoint","urlTemplate":"https:\/\/www.gibbs.no\/?s={search_term_string}"},"query-input":"required name=search_term_string"}],"inLanguage":"da-DK"},{"@type":"Organization","@id":"https:\/\/www.gibbs.no\/#organization","name":"Gibbs AS","url":"https:\/\/www.gibbs.no\/","logo":{"@type":"ImageObject","inLanguage":"da-DK","@id":"https:\/\/www.gibbs.no\/#\/schema\/logo\/image\/","url":"https:\/\/www.gibbs.no\/wp-content\/uploads\/2023\/11\/Gibbs-bookingsystem-logo.png","contentUrl":"https:\/\/www.gibbs.no\/wp-content\/uploads\/2023\/11\/Gibbs-bookingsystem-logo.png","width":696,"height":696,"caption":"Gibbs AS"},"image":{"@id":"https:\/\/www.gibbs.no\/#\/schema\/logo\/image\/"},"sameAs":["https:\/\/www.facebook.com\/GibbsNorge","https:\/\/www.linkedin.com\/company\/gibbsnorge"]}]}},"uagb_featured_image_src":{"full":false,"thumbnail":false,"medium":false,"medium_large":false,"large":false,"1536x1536":false,"2048x2048":false,"trp-custom-language-flag":false,"post-thumbnail":false,"listeo-avatar":false,"listeo-blog-post":false,"listeo-blog-related-post":false,"listeo-post-thumb":false,"listeo-gallery":false,"listeo-listing-grid":false,"listeo_core-avatar":false,"listeo_core-preview":false,"woocommerce_thumbnail":false,"woocommerce_single":false,"woocommerce_gallery_thumbnail":false},"uagb_author_info":{"display_name":"Gibbs k","author_link":"https:\/\/www.gibbs.no\/da\/author\/kamil-gryga94gmail-com\/"},"uagb_comment_info":0,"uagb_excerpt":"D\u00f8gnbasert utleie egner seg til ulike typer utleieobjekter som hytter, grendehus, leiligheter, utstyr, biler og b\u00e5ter. Dette betyr at kundene kan leie utleieobjekter for enkeltd\u00f8gn eller flere sammenhengende dager. Det kan ogs\u00e5 legges til et minimum antall dager som kan leies og et maksimalt antall dager. Dette kan v\u00e6re nyttig for eksempel for en kort&hellip;","_links":{"self":[{"href":"https:\/\/www.gibbs.no\/da\/wp-json\/wp\/v2\/pages\/15704","targetHints":{"allow":["GET"]}}],"collection":[{"href":"https:\/\/www.gibbs.no\/da\/wp-json\/wp\/v2\/pages"}],"about":[{"href":"https:\/\/www.gibbs.no\/da\/wp-json\/wp\/v2\/types\/page"}],"author":[{"embeddable":true,"href":"https:\/\/www.gibbs.no\/da\/wp-json\/wp\/v2\/users\/1"}],"replies":[{"embeddable":true,"href":"https:\/\/www.gibbs.no\/da\/wp-json\/wp\/v2\/comments?post=15704"}],"version-history":[{"count":3,"href":"https:\/\/www.gibbs.no\/da\/wp-json\/wp\/v2\/pages\/15704\/revisions"}],"predecessor-version":[{"id":17017,"href":"https:\/\/www.gibbs.no\/da\/wp-json\/wp\/v2\/pages\/15704\/revisions\/17017"}],"up":[{"embeddable":true,"href":"https:\/\/www.gibbs.no\/da\/wp-json\/wp\/v2\/pages\/15567"}],"wp:attachment":[{"href":"https:\/\/www.gibbs.no\/da\/wp-json\/wp\/v2\/media?parent=15704"}],"curies":[{"name":"wp","href":"https:\/\/api.w.org\/{rel}","templated":true}]}}